{"id":6075,"date":"2025-09-01T14:02:28","date_gmt":"2025-09-01T12:02:28","guid":{"rendered":"https:\/\/smartersec.com\/?page_id=6075"},"modified":"2025-11-18T14:21:45","modified_gmt":"2025-11-18T13:21:45","slug":"patch-impact-analyzer","status":"publish","type":"page","link":"https:\/\/smartersec.com\/de\/patch-impact-analyzer\/","title":{"rendered":"Patch Impact Analyzer"},"content":{"rendered":"<div id=\"keyvisualblock_cf0356ffd2639dfb01df0cc8eff0e983\" class=\"block__keyvisual -detect-in-viewport\">\n\n    <div class=\"keyvisual__background\">\n        <img decoding=\"async\" width=\"1835\" height=\"882\" src=\"https:\/\/smartersec.com\/wp-content\/uploads\/2024\/11\/smarterSec-Security-Platform-video_picture-1.png\" class=\"attachment-fullscreen_16_9 size-fullscreen_16_9\" alt=\"\" srcset=\"https:\/\/smartersec.com\/wp-content\/uploads\/2024\/11\/smarterSec-Security-Platform-video_picture-1.png 1835w, https:\/\/smartersec.com\/wp-content\/uploads\/2024\/11\/smarterSec-Security-Platform-video_picture-1-300x144.png 300w, https:\/\/smartersec.com\/wp-content\/uploads\/2024\/11\/smarterSec-Security-Platform-video_picture-1-1024x492.png 1024w, https:\/\/smartersec.com\/wp-content\/uploads\/2024\/11\/smarterSec-Security-Platform-video_picture-1-768x369.png 768w, https:\/\/smartersec.com\/wp-content\/uploads\/2024\/11\/smarterSec-Security-Platform-video_picture-1-1536x738.png 1536w\" sizes=\"(max-width: 1835px) 100vw, 1835px\" \/>                                                <video class=\"keyvisual__background__video\" src=\"https:\/\/smartersec.com\/wp-content\/uploads\/2024\/03\/smarterSec-Security-Platform.mp4\" preload autoplay muted loop playsinline><\/video>\n                        <\/div>\n\n    <div class=\"keyvisual__wrapper\">\n        <div class=\"container-lg\">\n            <div class=\"row\">\n                <div class=\"keyvisual__col\">\n                    <div class=\"keyvisual__content__wrapper\">\n                        <div class=\"keyvisual__content\">\n                                                            \n\n<div id=\"block__teaser\" class=\"block__teaser block__teaser--default\" style=\"background-color: \">\n    <div class=\"block__teaser__wrapper\">\n        <div class=\"block__teaser__inner\">\n            \n            \n            \n            <div class=\"block__teaser__content\">\n                                    \n\n<h1 class=\"wp-block-heading\">smarterSec Patch Impact Analyzer<\/h1>\n\n\n\n<p>Der intelligente Weg zu einem etablierten Prozess f\u00fcr das Management von SAP Security Patches<\/p>\n\n                            <\/div>\n\n                    \n        <\/div>\n    <\/div>\n<\/div>\n                                                    <\/div>\n                    <\/div>\n                <\/div>\n            <\/div>\n        <\/div>\n        \n    <\/div>\n\n<\/div>\n\n\n<div class=\"wp-block-group\"><div class=\"wp-block-group__inner-container is-layout-constrained wp-block-group-is-layout-constrained\">\n<h2 class=\"wp-block-heading has-blue-deep-color has-text-color has-link-color wp-elements-ba49a44b67491fccf328a622bb8b1519\">Was ist der Patch Impact Analyzer?<\/h2>\n\n\n\n<p class=\"has-large-font-size\">Der smarterSec Patch Impact Analyzer f\u00fchrt f\u00fcr jede neue <strong>SAP Security Note<\/strong> eine eingehende Analyse durch und ermittelt damit die <strong>potenziellen Auswirkungen<\/strong> einer Korrektur im ABAP-Quellcode und letztlich <strong>auf Ihr SAP-System<\/strong>.<\/p>\n\n\n\n<p class=\"has-large-font-size\">Dies unterst\u00fctzt und vereinfacht den Prozess des Patch-Managements f\u00fcr unsere Kunden erheblich, wodurch sich der <strong>Testaufwand reduziert und Zeit gespart<\/strong> wird.<\/p>\n\n\n\n<div id=\"block__teaser\" class=\"block__teaser block__teaser--default block__teaser--has-bg-color\" style=\"background-color: #d9e2ea\">\n    <div class=\"block__teaser__wrapper\">\n        <div class=\"block__teaser__inner\">\n            \n            \n            \n            <div class=\"block__teaser__content\">\n                                    \n\n<p class=\"has-large-font-size\"><strong>Hinweis:<\/strong> Der smarterSec Patch Impact Analyzer ist mit allen SAP-Systemen kompatibel, die auf SAP NetWeaver AS ABAP basieren (SAP ECC 6.0, SAP S\/4HANA usw.).<\/p>\n\n                            <\/div>\n\n                    \n        <\/div>\n    <\/div>\n<\/div><\/div><\/div>\n\n\n\n<div class=\"wp-block-group\"><div class=\"wp-block-group__inner-container is-layout-constrained wp-block-group-is-layout-constrained\">\n<h2 class=\"wp-block-heading has-blue-deep-color has-text-color has-link-color wp-elements-5edccab197358891cf3d419d4307ac47\">Die Herausforderungen beim Patchen<\/h2>\n\n\n\n<p class=\"has-large-font-size\">Obwohl eine zeitnahe Implementierung der SAP Security Notes dringend empfohlen wird, f\u00e4llt es vielen SAP-Kunden schwer, dieser Empfehlung nachzukommen. Dies ist vor allem auf folgende Probleme zur\u00fcckzuf\u00fchren:<\/p>\n\n\n\n<div class=\"wp-block-columns is-layout-flex wp-container-core-columns-is-layout-9d6595d7 wp-block-columns-is-layout-flex\">\n<div class=\"wp-block-column is-layout-flow wp-block-column-is-layout-flow\">\n<div id=\"block__teaser\" class=\"block__teaser block__teaser--default block__teaser--has-bg-color\" style=\"background-color: #d9e2ea\">\n    <div class=\"block__teaser__wrapper\">\n        <div class=\"block__teaser__inner\">\n            \n            \n            \n            <div class=\"block__teaser__content\">\n                                    \n\n<h3 class=\"wp-block-heading\">Komplexe SAP Landschaft<\/h3>\n\n\n\n<p class=\"has-large-font-size\">SAP-Systeme sind oft stark individualisiert mit zahlreichen Modulen, Schnittstellen und Add-ons. Schon ein kleiner Patch kann unerwartete Folgen haben und gesch\u00e4ftskritische Prozesse beeintr\u00e4chtigen.<\/p>\n\n                            <\/div>\n\n                    \n        <\/div>\n    <\/div>\n<\/div><\/div>\n\n\n\n<div class=\"wp-block-column is-layout-flow wp-block-column-is-layout-flow\">\n<div id=\"block__teaser\" class=\"block__teaser block__teaser--default block__teaser--has-bg-color\" style=\"background-color: #d9e2ea\">\n    <div class=\"block__teaser__wrapper\">\n        <div class=\"block__teaser__inner\">\n            \n            \n            \n            <div class=\"block__teaser__content\">\n                                    \n\n<h3 class=\"wp-block-heading\">Ausfallzeiten &amp; Testaufwand<\/h3>\n\n\n\n<p class=\"has-large-font-size\">Da jeder Patch intensiv auf dessen Auswirkungen getestet werden muss, f\u00fcrchten Fachbereiche Unterbrechungen im Betrieb \u2013 oft mit der Folge, dass Sicherheitsupdates verz\u00f6gert oder ganz ausgelassen werden.<\/p>\n\n                            <\/div>\n\n                    \n        <\/div>\n    <\/div>\n<\/div><\/div>\n\n\n\n<div class=\"wp-block-column is-layout-flow wp-block-column-is-layout-flow\">\n<div id=\"block__teaser\" class=\"block__teaser block__teaser--default block__teaser--has-bg-color\" style=\"background-color: #d9e2ea\">\n    <div class=\"block__teaser__wrapper\">\n        <div class=\"block__teaser__inner\">\n            \n            \n            \n            <div class=\"block__teaser__content\">\n                                    \n\n<h3 class=\"wp-block-heading\">Sicherheit vs Stabilit\u00e4t<\/h3>\n\n\n\n<p class=\"has-large-font-size\">Unklare Auswirkungen von SAP Security Notes f\u00fchren zu einem gef\u00e4hrlichen Spagat zwischen Sicherheit und Stabilit\u00e4t. Vernachl\u00e4ssigte Komponenten bleiben oft ungepatcht und bieten eine vergr\u00f6\u00dferte Angriffsfl\u00e4chen.<\/p>\n\n                            <\/div>\n\n                    \n        <\/div>\n    <\/div>\n<\/div><\/div>\n<\/div>\n<\/div><\/div>\n\n\n\n<div class=\"wp-block-group\"><div class=\"wp-block-group__inner-container is-layout-constrained wp-block-group-is-layout-constrained\">\n<h2 class=\"wp-block-heading has-blue-deep-color has-text-color has-link-color wp-elements-959e489634a78f2e97b334e1dc4748ac\">L\u00f6sungsprozess<\/h2>\n\n\n\n<p class=\"has-large-font-size\">Um diesen Herausforderungen zu begegnen, haben wir den smarterSec Patch Impact Analyzer entwickelt. Der Prozess gliedert sich in folgende Schritte:<\/p>\n\n\n<div class=\"wp-block-image\">\n<figure class=\"aligncenter size-large\"><img decoding=\"async\" width=\"1024\" height=\"465\" src=\"https:\/\/smartersec.com\/wp-content\/uploads\/2025\/09\/Patch-Impact-Analyzer_DE-1024x465.png\" alt=\"\" class=\"wp-image-6091\" srcset=\"https:\/\/smartersec.com\/wp-content\/uploads\/2025\/09\/Patch-Impact-Analyzer_DE-1024x465.png 1024w, https:\/\/smartersec.com\/wp-content\/uploads\/2025\/09\/Patch-Impact-Analyzer_DE-300x136.png 300w, https:\/\/smartersec.com\/wp-content\/uploads\/2025\/09\/Patch-Impact-Analyzer_DE-768x349.png 768w, https:\/\/smartersec.com\/wp-content\/uploads\/2025\/09\/Patch-Impact-Analyzer_DE-1536x697.png 1536w, https:\/\/smartersec.com\/wp-content\/uploads\/2025\/09\/Patch-Impact-Analyzer_DE-2048x930.png 2048w, https:\/\/smartersec.com\/wp-content\/uploads\/2025\/09\/Patch-Impact-Analyzer_DE-1920x871.png 1920w\" sizes=\"(max-width: 1024px) 100vw, 1024px\" \/><figcaption class=\"wp-element-caption\">Prozess des Patch Impact Analyzers<\/figcaption><\/figure>\n<\/div>\n\n\n<div id=\"block__teaser\" class=\"block__teaser block__teaser--default block__teaser--has-bg-color\" style=\"background-color: #d9e2ea\">\n    <div class=\"block__teaser__wrapper\">\n        <div class=\"block__teaser__inner\">\n            \n            \n            \n            <div class=\"block__teaser__content\">\n                                    \n\n<h2 class=\"wp-block-heading has-blue-deep-color has-text-color has-link-color wp-elements-76303d7185a2c1538e37d47616899a12\">Deine Vorteile auf einen Blick<\/h2>\n\n\n\n<ul class=\"wp-block-list\">\n<li class=\"has-large-font-size\">Fortlaufender und bew\u00e4hrter SAP Security Patch-Management-Prozess<\/li>\n\n\n\n<li class=\"has-large-font-size\">Auswirkungen auf das SAP-System sind bekannt und werden ber\u00fccksichtigt<\/li>\n\n\n\n<li class=\"has-large-font-size\">Schnelle und einfache Analyse Ihres SAP-Systems<\/li>\n\n\n\n<li class=\"has-large-font-size\">Keine Installation auf Ihrem SAP-System erforderlich<\/li>\n\n\n\n<li class=\"has-large-font-size\">Umfassende&nbsp;<a href=\"https:\/\/smartersec.com\/de\/managed-security-service-fuer-die-smartersec-security-platform\/\" target=\"_blank\" rel=\"noreferrer noopener\">SAP-Security-Expertise als Dienstleistung<\/a><\/li>\n\n\n\n<li class=\"has-large-font-size\">Sicherheit und Compliance werden mithilfe der <a href=\"https:\/\/smartersec.com\/de\/smartersec-security-platform\/\" target=\"_blank\" rel=\"noopener\" title=\"\">smarterSec Security Platform (SSP)<\/a> \u00fcberwacht<\/li>\n<\/ul>\n\n                            <\/div>\n\n                    \n        <\/div>\n    <\/div>\n<\/div><\/div><\/div>\n\n\n\n<div class=\"wp-block-group\"><div class=\"wp-block-group__inner-container is-layout-constrained wp-block-group-is-layout-constrained\">\n<div id=\"block__teaser\" class=\"block__teaser block__teaser--default block__teaser--has-bg-color\" style=\"background-color: #d5dfe8\">\n    <div class=\"block__teaser__wrapper\">\n        <div class=\"block__teaser__inner\">\n            \n            \n                            \n<div class=\"block__icon__wrapper block__icon__wrapper--center\" style=\"color: #004988\">\n    <?xml version=\"1.0\" encoding=\"utf-8\"?>\r\n<!-- Generator: Adobe Illustrator 17.1.0, SVG Export Plug-In . SVG Version: 6.00 Build 0)  -->\r\n<!DOCTYPE svg PUBLIC \"-\/\/W3C\/\/DTD SVG 1.1\/\/EN\" \"http:\/\/www.w3.org\/Graphics\/SVG\/1.1\/DTD\/svg11.dtd\">\r\n<svg version=\"1.1\" id=\"Layer_1\" xmlns=\"http:\/\/www.w3.org\/2000\/svg\" xmlns:xlink=\"http:\/\/www.w3.org\/1999\/xlink\" x=\"0px\" y=\"0px\"\r\n\t width=\"64px\" height=\"64px\" viewBox=\"0 0 64 64\" enable-background=\"new 0 0 64 64\" xml:space=\"preserve\">\r\n<g>\r\n\t\r\n\t\t<rect x=\"11\" y=\"13\" fill=\"none\" stroke=\"currentColor\" stroke-width=\"2\" stroke-linecap=\"round\" stroke-linejoin=\"round\" stroke-miterlimit=\"10\" width=\"42\" height=\"29\"\/>\r\n\t<path fill=\"none\" stroke=\"currentColor\" stroke-width=\"2\" stroke-linecap=\"round\" stroke-linejoin=\"round\" stroke-miterlimit=\"10\" d=\"\r\n\t\tM28.3,21l9.7,6.6c0.2,0.1,0.2,0.4,0,0.6l-9.7,6.6c-0.2,0.1-0.4,0-0.4-0.3V21.2C27.9,21,28.1,20.8,28.3,21z\"\/>\r\n\t\r\n\t\t<line fill=\"none\" stroke=\"currentColor\" stroke-width=\"2\" stroke-linecap=\"round\" stroke-linejoin=\"round\" stroke-miterlimit=\"10\" x1=\"11\" y1=\"48\" x2=\"22\" y2=\"48\"\/>\r\n\t\r\n\t\t<line fill=\"none\" stroke=\"currentColor\" stroke-width=\"2\" stroke-linecap=\"round\" stroke-linejoin=\"round\" stroke-miterlimit=\"10\" x1=\"30\" y1=\"48\" x2=\"53\" y2=\"48\"\/>\r\n\t\r\n\t\t<line fill=\"none\" stroke=\"currentColor\" stroke-width=\"2\" stroke-linecap=\"round\" stroke-linejoin=\"round\" stroke-miterlimit=\"10\" x1=\"26\" y1=\"45\" x2=\"26\" y2=\"51\"\/>\r\n<\/g>\r\n<g>\r\n\t\r\n\t\t<rect x=\"11\" y=\"13\" fill=\"none\" stroke=\"currentColor\" stroke-width=\"2\" stroke-linecap=\"round\" stroke-linejoin=\"round\" stroke-miterlimit=\"10\" width=\"42\" height=\"29\"\/>\r\n\t<path fill=\"none\" stroke=\"currentColor\" stroke-width=\"2\" stroke-linecap=\"round\" stroke-linejoin=\"round\" stroke-miterlimit=\"10\" d=\"\r\n\t\tM28.3,21l9.7,6.6c0.2,0.1,0.2,0.4,0,0.6l-9.7,6.6c-0.2,0.1-0.4,0-0.4-0.3V21.2C27.9,21,28.1,20.8,28.3,21z\"\/>\r\n\t\r\n\t\t<line fill=\"none\" stroke=\"currentColor\" stroke-width=\"2\" stroke-linecap=\"round\" stroke-linejoin=\"round\" stroke-miterlimit=\"10\" x1=\"11\" y1=\"48\" x2=\"22\" y2=\"48\"\/>\r\n\t\r\n\t\t<line fill=\"none\" stroke=\"currentColor\" stroke-width=\"2\" stroke-linecap=\"round\" stroke-linejoin=\"round\" stroke-miterlimit=\"10\" x1=\"30\" y1=\"48\" x2=\"53\" y2=\"48\"\/>\r\n\t\r\n\t\t<line fill=\"none\" stroke=\"currentColor\" stroke-width=\"2\" stroke-linecap=\"round\" stroke-linejoin=\"round\" stroke-miterlimit=\"10\" x1=\"26\" y1=\"45\" x2=\"26\" y2=\"51\"\/>\r\n<\/g>\r\n<\/svg>\r\n<\/div>            \n            <div class=\"block__teaser__content\">\n                                    \n\n<p class=\"has-text-align-center has-large-font-size\">Sie m\u00f6chten sich einen vollst\u00e4ndigen \u00dcberblick \u00fcber alle Leistungen und Funktionalit\u00e4ten verschaffen? Dann fordern Sie noch heute Ihre<strong> kostenlose Live-Demo<\/strong> an!<\/p>\n\n                            <\/div>\n\n                            <div class=\"block__teaser__link\">\n                    <a href=\"https:\/\/smartersec.com\/kontakt\" target=\"\">\n                                                    Demo anfragen                                            <\/a>\n                <\/div>\n                    \n        <\/div>\n    <\/div>\n<\/div>\n\n\n<p><strong>Verwandte Themen: <\/strong><a href=\"https:\/\/smartersec.com\/de\/sap-security-risk-assessment\/\" target=\"_blank\" rel=\"noopener\" title=\"\">SAP Security Risk Assessment<\/a> \/\/ <a href=\"https:\/\/smartersec.com\/de\/rise-geteilte-verantwortungen\/\" target=\"_blank\" rel=\"noopener\" title=\"\">RISE with SAP \u2013 Warum es nicht ausreichend ist<\/a><\/p>\n\n\n<div id=\"responsive-embedblock_8bda10f1920d6049e36b18f9a6275570\" class=\"block__responsive-embed aligncenter -detect-in-viewport\">\n    <div class=\"block__responsive-embed__ratio ratio ratio-16x9\">\n                     <div class=\"brlbs-cmpnt-container brlbs-cmpnt-content-blocker brlbs-cmpnt-with-individual-styles\" data-borlabs-cookie-content-blocker-id=\"youtube-content-blocker\" data-borlabs-cookie-content=\"PGlmcmFtZSB3aWR0aD0iNTYwIiBoZWlnaHQ9IjMxNSIgc3JjPSJodHRwczovL3d3dy55b3V0dWJlLW5vY29va2llLmNvbS9lbWJlZC84ejhiMXdTZExUOD9zaT1VdVc5NFVFbkRzU0dLVTlCIiB0aXRsZT0iWW91VHViZSB2aWRlbyBwbGF5ZXIiIGZyYW1lYm9yZGVyPSIwIiBhbGxvdz0iYWNjZWxlcm9tZXRlcjsgYXV0b3BsYXk7IGNsaXBib2FyZC13cml0ZTsgZW5jcnlwdGVkLW1lZGlhOyBneXJvc2NvcGU7IHBpY3R1cmUtaW4tcGljdHVyZTsgd2ViLXNoYXJlIiByZWZlcnJlcnBvbGljeT0ic3RyaWN0LW9yaWdpbi13aGVuLWNyb3NzLW9yaWdpbiIgYWxsb3dmdWxsc2NyZWVuPjwvaWZyYW1lPg==\"><div class=\"brlbs-cmpnt-cb-preset-c brlbs-cmpnt-cb-youtube\"> <div class=\"brlbs-cmpnt-cb-thumbnail\" style=\"background-image: url('https:\/\/smartersec.com\/wp-content\/uploads\/borlabs-cookie\/1\/yt_8z8b1wSdLT8_hqdefault.jpg')\"><\/div> <div class=\"brlbs-cmpnt-cb-main\"> <div class=\"brlbs-cmpnt-cb-play-button\"><\/div> <div class=\"brlbs-cmpnt-cb-content\"> <p class=\"brlbs-cmpnt-cb-description\">Sie sehen gerade einen Platzhalterinhalt von <strong>YouTube<\/strong>. Um auf den eigentlichen Inhalt zuzugreifen, klicken Sie auf die Schaltfl\u00e4che unten. Bitte beachten Sie, dass dabei Daten an Drittanbieter weitergegeben werden.<\/p> <a class=\"brlbs-cmpnt-cb-provider-toggle\" href=\"#\" data-borlabs-cookie-show-provider-information role=\"button\">Mehr Informationen<\/a> <\/div> <div class=\"brlbs-cmpnt-cb-buttons\"> <a class=\"brlbs-cmpnt-cb-btn\" href=\"#\" data-borlabs-cookie-unblock role=\"button\">Inhalt entsperren<\/a> <a class=\"brlbs-cmpnt-cb-btn\" href=\"#\" data-borlabs-cookie-accept-service role=\"button\" style=\"display: inherit\">Erforderlichen Service akzeptieren und Inhalte entsperren<\/a> <\/div> <\/div> <\/div><\/div>            <\/div>\n\n        \n<\/div>\n\n\n<div id=\"spacerblock_ff016f561526aa0354b5fbeeb148ba37\" class=\"block__spacer -detect-in-viewport block__spacer--medium\"><\/div><\/div><\/div>\n","protected":false},"excerpt":{"rendered":"<p>Was ist der Patch Impact Analyzer? Der smarterSec Patch Impact Analyzer f\u00fchrt f\u00fcr jede neue SAP Security Note eine eingehende Analyse durch und ermittelt damit die potenziellen Auswirkungen einer Korrektur im ABAP-Quellcode und letztlich auf Ihr SAP-System. Dies unterst\u00fctzt und vereinfacht den Prozess des Patch-Managements f\u00fcr unsere Kunden erheblich, wodurch sich der Testaufwand reduziert und [&hellip;]<\/p>\n","protected":false},"author":5,"featured_media":0,"parent":0,"menu_order":0,"comment_status":"closed","ping_status":"closed","template":"","meta":{"footnotes":""},"class_list":["post-6075","page","type-page","status-publish","hentry"],"aioseo_notices":[],"acf":[],"_links":{"self":[{"href":"https:\/\/smartersec.com\/de\/wp-json\/wp\/v2\/pages\/6075","targetHints":{"allow":["GET"]}}],"collection":[{"href":"https:\/\/smartersec.com\/de\/wp-json\/wp\/v2\/pages"}],"about":[{"href":"https:\/\/smartersec.com\/de\/wp-json\/wp\/v2\/types\/page"}],"author":[{"embeddable":true,"href":"https:\/\/smartersec.com\/de\/wp-json\/wp\/v2\/users\/5"}],"replies":[{"embeddable":true,"href":"https:\/\/smartersec.com\/de\/wp-json\/wp\/v2\/comments?post=6075"}],"version-history":[{"count":9,"href":"https:\/\/smartersec.com\/de\/wp-json\/wp\/v2\/pages\/6075\/revisions"}],"predecessor-version":[{"id":6297,"href":"https:\/\/smartersec.com\/de\/wp-json\/wp\/v2\/pages\/6075\/revisions\/6297"}],"wp:attachment":[{"href":"https:\/\/smartersec.com\/de\/wp-json\/wp\/v2\/media?parent=6075"}],"curies":[{"name":"wp","href":"https:\/\/api.w.org\/{rel}","templated":true}]}}