{"id":5623,"date":"2025-08-25T09:00:00","date_gmt":"2025-08-25T07:00:00","guid":{"rendered":"https:\/\/smartersec.com\/?page_id=5623"},"modified":"2025-11-18T11:39:12","modified_gmt":"2025-11-18T10:39:12","slug":"ilm-deletion-matrix-tool","status":"publish","type":"page","link":"https:\/\/smartersec.com\/de\/ilm-deletion-matrix-tool\/","title":{"rendered":"ILM-L\u00f6schmatrix Tool"},"content":{"rendered":"<div id=\"keyvisualblock_bd029494f409afa5fd757ed0dadb13a8\" class=\"block__keyvisual -detect-in-viewport\">\n\n    <div class=\"keyvisual__background\">\n        <img decoding=\"async\" width=\"1280\" height=\"720\" src=\"https:\/\/smartersec.com\/wp-content\/uploads\/2021\/08\/smarterSec-keyvisual-poster.jpg\" class=\"attachment-fullscreen_16_9 size-fullscreen_16_9\" alt=\"\" srcset=\"https:\/\/smartersec.com\/wp-content\/uploads\/2021\/08\/smarterSec-keyvisual-poster.jpg 1280w, https:\/\/smartersec.com\/wp-content\/uploads\/2021\/08\/smarterSec-keyvisual-poster-300x169.jpg 300w, https:\/\/smartersec.com\/wp-content\/uploads\/2021\/08\/smarterSec-keyvisual-poster-1024x576.jpg 1024w, https:\/\/smartersec.com\/wp-content\/uploads\/2021\/08\/smarterSec-keyvisual-poster-768x432.jpg 768w, https:\/\/smartersec.com\/wp-content\/uploads\/2021\/08\/smarterSec-keyvisual-poster-738x416.jpg 738w\" sizes=\"(max-width: 1280px) 100vw, 1280px\" \/>                                                <video class=\"keyvisual__background__video\" src=\"https:\/\/smartersec.com\/wp-content\/uploads\/2021\/08\/smarterSec-managed-security-service-provider-for-sap.mp4\" preload autoplay muted loop playsinline><\/video>\n                        <\/div>\n\n    <div class=\"keyvisual__wrapper\">\n        <div class=\"container-lg\">\n            <div class=\"row\">\n                <div class=\"keyvisual__col\">\n                    <div class=\"keyvisual__content__wrapper\">\n                        <div class=\"keyvisual__content\">\n                                                            \n\n<h1 class=\"wp-block-heading\">smarterSec ILM-L\u00f6schmatrix Tool<\/h1>\n\n\n\n<p>Tool f\u00fcr DSGVO-Transparenz in SAP<\/p>\n\n                                                    <\/div>\n                    <\/div>\n                <\/div>\n            <\/div>\n        <\/div>\n        \n    <\/div>\n\n<\/div>\n\n\n<div class=\"wp-block-group\"><div class=\"wp-block-group__inner-container is-layout-constrained wp-block-group-is-layout-constrained\">\n<h2 class=\"wp-block-heading has-blue-deep-color has-text-color has-link-color wp-elements-100b2fee1da743736f061cbd60d2e2ef\">Was ist das ILM-L\u00f6schmatrix Tool?<\/h2>\n\n\n\n<p class=\"has-large-font-size\">SAP Information Lifecycle Management (ILM) unterst\u00fctzt Unternehmen bei der Verwaltung von Daten gem\u00e4\u00df der Datenschutz-Grundverordnung (DSGVO), indem es die Dauer der Datenspeicherung kontrolliert und deren sichere L\u00f6schung gew\u00e4hrleistet.<\/p>\n\n\n\n<p class=\"has-large-font-size\">Mit dem smarterSec ILM-Deletion-Matrix-Tool k\u00f6nnen<strong> DSGVO-relevante Infotypen und Tabellen<\/strong> mit ihren ILM-Objekten und Aufbewahrungsfristen nach Mitarbeiterstatus <strong>extrahiert <\/strong>werden. Es gew\u00e4hrleistet eine <strong>konforme Datenverarbeitung<\/strong> und unterst\u00fctzt DSGVO-Audits und Governance.<\/p>\n<\/div><\/div>\n\n\n\n<div class=\"wp-block-group\"><div class=\"wp-block-group__inner-container is-layout-constrained wp-block-group-is-layout-constrained\">\n<h2 class=\"wp-block-heading has-blue-deep-color has-text-color has-link-color wp-elements-7f2e25e554b36749252ec9983d62bb05\">Die DSGVO Herausforderungen<\/h2>\n\n\n\n<div class=\"wp-block-columns is-layout-flex wp-container-core-columns-is-layout-9d6595d7 wp-block-columns-is-layout-flex\">\n<div class=\"wp-block-column is-layout-flow wp-block-column-is-layout-flow\">\n<div id=\"block__teaser\" class=\"block__teaser block__teaser--default block__teaser--has-bg-color\" style=\"background-color: #d9e2ea\">\n    <div class=\"block__teaser__wrapper\">\n        <div class=\"block__teaser__inner\">\n            \n            \n            \n            <div class=\"block__teaser__content\">\n                                    \n\n<h3 class=\"wp-block-heading\">Gro\u00dfe Datenmengen<\/h3>\n\n\n\n<p class=\"has-large-font-size\">Gem\u00e4\u00df der DSGVO sind Unternehmen dazu verpflichtet, Aufbewahrungsfristen und L\u00f6schregeln f\u00fcr meist erhebliche Mengen an personenbezogenen Daten zu verwalten.<\/p>\n\n                            <\/div>\n\n                    \n        <\/div>\n    <\/div>\n<\/div><\/div>\n\n\n\n<div class=\"wp-block-column is-layout-flow wp-block-column-is-layout-flow\">\n<div id=\"block__teaser\" class=\"block__teaser block__teaser--default block__teaser--has-bg-color\" style=\"background-color: #d9e2ea\">\n    <div class=\"block__teaser__wrapper\">\n        <div class=\"block__teaser__inner\">\n            \n            \n            \n            <div class=\"block__teaser__content\">\n                                    \n\n<h3 class=\"wp-block-heading\">Transparenz<\/h3>\n\n\n\n<p class=\"has-large-font-size\">SAP ILM stellt das Rahmenwerk bereit, jedoch ist die Transparenz hinsichtlich der betroffenen Infotypen, Tabellen und Objekte sowie der Unterschiede bei den Aufbewahrungsregeln je nach Mitarbeiterstatus oder Gesch\u00e4ftsprozess begrenzt.<\/p>\n\n                            <\/div>\n\n                    \n        <\/div>\n    <\/div>\n<\/div><\/div>\n\n\n\n<div class=\"wp-block-column is-layout-flow wp-block-column-is-layout-flow\">\n<div id=\"block__teaser\" class=\"block__teaser block__teaser--default block__teaser--has-bg-color\" style=\"background-color: #d9e2ea\">\n    <div class=\"block__teaser__wrapper\">\n        <div class=\"block__teaser__inner\">\n            \n            \n            \n            <div class=\"block__teaser__content\">\n                                    \n\n<h3 class=\"wp-block-heading\">Komplexe Audits<\/h3>\n\n\n\n<p class=\"has-large-font-size\">Auditoren und Compliance-Beauftragte sehen sich oft mit der Herausforderung konfrontiert, die ILM-Konfiguration auf eine Weise zu \u00fcberpr\u00fcfen, die sowohl klar als auch vertretbar ist.<\/p>\n\n                            <\/div>\n\n                    \n        <\/div>\n    <\/div>\n<\/div><\/div>\n<\/div>\n<\/div><\/div>\n\n\n\n<div class=\"wp-block-group\"><div class=\"wp-block-group__inner-container is-layout-constrained wp-block-group-is-layout-constrained\">\n<h2 class=\"wp-block-heading has-blue-deep-color has-text-color has-link-color wp-elements-959e489634a78f2e97b334e1dc4748ac\">L\u00f6sungsprozess<\/h2>\n\n\n\n<p class=\"has-large-font-size\">Um diesen Herausforderungen zu begegnen, haben wir das smarterSec ILM-L\u00f6schmatrix Tool entwickelt. Der Prozess gliedert sich in folgende Schritte:<\/p>\n\n\n<div class=\"wp-block-image\">\n<figure class=\"aligncenter size-large\"><img decoding=\"async\" width=\"1024\" height=\"461\" src=\"https:\/\/smartersec.com\/wp-content\/uploads\/2025\/11\/ILM-Loeschmatrix-Tool_DE-1-1024x461.png\" alt=\"Prozess des ILM-L\u00f6schmatrix Tools\" class=\"wp-image-6273\" srcset=\"https:\/\/smartersec.com\/wp-content\/uploads\/2025\/11\/ILM-Loeschmatrix-Tool_DE-1-1024x461.png 1024w, https:\/\/smartersec.com\/wp-content\/uploads\/2025\/11\/ILM-Loeschmatrix-Tool_DE-1-300x135.png 300w, https:\/\/smartersec.com\/wp-content\/uploads\/2025\/11\/ILM-Loeschmatrix-Tool_DE-1-768x346.png 768w, https:\/\/smartersec.com\/wp-content\/uploads\/2025\/11\/ILM-Loeschmatrix-Tool_DE-1-1536x692.png 1536w, https:\/\/smartersec.com\/wp-content\/uploads\/2025\/11\/ILM-Loeschmatrix-Tool_DE-1.png 1711w\" sizes=\"(max-width: 1024px) 100vw, 1024px\" \/><figcaption class=\"wp-element-caption\">Prozess des ILM-L\u00f6schmatrix Tools<\/figcaption><\/figure>\n<\/div>\n\n\n<div id=\"block__teaser\" class=\"block__teaser block__teaser--default block__teaser--has-bg-color\" style=\"background-color: #d9e2ea\">\n    <div class=\"block__teaser__wrapper\">\n        <div class=\"block__teaser__inner\">\n            \n            \n            \n            <div class=\"block__teaser__content\">\n                                    \n\n<h2 class=\"wp-block-heading has-blue-deep-color has-text-color has-link-color wp-elements-76303d7185a2c1538e37d47616899a12\">Deine Vorteile auf einen Blick<\/h2>\n\n\n\n<ul class=\"wp-block-list\">\n<li class=\"has-large-font-size\">Schnelle und einfache Analyse Ihres SAP-Systems<\/li>\n\n\n\n<li class=\"has-large-font-size\">Keine Installation auf Ihrem SAP-System erforderlich<\/li>\n\n\n\n<li class=\"has-large-font-size\">Umfassende <a href=\"https:\/\/smartersec.com\/de\/managed-security-service-fuer-die-smartersec-security-platform\/\" target=\"_blank\" rel=\"noopener\" title=\"\">SAP-Security-Expertise als Dienstleistung<\/a><\/li>\n\n\n\n<li class=\"has-large-font-size\">Strukturierte und wartungsf\u00e4hige ILM-Deletion-Matrix<\/li>\n\n\n\n<li class=\"has-large-font-size\">DSGVO-konform<\/li>\n\n\n\n<li class=\"has-large-font-size\">Sicherheitsrisiken werden kontinuierlich mithilfe der <a href=\"https:\/\/smartersec.com\/de\/smartersec-security-platform\/\" target=\"_blank\" rel=\"noopener\" title=\"\">smarterSec Security Platform (SSP)<\/a> minimiert<\/li>\n<\/ul>\n\n                            <\/div>\n\n                    \n        <\/div>\n    <\/div>\n<\/div><\/div><\/div>\n\n\n\n<div class=\"wp-block-group\"><div class=\"wp-block-group__inner-container is-layout-constrained wp-block-group-is-layout-constrained\">\n<div id=\"block__teaser\" class=\"block__teaser block__teaser--default block__teaser--has-bg-color\" style=\"background-color: #d5dfe8\">\n    <div class=\"block__teaser__wrapper\">\n        <div class=\"block__teaser__inner\">\n            \n            \n                            \n<div class=\"block__icon__wrapper block__icon__wrapper--center\" style=\"color: #004988\">\n    <?xml version=\"1.0\" encoding=\"utf-8\"?>\r\n<!-- Generator: Adobe Illustrator 17.1.0, SVG Export Plug-In . SVG Version: 6.00 Build 0)  -->\r\n<!DOCTYPE svg PUBLIC \"-\/\/W3C\/\/DTD SVG 1.1\/\/EN\" \"http:\/\/www.w3.org\/Graphics\/SVG\/1.1\/DTD\/svg11.dtd\">\r\n<svg version=\"1.1\" id=\"Layer_1\" xmlns=\"http:\/\/www.w3.org\/2000\/svg\" xmlns:xlink=\"http:\/\/www.w3.org\/1999\/xlink\" x=\"0px\" y=\"0px\"\r\n\t width=\"64px\" height=\"64px\" viewBox=\"0 0 64 64\" enable-background=\"new 0 0 64 64\" xml:space=\"preserve\">\r\n<g>\r\n\t\r\n\t\t<rect x=\"11\" y=\"13\" fill=\"none\" stroke=\"currentColor\" stroke-width=\"2\" stroke-linecap=\"round\" stroke-linejoin=\"round\" stroke-miterlimit=\"10\" width=\"42\" height=\"29\"\/>\r\n\t<path fill=\"none\" stroke=\"currentColor\" stroke-width=\"2\" stroke-linecap=\"round\" stroke-linejoin=\"round\" stroke-miterlimit=\"10\" d=\"\r\n\t\tM28.3,21l9.7,6.6c0.2,0.1,0.2,0.4,0,0.6l-9.7,6.6c-0.2,0.1-0.4,0-0.4-0.3V21.2C27.9,21,28.1,20.8,28.3,21z\"\/>\r\n\t\r\n\t\t<line fill=\"none\" stroke=\"currentColor\" stroke-width=\"2\" stroke-linecap=\"round\" stroke-linejoin=\"round\" stroke-miterlimit=\"10\" x1=\"11\" y1=\"48\" x2=\"22\" y2=\"48\"\/>\r\n\t\r\n\t\t<line fill=\"none\" stroke=\"currentColor\" stroke-width=\"2\" stroke-linecap=\"round\" stroke-linejoin=\"round\" stroke-miterlimit=\"10\" x1=\"30\" y1=\"48\" x2=\"53\" y2=\"48\"\/>\r\n\t\r\n\t\t<line fill=\"none\" stroke=\"currentColor\" stroke-width=\"2\" stroke-linecap=\"round\" stroke-linejoin=\"round\" stroke-miterlimit=\"10\" x1=\"26\" y1=\"45\" x2=\"26\" y2=\"51\"\/>\r\n<\/g>\r\n<g>\r\n\t\r\n\t\t<rect x=\"11\" y=\"13\" fill=\"none\" stroke=\"currentColor\" stroke-width=\"2\" stroke-linecap=\"round\" stroke-linejoin=\"round\" stroke-miterlimit=\"10\" width=\"42\" height=\"29\"\/>\r\n\t<path fill=\"none\" stroke=\"currentColor\" stroke-width=\"2\" stroke-linecap=\"round\" stroke-linejoin=\"round\" stroke-miterlimit=\"10\" d=\"\r\n\t\tM28.3,21l9.7,6.6c0.2,0.1,0.2,0.4,0,0.6l-9.7,6.6c-0.2,0.1-0.4,0-0.4-0.3V21.2C27.9,21,28.1,20.8,28.3,21z\"\/>\r\n\t\r\n\t\t<line fill=\"none\" stroke=\"currentColor\" stroke-width=\"2\" stroke-linecap=\"round\" stroke-linejoin=\"round\" stroke-miterlimit=\"10\" x1=\"11\" y1=\"48\" x2=\"22\" y2=\"48\"\/>\r\n\t\r\n\t\t<line fill=\"none\" stroke=\"currentColor\" stroke-width=\"2\" stroke-linecap=\"round\" stroke-linejoin=\"round\" stroke-miterlimit=\"10\" x1=\"30\" y1=\"48\" x2=\"53\" y2=\"48\"\/>\r\n\t\r\n\t\t<line fill=\"none\" stroke=\"currentColor\" stroke-width=\"2\" stroke-linecap=\"round\" stroke-linejoin=\"round\" stroke-miterlimit=\"10\" x1=\"26\" y1=\"45\" x2=\"26\" y2=\"51\"\/>\r\n<\/g>\r\n<\/svg>\r\n<\/div>            \n            <div class=\"block__teaser__content\">\n                                    \n\n<p class=\"has-text-align-center has-large-font-size\">Sie m\u00f6chten sich einen vollst\u00e4ndigen \u00dcberblick \u00fcber alle Leistungen und Funktionalit\u00e4ten verschaffen? Dann fordern Sie noch heute Ihre<strong> kostenlose Live-Demo<\/strong> an!<\/p>\n\n                            <\/div>\n\n                            <div class=\"block__teaser__link\">\n                    <a href=\"https:\/\/smartersec.com\/kontakt\" target=\"\">\n                                                    Demo anfragen                                            <\/a>\n                <\/div>\n                    \n        <\/div>\n    <\/div>\n<\/div>\n\n\n<p><strong>Verwandte Themen: <\/strong><a href=\"https:\/\/smartersec.com\/de\/sap-dsgvo-assessment\/\" target=\"_blank\" rel=\"noopener\" title=\"\">SAP DSGVO Assessment<\/a> \/\/ <a href=\"https:\/\/smartersec.com\/de\/rise-geteilte-verantwortungen\/\" target=\"_blank\" rel=\"noopener\" title=\"\">SAP Add-On Zertifizierung<\/a> \/\/ <a href=\"https:\/\/smartersec.com\/de\/rise-geteilte-verantwortungen\/\" target=\"_blank\" rel=\"noopener\" title=\"\">RISE with SAP \u2013 Warum es nicht ausreichend ist<\/a><\/p>\n\n\n<div id=\"responsive-embedblock_384d833405c185ec83eeebe2a5e668e8\" class=\"block__responsive-embed aligncenter -detect-in-viewport\">\n    <div class=\"block__responsive-embed__ratio ratio ratio-16x9\">\n                     <div class=\"brlbs-cmpnt-container brlbs-cmpnt-content-blocker brlbs-cmpnt-with-individual-styles\" data-borlabs-cookie-content-blocker-id=\"youtube-content-blocker\" data-borlabs-cookie-content=\"PGlmcmFtZSB3aWR0aD0iNTYwIiBoZWlnaHQ9IjMxNSIgc3JjPSJodHRwczovL3d3dy55b3V0dWJlLW5vY29va2llLmNvbS9lbWJlZC9iYlpta3p0ZElzMD9zaT1pLWIzNER5bjFxWG9yZHNLIiB0aXRsZT0iWW91VHViZSB2aWRlbyBwbGF5ZXIiIGZyYW1lYm9yZGVyPSIwIiBhbGxvdz0iYWNjZWxlcm9tZXRlcjsgYXV0b3BsYXk7IGNsaXBib2FyZC13cml0ZTsgZW5jcnlwdGVkLW1lZGlhOyBneXJvc2NvcGU7IHBpY3R1cmUtaW4tcGljdHVyZTsgd2ViLXNoYXJlIiByZWZlcnJlcnBvbGljeT0ic3RyaWN0LW9yaWdpbi13aGVuLWNyb3NzLW9yaWdpbiIgYWxsb3dmdWxsc2NyZWVuPjwvaWZyYW1lPg==\"><div class=\"brlbs-cmpnt-cb-preset-c brlbs-cmpnt-cb-youtube\"> <div class=\"brlbs-cmpnt-cb-thumbnail\" style=\"background-image: url('https:\/\/smartersec.com\/wp-content\/uploads\/borlabs-cookie\/1\/yt_bbZmkztdIs0_hqdefault.jpg')\"><\/div> <div class=\"brlbs-cmpnt-cb-main\"> <div class=\"brlbs-cmpnt-cb-play-button\"><\/div> <div class=\"brlbs-cmpnt-cb-content\"> <p class=\"brlbs-cmpnt-cb-description\">Sie sehen gerade einen Platzhalterinhalt von <strong>YouTube<\/strong>. Um auf den eigentlichen Inhalt zuzugreifen, klicken Sie auf die Schaltfl\u00e4che unten. Bitte beachten Sie, dass dabei Daten an Drittanbieter weitergegeben werden.<\/p> <a class=\"brlbs-cmpnt-cb-provider-toggle\" href=\"#\" data-borlabs-cookie-show-provider-information role=\"button\">Mehr Informationen<\/a> <\/div> <div class=\"brlbs-cmpnt-cb-buttons\"> <a class=\"brlbs-cmpnt-cb-btn\" href=\"#\" data-borlabs-cookie-unblock role=\"button\">Inhalt entsperren<\/a> <a class=\"brlbs-cmpnt-cb-btn\" href=\"#\" data-borlabs-cookie-accept-service role=\"button\" style=\"display: inherit\">Erforderlichen Service akzeptieren und Inhalte entsperren<\/a> <\/div> <\/div> <\/div><\/div>            <\/div>\n\n        \n<\/div><\/div><\/div>\n\n\n\n<div id=\"kontakt\" class=\"wp-block-group has-blue-light-background-color has-background\"><div class=\"wp-block-group__inner-container is-layout-flow wp-block-group-is-layout-flow\">\n<h2 class=\"wp-block-heading\">Kontakt<\/h2>\n\n\n\n<div class=\"wp-block-columns is-layout-flex wp-container-core-columns-is-layout-9d6595d7 wp-block-columns-is-layout-flex\">\n<div class=\"wp-block-column is-layout-flow wp-block-column-is-layout-flow\">\n<p><strong>smarterSec GmbH<\/strong><br>Managed Security Service Provider f\u00fcr SAP\u00ae<br><br>Albert-Nestler-Str. 21, 76131 Karlsruhe<br>Deutschland<br><br><a href=\"tel:00497211608000\">+49 (0) 721 160 800-0<\/a><br><a href=\"mailto:info@smartersec.com\">info@smartersec.com<\/a><br><\/p>\n<\/div>\n\n\n\n<div class=\"wp-block-column is-layout-flow wp-block-column-is-layout-flow\">\n<p><strong>Folgen Sie uns auf Social Media<\/strong><\/p>\n\n\n<div id=\"social-media-pagesblock_9d5cc9b13d295181060119046fe66619\" class=\"block__social-media-pages -detect-in-viewport\">\n\n    <div class=\"block__social-media-pages__wrapper\">\n\n                    <a href=\"https:\/\/www.linkedin.com\/company\/smartersec-gmbh\" target=\"_blank\" rel=\"noopener noreferrer\" title=\"LinkedIn\">\n                                <?xml version=\"1.0\" encoding=\"UTF-8\"?> <svg xmlns=\"http:\/\/www.w3.org\/2000\/svg\" aria-hidden=\"true\" data-prefix=\"fab\" data-icon=\"linkedin-in\" class=\"svg-inline--fa fa-linkedin-in fa-w-14\" role=\"img\" viewBox=\"0 0 448 512\"><path fill=\"currentColor\" d=\"M100.28 448H7.4V148.9h92.88zM53.79 108.1C24.09 108.1 0 83.5 0 53.8a53.79 53.79 0 0 1 107.58 0c0 29.7-24.1 54.3-53.79 54.3zM447.9 448h-92.68V302.4c0-34.7-.7-79.2-48.29-79.2-48.29 0-55.69 37.7-55.69 76.7V448h-92.78V148.9h89.08v40.8h1.3c12.4-23.5 42.69-48.3 87.88-48.3 94 0 111.28 61.9 111.28 142.3V448z\"><\/path><\/svg>             <\/a>\n                    <a href=\"https:\/\/www.xing.com\/pages\/smartersec-gmbh\" target=\"_blank\" rel=\"noopener noreferrer\" title=\"Xing\">\n                                <?xml version=\"1.0\" encoding=\"UTF-8\"?> <svg xmlns=\"http:\/\/www.w3.org\/2000\/svg\" aria-hidden=\"true\" data-prefix=\"fab\" data-icon=\"xing\" class=\"svg-inline--fa fa-xing fa-w-12\" role=\"img\" viewBox=\"0 0 384 512\"><path fill=\"currentColor\" d=\"M162.7 210c-1.8 3.3-25.2 44.4-70.1 123.5-4.9 8.3-10.8 12.5-17.7 12.5H9.8c-7.7 0-12.1-7.5-8.5-14.4l69-121.3c.2 0 .2-.1 0-.3l-43.9-75.6c-4.3-7.8.3-14.1 8.5-14.1H100c7.3 0 13.3 4.1 18 12.2l44.7 77.5zM382.6 46.1l-144 253v.3L330.2 466c3.9 7.1.2 14.1-8.5 14.1h-65.2c-7.6 0-13.6-4-18-12.2l-92.4-168.5c3.3-5.8 51.5-90.8 144.8-255.2 4.6-8.1 10.4-12.2 17.5-12.2h65.7c8 0 12.3 6.7 8.5 14.1z\"><\/path><\/svg>             <\/a>\n                    <a href=\"https:\/\/www.instagram.com\/smartersec_gmbh\/\" target=\"_blank\" rel=\"noopener noreferrer\" title=\"Instagram\">\n                                <?xml version=\"1.0\" encoding=\"UTF-8\"?> <svg xmlns=\"http:\/\/www.w3.org\/2000\/svg\" aria-hidden=\"true\" data-prefix=\"fab\" data-icon=\"instagram\" class=\"svg-inline--fa fa-instagram fa-w-14\" role=\"img\" viewBox=\"0 0 448 512\"><path fill=\"currentColor\" d=\"M224.1 141c-63.6 0-114.9 51.3-114.9 114.9s51.3 114.9 114.9 114.9S339 319.5 339 255.9 287.7 141 224.1 141zm0 189.6c-41.1 0-74.7-33.5-74.7-74.7s33.5-74.7 74.7-74.7 74.7 33.5 74.7 74.7-33.6 74.7-74.7 74.7zm146.4-194.3c0 14.9-12 26.8-26.8 26.8-14.9 0-26.8-12-26.8-26.8s12-26.8 26.8-26.8 26.8 12 26.8 26.8zm76.1 27.2c-1.7-35.9-9.9-67.7-36.2-93.9-26.2-26.2-58-34.4-93.9-36.2-37-2.1-147.9-2.1-184.9 0-35.8 1.7-67.6 9.9-93.9 36.1s-34.4 58-36.2 93.9c-2.1 37-2.1 147.9 0 184.9 1.7 35.9 9.9 67.7 36.2 93.9s58 34.4 93.9 36.2c37 2.1 147.9 2.1 184.9 0 35.9-1.7 67.7-9.9 93.9-36.2 26.2-26.2 34.4-58 36.2-93.9 2.1-37 2.1-147.8 0-184.8zM398.8 388c-7.8 19.6-22.9 34.7-42.6 42.6-29.5 11.7-99.5 9-132.1 9s-102.7 2.6-132.1-9c-19.6-7.8-34.7-22.9-42.6-42.6-11.7-29.5-9-99.5-9-132.1s-2.6-102.7 9-132.1c7.8-19.6 22.9-34.7 42.6-42.6 29.5-11.7 99.5-9 132.1-9s102.7-2.6 132.1 9c19.6 7.8 34.7 22.9 42.6 42.6 11.7 29.5 9 99.5 9 132.1s2.7 102.7-9 132.1z\"><\/path><\/svg>             <\/a>\n                    <a href=\"http:\/\/www.youtube.com\/@smartersec\" target=\"_blank\" rel=\"noopener noreferrer\" title=\"YouTube\">\n                                <?xml version=\"1.0\" encoding=\"UTF-8\"?> <svg xmlns=\"http:\/\/www.w3.org\/2000\/svg\" aria-hidden=\"true\" data-prefix=\"fab\" data-icon=\"youtube\" class=\"svg-inline--fa fa-youtube fa-w-18\" role=\"img\" viewBox=\"0 0 576 512\"><path fill=\"currentColor\" d=\"M549.655 124.083c-6.281-23.65-24.787-42.276-48.284-48.597C458.781 64 288 64 288 64S117.22 64 74.629 75.486c-23.497 6.322-42.003 24.947-48.284 48.597-11.412 42.867-11.412 132.305-11.412 132.305s0 89.438 11.412 132.305c6.281 23.65 24.787 41.5 48.284 47.821C117.22 448 288 448 288 448s170.78 0 213.371-11.486c23.497-6.321 42.003-24.171 48.284-47.821 11.412-42.867 11.412-132.305 11.412-132.305s0-89.438-11.412-132.305zm-317.51 213.508V175.185l142.739 81.205-142.739 81.201z\"><\/path><\/svg>             <\/a>\n        \n    <\/div>\n\n<\/div>\n\n\n<h2 class=\"wp-block-heading\"><\/h2>\n\n\n\n<p class=\"has-blue-dark-color has-text-color\"><\/p>\n\n\n\n<p><\/p>\n<\/div>\n<\/div>\n<\/div><\/div>\n","protected":false},"excerpt":{"rendered":"<p>Was ist das ILM-L\u00f6schmatrix Tool? SAP Information Lifecycle Management (ILM) unterst\u00fctzt Unternehmen bei der Verwaltung von Daten gem\u00e4\u00df der Datenschutz-Grundverordnung (DSGVO), indem es die Dauer der Datenspeicherung kontrolliert und deren sichere L\u00f6schung gew\u00e4hrleistet. Mit dem smarterSec ILM-Deletion-Matrix-Tool k\u00f6nnen DSGVO-relevante Infotypen und Tabellen mit ihren ILM-Objekten und Aufbewahrungsfristen nach Mitarbeiterstatus extrahiert werden. Es gew\u00e4hrleistet eine konforme [&hellip;]<\/p>\n","protected":false},"author":5,"featured_media":0,"parent":0,"menu_order":0,"comment_status":"closed","ping_status":"closed","template":"","meta":{"footnotes":""},"class_list":["post-5623","page","type-page","status-publish","hentry"],"aioseo_notices":[],"acf":[],"_links":{"self":[{"href":"https:\/\/smartersec.com\/de\/wp-json\/wp\/v2\/pages\/5623","targetHints":{"allow":["GET"]}}],"collection":[{"href":"https:\/\/smartersec.com\/de\/wp-json\/wp\/v2\/pages"}],"about":[{"href":"https:\/\/smartersec.com\/de\/wp-json\/wp\/v2\/types\/page"}],"author":[{"embeddable":true,"href":"https:\/\/smartersec.com\/de\/wp-json\/wp\/v2\/users\/5"}],"replies":[{"embeddable":true,"href":"https:\/\/smartersec.com\/de\/wp-json\/wp\/v2\/comments?post=5623"}],"version-history":[{"count":10,"href":"https:\/\/smartersec.com\/de\/wp-json\/wp\/v2\/pages\/5623\/revisions"}],"predecessor-version":[{"id":6281,"href":"https:\/\/smartersec.com\/de\/wp-json\/wp\/v2\/pages\/5623\/revisions\/6281"}],"wp:attachment":[{"href":"https:\/\/smartersec.com\/de\/wp-json\/wp\/v2\/media?parent=5623"}],"curies":[{"name":"wp","href":"https:\/\/api.w.org\/{rel}","templated":true}]}}