{"id":198,"date":"2021-08-12T17:32:49","date_gmt":"2021-08-12T15:32:49","guid":{"rendered":"https:\/\/smartersec.com\/?page_id=198"},"modified":"2026-01-30T12:40:49","modified_gmt":"2026-01-30T11:40:49","slug":"sap-security-risk-assessment","status":"publish","type":"page","link":"https:\/\/smartersec.com\/de\/sap-security-risk-assessment\/","title":{"rendered":"SAP Security Risk Assessment"},"content":{"rendered":"<div id=\"keyvisualblock_4f1a3e888e1c9ad3d61bc1d1e11d8f56\" class=\"block__keyvisual -detect-in-viewport\">\n\n    <div class=\"keyvisual__background\">\n        <img decoding=\"async\" width=\"1280\" height=\"720\" src=\"https:\/\/smartersec.com\/wp-content\/uploads\/2021\/08\/smarterSec-keyvisual-poster.jpg\" class=\"attachment-fullscreen_16_9 size-fullscreen_16_9\" alt=\"\" srcset=\"https:\/\/smartersec.com\/wp-content\/uploads\/2021\/08\/smarterSec-keyvisual-poster.jpg 1280w, https:\/\/smartersec.com\/wp-content\/uploads\/2021\/08\/smarterSec-keyvisual-poster-300x169.jpg 300w, https:\/\/smartersec.com\/wp-content\/uploads\/2021\/08\/smarterSec-keyvisual-poster-1024x576.jpg 1024w, https:\/\/smartersec.com\/wp-content\/uploads\/2021\/08\/smarterSec-keyvisual-poster-768x432.jpg 768w, https:\/\/smartersec.com\/wp-content\/uploads\/2021\/08\/smarterSec-keyvisual-poster-738x416.jpg 738w\" sizes=\"(max-width: 1280px) 100vw, 1280px\" \/>                                                <video class=\"keyvisual__background__video\" src=\"https:\/\/smartersec.com\/wp-content\/uploads\/2021\/08\/smarterSec-managed-security-service-provider-for-sap.mp4\" preload autoplay muted loop playsinline><\/video>\n                        <\/div>\n\n    <div class=\"keyvisual__wrapper\">\n        <div class=\"container-lg\">\n            <div class=\"row\">\n                <div class=\"keyvisual__col\">\n                    <div class=\"keyvisual__content__wrapper\">\n                        <div class=\"keyvisual__content\">\n                                                            \n\n<h1 class=\"wp-block-heading\">SAP Security Risk Assessment<\/h1>\n\n\n\n<p><meta charset=\"utf-8\">Analyse und Bewertung von SAP Sicherheits- &amp; Compliance-Schwachstellen<\/p>\n\n                                                    <\/div>\n                    <\/div>\n                <\/div>\n            <\/div>\n        <\/div>\n        \n    <\/div>\n\n<\/div>\n\n<div class=\"wp-block-image is-resized\">\n<figure class=\"aligncenter size-full\"><img decoding=\"async\" width=\"341\" height=\"446\" src=\"https:\/\/smartersec.com\/wp-content\/uploads\/2022\/07\/image-4.png\" alt=\"\" class=\"wp-image-892\" srcset=\"https:\/\/smartersec.com\/wp-content\/uploads\/2022\/07\/image-4.png 341w, https:\/\/smartersec.com\/wp-content\/uploads\/2022\/07\/image-4-229x300.png 229w\" sizes=\"(max-width: 341px) 100vw, 341px\" \/><\/figure>\n<\/div>\n\n\n<h2 class=\"wp-block-heading has-blue-dark-color has-text-color\" style=\"font-style:normal;font-weight:800\">Service | SAP Security Risk Assessment<\/h2>\n\n\n\n<p class=\"has-blue-dark-color has-text-color\">Unser SAP Security Risk Assessment ist eine schnelle und einfache M\u00f6glichkeit, das aktuelle Sicherheits- und Compliance-Niveau eines Ihrer SAP-Systeme effizient zu analysieren und von unseren erfahrenen SAP-Sicherheits- &amp; Compliance-Experten bewerten zu lassen.<br><br><\/p>\n\n\n\n<p class=\"has-blue-dark-color has-text-color has-large-font-size\"><strong>Vorgehen<\/strong><\/p>\n\n\n\n<p class=\"has-blue-dark-color has-text-color\">Durch unsere automatisierte Analyse schaffen wir in k\u00fcrzester Zeit vollst\u00e4ndige Transparenz \u00fcber die aktuellen Risiken innerhalb Ihres SAP-Systems. &nbsp;Bei unserem Vorgehen sind keine internen Aufw\u00e4nde und keine Installation auf dem SAP-System notwendig.<br><br><\/p>\n\n\n\n<p class=\"has-blue-dark-color has-text-color\"><strong>Welche Bereiche meines SAP-Systems werden untersucht?<\/strong><\/p>\n\n\n\n<ul class=\"wp-block-list has-blue-dark-color has-text-color\">\n<li>Schnittstellen<\/li>\n\n\n\n<li>Konfiguration<\/li>\n\n\n\n<li>Rollen &amp; Berechtigungen<\/li>\n\n\n\n<li>Patch-Management<\/li>\n\n\n\n<li>Change-Management<\/li>\n\n\n\n<li>Kundeneigener ABAP-Code<br><br><\/li>\n<\/ul>\n\n\n\n<p class=\"has-blue-dark-color has-text-color has-large-font-size\"><strong>Ergebnis<\/strong><\/p>\n\n\n\n<p class=\"has-blue-dark-color has-text-color\">Als Ergebnis des SAP Security Risk Assessment erhalten Sie einen detaillierten Bericht, in dem alle gefundenen Schwachstellen innerhalb Ihres SAP-Systems enthalten sind. Auf dieser Basis k\u00f6nnen Sie die Dringlichkeit und Priorit\u00e4t der Ma\u00dfnahmen bestimmen, die sie treffen sollten, um Ihre SAP-Investitionen zu sch\u00fctzen.<br><br><\/p>\n\n\n\n<p class=\"has-blue-dark-color has-text-color has-large-font-size\"><strong>Vorteile auf einen Blick<\/strong><\/p>\n\n\n\n<ul class=\"wp-block-list has-blue-dark-color has-text-color\">\n<li>Schnelles und einfaches Vorgehen zur Analyse Ihres SAP-Systems<\/li>\n\n\n\n<li>Keine Installation auf Ihrem SAP-System notwendig<\/li>\n\n\n\n<li>Detaillierter Pr\u00fcfbericht mit allen Ergebnissen der Analyse und eine Management-Summary mit den wichtigsten Risiken<\/li>\n\n\n\n<li>Wichtige Handlungsempfehlungen zur Behebung von Risiken und zur Optimierung Ihres SAP-Systems<\/li>\n\n\n\n<li>Erl\u00e4uterung der Ergebnisse in einer Abschlusspr\u00e4sentation inkl. realen Kunden-Beispielen, wie Angreifer die gefundenen Schwachstellen in den SAP-Systemen ausnutzen<br><\/li>\n<\/ul>\n\n\n<div id=\"responsive-embedblock_3bb963f6901610f41b2be557e7f0cad6\" class=\"block__responsive-embed -detect-in-viewport\">\n    <div class=\"block__responsive-embed__ratio ratio ratio-16x9\">\n                     <div class=\"brlbs-cmpnt-container brlbs-cmpnt-content-blocker brlbs-cmpnt-with-individual-styles\" data-borlabs-cookie-content-blocker-id=\"youtube-content-blocker\" data-borlabs-cookie-content=\"PGlmcmFtZSB3aWR0aD0iNTYwIiBoZWlnaHQ9IjMxNSIgc3JjPSJodHRwczovL3d3dy55b3V0dWJlLW5vY29va2llLmNvbS9lbWJlZC8yc1pyeGt2VlNnYz9zaT1ZaHpjeEJmRkZrOTRneHZrIiB0aXRsZT0iWW91VHViZSB2aWRlbyBwbGF5ZXIiIGZyYW1lYm9yZGVyPSIwIiBhbGxvdz0iYWNjZWxlcm9tZXRlcjsgYXV0b3BsYXk7IGNsaXBib2FyZC13cml0ZTsgZW5jcnlwdGVkLW1lZGlhOyBneXJvc2NvcGU7IHBpY3R1cmUtaW4tcGljdHVyZTsgd2ViLXNoYXJlIiByZWZlcnJlcnBvbGljeT0ic3RyaWN0LW9yaWdpbi13aGVuLWNyb3NzLW9yaWdpbiIgYWxsb3dmdWxsc2NyZWVuPjwvaWZyYW1lPg==\"><div class=\"brlbs-cmpnt-cb-preset-c brlbs-cmpnt-cb-youtube\"> <div class=\"brlbs-cmpnt-cb-thumbnail\" style=\"background-image: url('https:\/\/smartersec.com\/wp-content\/uploads\/borlabs-cookie\/1\/yt_2sZrxkvVSgc_hqdefault.jpg')\"><\/div> <div class=\"brlbs-cmpnt-cb-main\"> <div class=\"brlbs-cmpnt-cb-play-button\"><\/div> <div class=\"brlbs-cmpnt-cb-content\"> <p class=\"brlbs-cmpnt-cb-description\">Sie sehen gerade einen Platzhalterinhalt von <strong>YouTube<\/strong>. Um auf den eigentlichen Inhalt zuzugreifen, klicken Sie auf die Schaltfl\u00e4che unten. Bitte beachten Sie, dass dabei Daten an Drittanbieter weitergegeben werden.<\/p> <a class=\"brlbs-cmpnt-cb-provider-toggle\" href=\"#\" data-borlabs-cookie-show-provider-information role=\"button\">Mehr Informationen<\/a> <\/div> <div class=\"brlbs-cmpnt-cb-buttons\"> <a class=\"brlbs-cmpnt-cb-btn\" href=\"#\" data-borlabs-cookie-unblock role=\"button\">Inhalt entsperren<\/a> <a class=\"brlbs-cmpnt-cb-btn\" href=\"#\" data-borlabs-cookie-accept-service role=\"button\" style=\"display: inherit\">Erforderlichen Service akzeptieren und Inhalte entsperren<\/a> <\/div> <\/div> <\/div><\/div>            <\/div>\n\n            <div class=\"block__responsive-embed__description\">\n            SAP Security Risk Assessment mit der smarterSec Security Platform        <\/div>\n        \n<\/div>\n\n\n<p><strong><strong>Verwandte Themen:<\/strong><\/strong> <a href=\"https:\/\/smartersec.com\/de\/sap-dsgvo-assessment\/\" title=\"SAP DSGVO Assessment\">SAP DSGVO Assessment<\/a> \/\/ <a href=\"https:\/\/smartersec.com\/de\/sap-security-roadmap\/\" title=\"SAP Security Roadmap\">SAP Security Roadmap<\/a> <\/p>\n\n\n\n<div class=\"wp-block-group has-blue-light-background-color has-background\"><div class=\"wp-block-group__inner-container is-layout-flow wp-block-group-is-layout-flow\">\n<h2 class=\"wp-block-heading has-blue-dark-color has-text-color\">Sie m\u00f6chten gerne mehr erfahren?<\/h2>\n\n\n\n<p class=\"has-blue-dark-color has-text-color\">Nutzen Sie einfach unser Kontaktformular oder rufen Sie uns direkt an! <\/p>\n\n\n\n<div class=\"wp-block-columns is-layout-flex wp-container-core-columns-is-layout-9d6595d7 wp-block-columns-is-layout-flex\">\n<div class=\"wp-block-column is-layout-flow wp-block-column-is-layout-flow\"><div class=\"frm_forms  with_frm_style frm_style_smartersec\" id=\"frm_form_10_container\" data-token=\"2244a2fc058c6a3a5d81e9ffeab99bf3\">\n<form enctype=\"multipart\/form-data\" method=\"post\" class=\"frm-show-form  frm_pro_form \" id=\"form_contact-us-de\" data-token=\"2244a2fc058c6a3a5d81e9ffeab99bf3\">\n<div class=\"frm_form_fields \">\n<fieldset>\n<legend class=\"frm_screen_reader\">Contact Us &#8211; DE<\/legend>\r\n\r\n<div class=\"frm_fields_container\">\n<input type=\"hidden\" name=\"frm_action\" value=\"create\" \/>\n<input type=\"hidden\" name=\"form_id\" value=\"10\" \/>\n<input type=\"hidden\" name=\"frm_hide_fields_10\" id=\"frm_hide_fields_10\" value=\"\" \/>\n<input type=\"hidden\" name=\"form_key\" value=\"contact-us-de\" \/>\n<input type=\"hidden\" name=\"item_meta[0]\" value=\"\" \/>\n<input type=\"hidden\" id=\"frm_submit_entry_10\" name=\"frm_submit_entry_10\" value=\"48e3fee421\" \/><input type=\"hidden\" name=\"_wp_http_referer\" value=\"\/de\/wp-json\/wp\/v2\/pages\/198\" \/><div id=\"frm_field_81_container\" class=\"frm_form_field form-field  frm_required_field frm_none_container frm10\">\r\n    <label for=\"field_qh4icy\" id=\"field_qh4icy_label\" class=\"frm_primary_label\">\r\n        <span class=\"frm_required\" aria-hidden=\"true\"><\/span>\r\n    <\/label>\r\n    <input  type=\"text\" id=\"field_qh4icy\" name=\"item_meta[81]\" value=\"\"  placeholder=\"Vorname*\" data-reqmsg=\"Bitte f\u00fcllen Sie dieses Pflichtfeld aus\" aria-required=\"true\" data-invmsg=\"Name is invalid\" aria-invalid=\"false\"   \/>\r\n    \r\n    \r\n<\/div>\n<div id=\"frm_field_82_container\" class=\"frm_form_field form-field  frm_required_field frm_none_container frm10\">\r\n    <label for=\"field_ocfup1\" id=\"field_ocfup1_label\" class=\"frm_primary_label\">\r\n        <span class=\"frm_required\" aria-hidden=\"true\"><\/span>\r\n    <\/label>\r\n    <input  type=\"text\" id=\"field_ocfup1\" name=\"item_meta[82]\" value=\"\"  placeholder=\"Nachname*\" data-reqmsg=\"Bitte f\u00fcllen Sie dieses Pflichtfeld aus\" aria-required=\"true\" data-invmsg=\"Last is invalid\" aria-invalid=\"false\"   \/>\r\n    \r\n    \r\n<\/div>\n<div id=\"frm_field_83_container\" class=\"frm_form_field form-field  frm_required_field frm_top_container frm10\">\r\n    <label for=\"field_29yf4d\" id=\"field_29yf4d_label\" class=\"frm_primary_label\">\r\n        <span class=\"frm_required\" aria-hidden=\"true\"><\/span>\r\n    <\/label>\r\n    <input type=\"email\" id=\"field_29yf4d\" name=\"item_meta[83]\" value=\"\"  placeholder=\"Email*\" data-reqmsg=\"Bitte f\u00fcllen Sie dieses Pflichtfeld aus\" aria-required=\"true\" data-invmsg=\"Keine g\u00fcltige Email Adresse\" aria-invalid=\"false\"  \/>\r\n    \r\n    \r\n<\/div>\n<div id=\"frm_field_84_container\" class=\"frm_form_field form-field  frm_required_field frm_top_container frm10\">\r\n    <label for=\"field_sm5mt2\" id=\"field_sm5mt2_label\" class=\"frm_primary_label\">\r\n        <span class=\"frm_required\" aria-hidden=\"true\"><\/span>\r\n    <\/label>\r\n    <input  type=\"text\" id=\"field_sm5mt2\" name=\"item_meta[84]\" value=\"\"  placeholder=\"Unternehmen*\" data-reqmsg=\"Bitte f\u00fcllen Sie dieses Pflichtfeld aus\" aria-required=\"true\" data-invmsg=\"Text is invalid\" aria-invalid=\"false\"   \/>\r\n    \r\n    \r\n<\/div>\n<div id=\"frm_field_85_container\" class=\"frm_form_field form-field  frm_top_container frm10\">\r\n    <label for=\"field_z465e2\" id=\"field_z465e2_label\" class=\"frm_primary_label\">\r\n        <span class=\"frm_required\" aria-hidden=\"true\"><\/span>\r\n    <\/label>\r\n    <input type=\"tel\" id=\"field_z465e2\" name=\"item_meta[85]\" value=\"\"  placeholder=\"Telefon\" data-invmsg=\"Format ist nicht zul\u00e4ssig\" aria-invalid=\"false\" pattern=\"((\\+\\d{1,3}(-|.| )?\\(?\\d\\)?(-| |.)?\\d{1,5})|(\\(?\\d{2,6}\\)?))(-|.| )?(\\d{3,4})(-|.| )?(\\d{4})(( x| ext)\\d{1,5}){0,1}$\"  \/>\r\n    \r\n    \r\n<\/div>\n<div id=\"frm_field_86_container\" class=\"frm_form_field form-field  frm_required_field frm_top_container frm10\">\r\n    <label for=\"field_9jv0r1\" id=\"field_9jv0r1_label\" class=\"frm_primary_label\">\r\n        <span class=\"frm_required\" aria-hidden=\"true\"><\/span>\r\n    <\/label>\r\n    <textarea name=\"item_meta[86]\" id=\"field_9jv0r1\" rows=\"5\"  placeholder=\"Wie k\u00f6nnen wir Ihnen helfen?*\" data-reqmsg=\"Bitte f\u00fcllen Sie dieses Pflichtfeld aus\" aria-required=\"true\" data-invmsg=\"Nachrichtenformat ist ung\u00fcltig\" aria-invalid=\"false\"  ><\/textarea>\r\n    \r\n    \r\n<\/div>\n<div id=\"frm_field_87_container\" class=\"frm_form_field form-field  frm_required_field frm_top_container frm10 vertical_radio\">\r\n    <div  id=\"field_6lph32_label\" class=\"frm_primary_label\">\r\n        <span class=\"frm_required\" aria-hidden=\"true\"><\/span>\r\n    <\/div>\r\n    <div class=\"frm_opt_container\" aria-labelledby=\"field_6lph32_label\" role=\"group\">\t\t<div class=\"frm_checkbox\" id=\"frm_checkbox_87-0\">\t\t\t<label  for=\"field_6lph32-0\">\n\t\t\t<input type=\"checkbox\" name=\"item_meta[87][]\" id=\"field_6lph32-0\" value=\"Ich bin damit einverstanden, dass ich per E-Mail und\/oder Telefon in Konformit\u00e4t mit den Datenschutzbestimmungen kontaktiert werde, und ich wei\u00df, dass ich mich jederzeit abmelden kann.*\"  data-reqmsg=\"Bitte f\u00fcllen Sie dieses Pflichtfeld aus\" data-invmsg=\"This field ist ung\u00fcltig\"   aria-required=\"true\"  \/> Ich bin damit einverstanden, dass ich per E-Mail und\/oder Telefon in Konformit\u00e4t mit den Datenschutzbestimmungen kontaktiert werde, und ich wei\u00df, dass ich mich jederzeit abmelden kann.*<\/label><\/div>\n<\/div>\r\n    \r\n    \r\n<\/div>\n<div id=\"frm_field_150_container\" class=\"frm_form_field form-field  frm_none_container\">\n\t<label for=\"g-recaptcha-response\" id=\"field_1n6or_label\" class=\"frm_primary_label\">Captcha\n\t\t<span class=\"frm_required\" aria-hidden=\"true\"><\/span>\n\t<\/label>\n\t<div  id=\"field_1n6or\" class=\"frm-g-recaptcha\" data-sitekey=\"6LciY_YbAAAAAHioHAxMA85XGzDbBUi7J93xW_OV\" data-size=\"invisible\" data-theme=\"light\"><\/div>\n\t\n\t\n<\/div>\n<div id=\"frm_field_123_container\" class=\"frm_form_field form-field \">\r\n\t<div class=\"frm_submit\">\r\n\r\n<button class=\"frm_button_submit frm_final_submit\" type=\"submit\"   formnovalidate=\"formnovalidate\">Absenden<\/button>\r\n\r\n<\/div>\r\n<\/div>\n\t<input type=\"hidden\" name=\"item_key\" value=\"\" \/>\n\t\t\t<div id=\"frm_field_154_container\">\n\t\t\t<label for=\"field_n1hnf\" >\n\t\t\t\tFalls Du menschlich bist, lasse dieses Feld leer.\t\t\t<\/label>\n\t\t\t<input  id=\"field_n1hnf\" type=\"text\" class=\"frm_form_field form-field frm_verify\" name=\"item_meta[154]\" value=\"\"  \/>\n\t\t<\/div>\n\t\t<input name=\"frm_state\" type=\"hidden\" value=\"LA8eOKcxP\/TbWqGVz5weL7KLYjcZe2Qt20KQVza+jR4kPj4TEPbBCqh7IPH5NE9q\" \/><\/div>\n<\/fieldset>\n<\/div>\n\n<\/form>\n<\/div>\n\n\n\n<p class=\"has-blue-dark-color has-text-color\"><br>Mit dem Absenden des Formulars best\u00e4tigen Sie, dass Sie unsere <a href=\"https:\/\/smartersec.com\/de\/datenschutz\/\" title=\"\">D<\/a><a href=\"https:\/\/smartersec.com\/de\/datenschutz\/\" title=\"Datenschutzbestimmungen\">atenschutzbestimmungen<\/a> gelesen haben und damit einverstanden sind.<\/p>\n<\/div>\n\n\n\n<div class=\"wp-block-column is-layout-flow wp-block-column-is-layout-flow\">\n<h2 class=\"wp-block-heading has-blue-dark-color has-text-color\">Kontakt<\/h2>\n\n\n\n<p class=\"has-blue-dark-color has-text-color\"><strong>smarterSec GmbH<\/strong><br>Managed Security Service Provider f\u00fcr SAP\u00ae<br><br>Albert-Nestler-Str. 21, 76131 Karlsruhe<br>Deutschland<br><br><a href=\"tel:00497211608000\">+49 (0) 721 160 800-0<\/a><br><a href=\"mailto:info@smartersec.com\">info@smartersec.com<\/a> <\/p>\n\n\n\n<p class=\"has-blue-dark-color has-text-color\"><br><br><strong>Folgen Sie uns auf Social Media<\/strong><\/p>\n\n\n<div id=\"social-media-pagesblock_70db29687f24cf7fed869c313c0001c5\" class=\"block__social-media-pages -detect-in-viewport\">\n\n    <div class=\"block__social-media-pages__wrapper\">\n\n                    <a href=\"https:\/\/www.linkedin.com\/company\/smartersec-gmbh\" target=\"_blank\" rel=\"noopener noreferrer\" title=\"LinkedIn\">\n                                <?xml version=\"1.0\" encoding=\"UTF-8\"?> <svg xmlns=\"http:\/\/www.w3.org\/2000\/svg\" aria-hidden=\"true\" data-prefix=\"fab\" data-icon=\"linkedin-in\" class=\"svg-inline--fa fa-linkedin-in fa-w-14\" role=\"img\" viewBox=\"0 0 448 512\"><path fill=\"currentColor\" d=\"M100.28 448H7.4V148.9h92.88zM53.79 108.1C24.09 108.1 0 83.5 0 53.8a53.79 53.79 0 0 1 107.58 0c0 29.7-24.1 54.3-53.79 54.3zM447.9 448h-92.68V302.4c0-34.7-.7-79.2-48.29-79.2-48.29 0-55.69 37.7-55.69 76.7V448h-92.78V148.9h89.08v40.8h1.3c12.4-23.5 42.69-48.3 87.88-48.3 94 0 111.28 61.9 111.28 142.3V448z\"><\/path><\/svg>             <\/a>\n                    <a href=\"https:\/\/www.xing.com\/pages\/smartersec-gmbh\" target=\"_blank\" rel=\"noopener noreferrer\" title=\"Xing\">\n                                <?xml version=\"1.0\" encoding=\"UTF-8\"?> <svg xmlns=\"http:\/\/www.w3.org\/2000\/svg\" aria-hidden=\"true\" data-prefix=\"fab\" data-icon=\"xing\" class=\"svg-inline--fa fa-xing fa-w-12\" role=\"img\" viewBox=\"0 0 384 512\"><path fill=\"currentColor\" d=\"M162.7 210c-1.8 3.3-25.2 44.4-70.1 123.5-4.9 8.3-10.8 12.5-17.7 12.5H9.8c-7.7 0-12.1-7.5-8.5-14.4l69-121.3c.2 0 .2-.1 0-.3l-43.9-75.6c-4.3-7.8.3-14.1 8.5-14.1H100c7.3 0 13.3 4.1 18 12.2l44.7 77.5zM382.6 46.1l-144 253v.3L330.2 466c3.9 7.1.2 14.1-8.5 14.1h-65.2c-7.6 0-13.6-4-18-12.2l-92.4-168.5c3.3-5.8 51.5-90.8 144.8-255.2 4.6-8.1 10.4-12.2 17.5-12.2h65.7c8 0 12.3 6.7 8.5 14.1z\"><\/path><\/svg>             <\/a>\n                    <a href=\"https:\/\/www.instagram.com\/smartersec_gmbh\/\" target=\"_blank\" rel=\"noopener noreferrer\" title=\"Instagram\">\n                                <?xml version=\"1.0\" encoding=\"UTF-8\"?> <svg xmlns=\"http:\/\/www.w3.org\/2000\/svg\" aria-hidden=\"true\" data-prefix=\"fab\" data-icon=\"instagram\" class=\"svg-inline--fa fa-instagram fa-w-14\" role=\"img\" viewBox=\"0 0 448 512\"><path fill=\"currentColor\" d=\"M224.1 141c-63.6 0-114.9 51.3-114.9 114.9s51.3 114.9 114.9 114.9S339 319.5 339 255.9 287.7 141 224.1 141zm0 189.6c-41.1 0-74.7-33.5-74.7-74.7s33.5-74.7 74.7-74.7 74.7 33.5 74.7 74.7-33.6 74.7-74.7 74.7zm146.4-194.3c0 14.9-12 26.8-26.8 26.8-14.9 0-26.8-12-26.8-26.8s12-26.8 26.8-26.8 26.8 12 26.8 26.8zm76.1 27.2c-1.7-35.9-9.9-67.7-36.2-93.9-26.2-26.2-58-34.4-93.9-36.2-37-2.1-147.9-2.1-184.9 0-35.8 1.7-67.6 9.9-93.9 36.1s-34.4 58-36.2 93.9c-2.1 37-2.1 147.9 0 184.9 1.7 35.9 9.9 67.7 36.2 93.9s58 34.4 93.9 36.2c37 2.1 147.9 2.1 184.9 0 35.9-1.7 67.7-9.9 93.9-36.2 26.2-26.2 34.4-58 36.2-93.9 2.1-37 2.1-147.8 0-184.8zM398.8 388c-7.8 19.6-22.9 34.7-42.6 42.6-29.5 11.7-99.5 9-132.1 9s-102.7 2.6-132.1-9c-19.6-7.8-34.7-22.9-42.6-42.6-11.7-29.5-9-99.5-9-132.1s-2.6-102.7 9-132.1c7.8-19.6 22.9-34.7 42.6-42.6 29.5-11.7 99.5-9 132.1-9s102.7-2.6 132.1 9c19.6 7.8 34.7 22.9 42.6 42.6 11.7 29.5 9 99.5 9 132.1s2.7 102.7-9 132.1z\"><\/path><\/svg>             <\/a>\n                    <a href=\"http:\/\/www.youtube.com\/@smartersec\" target=\"_blank\" rel=\"noopener noreferrer\" title=\"YouTube\">\n                                <?xml version=\"1.0\" encoding=\"UTF-8\"?> <svg xmlns=\"http:\/\/www.w3.org\/2000\/svg\" aria-hidden=\"true\" data-prefix=\"fab\" data-icon=\"youtube\" class=\"svg-inline--fa fa-youtube fa-w-18\" role=\"img\" viewBox=\"0 0 576 512\"><path fill=\"currentColor\" d=\"M549.655 124.083c-6.281-23.65-24.787-42.276-48.284-48.597C458.781 64 288 64 288 64S117.22 64 74.629 75.486c-23.497 6.322-42.003 24.947-48.284 48.597-11.412 42.867-11.412 132.305-11.412 132.305s0 89.438 11.412 132.305c6.281 23.65 24.787 41.5 48.284 47.821C117.22 448 288 448 288 448s170.78 0 213.371-11.486c23.497-6.321 42.003-24.171 48.284-47.821 11.412-42.867 11.412-132.305 11.412-132.305s0-89.438-11.412-132.305zm-317.51 213.508V175.185l142.739 81.205-142.739 81.201z\"><\/path><\/svg>             <\/a>\n        \n    <\/div>\n\n<\/div><\/div>\n<\/div>\n<\/div><\/div>\n","protected":false},"excerpt":{"rendered":"<p>Service | SAP Security Risk Assessment Unser SAP Security Risk Assessment ist eine schnelle und einfache M\u00f6glichkeit, das aktuelle Sicherheits- und Compliance-Niveau eines Ihrer SAP-Systeme effizient zu analysieren und von unseren erfahrenen SAP-Sicherheits- &amp; Compliance-Experten bewerten zu lassen. Vorgehen Durch unsere automatisierte Analyse schaffen wir in k\u00fcrzester Zeit vollst\u00e4ndige Transparenz \u00fcber die aktuellen Risiken innerhalb [&hellip;]<\/p>\n","protected":false},"author":1,"featured_media":0,"parent":0,"menu_order":0,"comment_status":"closed","ping_status":"closed","template":"","meta":{"footnotes":""},"class_list":["post-198","page","type-page","status-publish","hentry"],"aioseo_notices":[],"acf":[],"_links":{"self":[{"href":"https:\/\/smartersec.com\/de\/wp-json\/wp\/v2\/pages\/198","targetHints":{"allow":["GET"]}}],"collection":[{"href":"https:\/\/smartersec.com\/de\/wp-json\/wp\/v2\/pages"}],"about":[{"href":"https:\/\/smartersec.com\/de\/wp-json\/wp\/v2\/types\/page"}],"author":[{"embeddable":true,"href":"https:\/\/smartersec.com\/de\/wp-json\/wp\/v2\/users\/1"}],"replies":[{"embeddable":true,"href":"https:\/\/smartersec.com\/de\/wp-json\/wp\/v2\/comments?post=198"}],"version-history":[{"count":9,"href":"https:\/\/smartersec.com\/de\/wp-json\/wp\/v2\/pages\/198\/revisions"}],"predecessor-version":[{"id":6571,"href":"https:\/\/smartersec.com\/de\/wp-json\/wp\/v2\/pages\/198\/revisions\/6571"}],"wp:attachment":[{"href":"https:\/\/smartersec.com\/de\/wp-json\/wp\/v2\/media?parent=198"}],"curies":[{"name":"wp","href":"https:\/\/api.w.org\/{rel}","templated":true}]}}