{"id":1247,"date":"2023-03-29T19:50:13","date_gmt":"2023-03-29T17:50:13","guid":{"rendered":"https:\/\/smartersec.com\/?page_id=1247"},"modified":"2025-04-29T14:19:45","modified_gmt":"2025-04-29T12:19:45","slug":"prozessverbesserungen-fuer-sap","status":"publish","type":"page","link":"https:\/\/smartersec.com\/de\/prozessverbesserungen-fuer-sap\/","title":{"rendered":"Prozessverbesserungen f\u00fcr SAP"},"content":{"rendered":"<div id=\"keyvisualblock_e866b69eccc1826eeaa561a995aa7d05\" class=\"block__keyvisual -detect-in-viewport\">\n\n    <div class=\"keyvisual__background\">\n        <img decoding=\"async\" width=\"1280\" height=\"720\" src=\"https:\/\/smartersec.com\/wp-content\/uploads\/2021\/08\/smarterSec-keyvisual-poster.jpg\" class=\"attachment-fullscreen_16_9 size-fullscreen_16_9\" alt=\"\" srcset=\"https:\/\/smartersec.com\/wp-content\/uploads\/2021\/08\/smarterSec-keyvisual-poster.jpg 1280w, https:\/\/smartersec.com\/wp-content\/uploads\/2021\/08\/smarterSec-keyvisual-poster-300x169.jpg 300w, https:\/\/smartersec.com\/wp-content\/uploads\/2021\/08\/smarterSec-keyvisual-poster-1024x576.jpg 1024w, https:\/\/smartersec.com\/wp-content\/uploads\/2021\/08\/smarterSec-keyvisual-poster-768x432.jpg 768w, https:\/\/smartersec.com\/wp-content\/uploads\/2021\/08\/smarterSec-keyvisual-poster-738x416.jpg 738w\" sizes=\"(max-width: 1280px) 100vw, 1280px\" \/>                                                <video class=\"keyvisual__background__video\" src=\"https:\/\/smartersec.com\/wp-content\/uploads\/2021\/08\/smarterSec-managed-security-service-provider-for-sap.mp4\" preload autoplay muted loop playsinline><\/video>\n                        <\/div>\n\n    <div class=\"keyvisual__wrapper\">\n        <div class=\"container-lg\">\n            <div class=\"row\">\n                <div class=\"keyvisual__col\">\n                    <div class=\"keyvisual__content__wrapper\">\n                        <div class=\"keyvisual__content\">\n                                                            \n\n<h2 class=\"wp-block-heading\">Prozessverbesserungen f\u00fcr SAP<\/h2>\n\n\n\n<p> Identifizieren Sie Optimierungspotentiale in Ihren SAP Security &amp; Compliance-Prozessen<\/p>\n\n                                                    <\/div>\n                    <\/div>\n                <\/div>\n            <\/div>\n        <\/div>\n        \n    <\/div>\n\n<\/div>\n\n\n<h3 class=\"has-blue-vibrant-color has-text-color wp-block-heading\">Warum ist es wichtig, meine Sicherheits- und Compliance-Prozesse immer aktuell zu halten und auf ver\u00e4ndernde Umst\u00e4nde anzupassen? <\/h3>\n\n\n\n<p class=\"has-blue-dark-color has-text-color\">Es ist von entscheidender Bedeutung, dass Unternehmen bei ihren SAP-Systemen immer auf dem neuesten Stand bleiben und ihre Sicherheits- und Compliance-Prozesse kontinuierlich verbessern. Denn SAP-Systeme sind oft kritische Infrastrukturen, die viele gesch\u00e4ftskritische Daten und Prozesse enthalten. Wenn es zu einem Sicherheitsvorfall oder Compliance-Versto\u00df kommt, k\u00f6nnen die Auswirkungen f\u00fcr das Unternehmen gravierend sein, wie beispielsweise Datenverlust, finanzielle Sch\u00e4den, Rufsch\u00e4digung oder sogar rechtliche Konsequenzen.<\/p>\n\n\n\n<p class=\"has-blue-dark-color has-text-color\">Zudem sind SAP-Systeme oft Ziel von Angriffen und Exploits. Wenn Sicherheitsl\u00fccken nicht behoben werden oder Compliance-Verst\u00f6\u00dfe nicht gemeldet und behoben werden, k\u00f6nnen Angreifer die Schwachstellen ausnutzen und auf gesch\u00e4ftskritische Daten zugreifen, sie manipulieren oder sogar zerst\u00f6ren. Ein solcher Angriff kann dem Unternehmen schweren Schaden zuf\u00fcgen und seine Wettbewerbsf\u00e4higkeit beeintr\u00e4chtigen.<\/p>\n\n\n\n<p class=\"has-blue-dark-color has-text-color\">Dar\u00fcber hinaus gibt es auch immer mehr gesetzliche Anforderungen und Vorschriften, die Unternehmen dazu verpflichten, ihre Sicherheits- und Compliance-Prozesse aufrechtzuerhalten und regelm\u00e4\u00dfig zu verbessern. Einige Beispiele sind die DSGVO (Datenschutz-Grundverordnung), die PCI DSS (Payment Card Industry Data Security Standard) oder auch die ISO 27001-Zertifizierung. Unternehmen, die diese Anforderungen nicht erf\u00fcllen, riskieren Bu\u00dfgelder, Sanktionen oder den Verlust von Gesch\u00e4ftsm\u00f6glichkeiten.<\/p>\n\n\n\n<div id=\"process-improvements-for-sap\" class=\"wp-block-group\"><div class=\"wp-block-group__inner-container is-layout-flow wp-block-group-is-layout-flow\">\n<h2 class=\"has-blue-vibrant-color has-text-color wp-block-heading\">Prozessverbesserungen f\u00fcr SAP<\/h2>\n\n\n\n<div id=\"block__teaser\" class=\"block__teaser block__teaser--icon_left block__teaser--has-bg-color\" style=\"background-color: #004988\">\n    <div class=\"block__teaser__wrapper\">\n        <div class=\"block__teaser__inner\">\n            \n            \n                            \n<div class=\"block__icon__wrapper block__icon__wrapper--center\" style=\"color: #72bad7\">\n    <?xml version=\"1.0\" encoding=\"utf-8\"?>\r\n<!-- Generator: Adobe Illustrator 17.1.0, SVG Export Plug-In . SVG Version: 6.00 Build 0)  -->\r\n<!DOCTYPE svg PUBLIC \"-\/\/W3C\/\/DTD SVG 1.1\/\/EN\" \"http:\/\/www.w3.org\/Graphics\/SVG\/1.1\/DTD\/svg11.dtd\">\r\n<svg version=\"1.1\" id=\"Layer_1\" xmlns=\"http:\/\/www.w3.org\/2000\/svg\" xmlns:xlink=\"http:\/\/www.w3.org\/1999\/xlink\" x=\"0px\" y=\"0px\"\r\n\t width=\"64px\" height=\"64px\" viewBox=\"0 0 64 64\" enable-background=\"new 0 0 64 64\" xml:space=\"preserve\">\r\n<g>\r\n\t<path fill=\"none\" stroke=\"currentColor\" stroke-width=\"2\" stroke-linecap=\"round\" stroke-linejoin=\"round\" stroke-miterlimit=\"10\" d=\"\r\n\t\tM50.6,38.7c0-0.9-0.1-1.8-0.3-2.7l3.5-1.7l-3.2-6.4l-3.2,1.7c-1.8-2-4.5-3.5-6.5-4.2V22h-7v3.4c-3,0.7-5.3,2.2-7.1,4.2l-3.7-1.7\r\n\t\tl-3.3,6.4l3.5,1.7c-0.2,0.9-0.3,1.8-0.3,2.7c0,0.9,0.1,1.8,0.3,2.7l-3.5,1.7l3.2,6.4l3.9-1.7c1.8,2,4.1,3.5,7.1,4.2v3h7v-3\r\n\t\tc2-0.7,4.7-2.2,6.5-4.2l3.4,1.7l3.1-6.4l-3.5-1.7C50.6,40.5,50.6,39.6,50.6,38.7z\"\/>\r\n\t\r\n\t\t<circle fill=\"none\" stroke=\"currentColor\" stroke-width=\"2\" stroke-linecap=\"round\" stroke-linejoin=\"round\" stroke-miterlimit=\"10\" cx=\"36.8\" cy=\"38.6\" r=\"3.9\"\/>\r\n\t\r\n\t\t<circle fill=\"none\" stroke=\"currentColor\" stroke-width=\"2\" stroke-linecap=\"round\" stroke-linejoin=\"round\" stroke-miterlimit=\"10\" cx=\"36.8\" cy=\"38.6\" r=\"6.8\"\/>\r\n\t<path fill=\"none\" stroke=\"currentColor\" stroke-width=\"2\" stroke-linecap=\"round\" stroke-linejoin=\"round\" stroke-miterlimit=\"10\" d=\"\r\n\t\tM26,17.8c0-0.5,0-0.9-0.1-1.4l1.8-0.9L26,12.2l-1.7,0.9c-0.9-1-2.4-1.8-3.4-2.2V9h-4v1.9c-1,0.4-2.6,1.1-3.5,2.2l-1.8-0.9l-1.6,3.3\r\n\t\tl1.8,0.9c-0.1,0.4-0.1,0.9-0.1,1.4c0,0.5,0,0.9,0.1,1.4l-1.8,0.9l1.6,3.3l1.8-0.9c0.9,1,2.5,1.8,3.5,2.2V26h4v-1.3\r\n\t\tc1-0.4,2.4-1.1,3.4-2.2l1.8,0.9l1.6-3.3l-1.8-0.9C26,18.7,26,18.3,26,17.8z\"\/>\r\n\t\r\n\t\t<circle fill=\"none\" stroke=\"currentColor\" stroke-width=\"2\" stroke-linecap=\"round\" stroke-linejoin=\"round\" stroke-miterlimit=\"10\" cx=\"18.8\" cy=\"17.7\" r=\"3.5\"\/>\r\n<\/g>\r\n<\/svg>\r\n<\/div>            \n            <div class=\"block__teaser__content\">\n                                    \n\n<p class=\"has-white-color has-text-color\">Der Service identifiziert Ineffizienzen und Schwachstellen in Ihren SAP Security &amp; Compliance Prozessen und gibt Empfehlungen zur Optimierung dieser Prozesse. Der Fokus des Service liegt darauf, Sie mit n\u00fctzlichen Erweiterungen Ihrer bestehenden Prozesse zu unterst\u00fctzen, die einen langfristigen Mehrwert f\u00fcr Ihr Unternehmen schaffen.<\/p>\n\n\n\n<p class=\"has-white-color has-text-color has-large-font-size\">Service-\u00dcbersicht<\/p>\n\n\n\n<ul class=\"has-white-color has-text-color wp-block-list\"><li>Identifizierung von Optimierungsm\u00f6glichkeiten f\u00fcr Ihre bestehenden Prozesse<\/li><li>Technische Empfehlungen f\u00fcr langfristigen Mehrwert &amp; Entscheidungsgrundlage f\u00fcr das Management<\/li><li>Integration von SAP Code Scanner in den Entwicklungsprozess <ul><li>SAP Code Inspector (SCI) \/ SAP Code Vulnerability Analyzer (CVA), andere<\/li><\/ul><\/li><li>Integration von SAP Konfigurations- und Autorisierungstools <ul><li>SAP Solution Manager (SolMan), SAP Early Watch Alert (EWA), andere<\/li><\/ul><\/li><li>Integration von SAP Transport Management tools<\/li><li>Integration von SAP-Monitoring tools<ul><li>smarterSec Security Platform, SAP Enterprise Threat Detection (ETD), andere<\/li><\/ul><\/li><\/ul>\n\n                            <\/div>\n\n                    \n        <\/div>\n    <\/div>\n<\/div><\/div><\/div>\n\n\n\n<p class=\"has-blue-dark-color has-text-color has-large-font-size\"><strong>Inhalte und Ablauf unseres Service zu Prozessverbesserungen f\u00fcr SAP<\/strong><\/p>\n\n\n\n<p class=\"has-blue-dark-color has-text-color\">In der heutigen IT-Welt sind Unternehmen mehr denn je darauf angewiesen, ihre Systeme und Prozesse effektiv zu sichern und aufrechtzuerhalten, um Cyberangriffe und andere Bedrohungen zu vermeiden.&nbsp; Unser Service zur Identifizierung von Prozessverbesserungen zielt darauf ab, ineffiziente und fehleranf\u00e4llige Prozesse in Ihren SAP Security &amp; Compliance Abl\u00e4ufen aufzudecken. Wir arbeiten mit neuesten Technologien und Werkzeugen, um Schwachstellen in Ihren Prozessen zu identifizieren und Ihnen gezielte Empfehlungen zur Optimierung und Effizienzsteigerung zu geben.<\/p>\n\n\n\n<p class=\"has-blue-dark-color has-text-color\">Unsere erfahrenen SAP-Experten analysieren Ihre bestehenden Sicherheits- und Compliance-Prozesse und identifizieren Schwachstellen sowie Potenziale zur Optimierung. Wir geben Ihnen detaillierte technische Empfehlungen, die als Entscheidungsgrundlage f\u00fcr Ihr Management dienen k\u00f6nnen und einen langfristigen Mehrwert f\u00fcr Ihr Unternehmen schaffen. Dabei ber\u00fccksichtigen wir Ihre individuellen Anforderungen und Priorit\u00e4ten, um sicherzustellen, dass unsere Empfehlungen auf Ihre spezifischen Bed\u00fcrfnisse zugeschnitten sind.<\/p>\n\n\n\n<p class=\"has-blue-dark-color has-text-color\">Prozessoptimierungen k\u00f6nnen die Einf\u00fchrung von SAP-eigenen L\u00f6sungen, wie SAP Code Scanner (SAP Code Inspector (SCI) \/ SAP Code Vulnerability Analyzer (CVA)), SAP Konfigurations- und Autorisierungstools (SAP Solution Manager (SolMan), SAP Early Watch Alert (EWA)), SAP Transport Management tools und SAP-Monitoring tools (SAP Enterprise Threat Detection (ETD)) umfassen. Wir unterst\u00fctzen Sie nicht nur bei der Auswahl der richtigen L\u00f6sungen f\u00fcr Ihre Bed\u00fcrfnisse, sondern helfen Ihnen auch mit unserer Erfahrung bei der Einf\u00fchrung der L\u00f6sungen in Ihre SAP-Prozesse.<\/p>\n\n\n\n<p class=\"has-blue-dark-color has-text-color\">Unser Ziel ist es, Ihre SAP Security &amp; Compliance Prozesse zu optimieren und Ihre Effizienz zu steigern, um Ihr Unternehmen langfristig zu unterst\u00fctzen.<\/p>\n\n\n\n<div id=\"block__teaser\" class=\"block__teaser block__teaser--default block__teaser--has-bg-color\" style=\"background-color: #d5dfe8\">\n    <div class=\"block__teaser__wrapper\">\n        <div class=\"block__teaser__inner\">\n            \n            \n                            \n<div class=\"block__icon__wrapper block__icon__wrapper--center\" style=\"color: #0185b7\">\n    <?xml version=\"1.0\" encoding=\"utf-8\"?>\r\n<!-- Generator: Adobe Illustrator 17.1.0, SVG Export Plug-In . SVG Version: 6.00 Build 0)  -->\r\n<!DOCTYPE svg PUBLIC \"-\/\/W3C\/\/DTD SVG 1.1\/\/EN\" \"http:\/\/www.w3.org\/Graphics\/SVG\/1.1\/DTD\/svg11.dtd\">\r\n<svg version=\"1.1\" id=\"Layer_1\" xmlns=\"http:\/\/www.w3.org\/2000\/svg\" xmlns:xlink=\"http:\/\/www.w3.org\/1999\/xlink\" x=\"0px\" y=\"0px\"\r\n\t width=\"64px\" height=\"64px\" viewBox=\"0 0 64 64\" enable-background=\"new 0 0 64 64\" xml:space=\"preserve\">\r\n<g>\r\n\t<path fill=\"none\" stroke=\"currentColor\" stroke-width=\"2\" stroke-linecap=\"round\" stroke-linejoin=\"round\" stroke-miterlimit=\"10\" d=\"\r\n\t\tM50.6,38.7c0-0.9-0.1-1.8-0.3-2.7l3.5-1.7l-3.2-6.4l-3.2,1.7c-1.8-2-4.5-3.5-6.5-4.2V22h-7v3.4c-3,0.7-5.3,2.2-7.1,4.2l-3.7-1.7\r\n\t\tl-3.3,6.4l3.5,1.7c-0.2,0.9-0.3,1.8-0.3,2.7c0,0.9,0.1,1.8,0.3,2.7l-3.5,1.7l3.2,6.4l3.9-1.7c1.8,2,4.1,3.5,7.1,4.2v3h7v-3\r\n\t\tc2-0.7,4.7-2.2,6.5-4.2l3.4,1.7l3.1-6.4l-3.5-1.7C50.6,40.5,50.6,39.6,50.6,38.7z\"\/>\r\n\t\r\n\t\t<circle fill=\"none\" stroke=\"currentColor\" stroke-width=\"2\" stroke-linecap=\"round\" stroke-linejoin=\"round\" stroke-miterlimit=\"10\" cx=\"36.8\" cy=\"38.6\" r=\"6.8\"\/>\r\n\t<path fill=\"none\" stroke=\"currentColor\" stroke-width=\"2\" stroke-linecap=\"round\" stroke-linejoin=\"round\" stroke-miterlimit=\"10\" d=\"\r\n\t\tM26,17.8c0-0.5,0-0.9-0.1-1.4l1.8-0.9L26,12.2l-1.7,0.9c-0.9-1-2.4-1.8-3.4-2.2V9h-4v1.9c-1,0.4-2.6,1.1-3.5,2.2l-1.8-0.9l-1.6,3.3\r\n\t\tl1.8,0.9c-0.1,0.4-0.1,0.9-0.1,1.4c0,0.5,0,0.9,0.1,1.4l-1.8,0.9l1.6,3.3l1.8-0.9c0.9,1,2.5,1.8,3.5,2.2V26h4v-1.3\r\n\t\tc1-0.4,2.4-1.1,3.4-2.2l1.8,0.9l1.6-3.3l-1.8-0.9C26,18.7,26,18.3,26,17.8z\"\/>\r\n\t\r\n\t\t<circle fill=\"none\" stroke=\"currentColor\" stroke-width=\"2\" stroke-linecap=\"round\" stroke-linejoin=\"round\" stroke-miterlimit=\"10\" cx=\"18.8\" cy=\"17.7\" r=\"3.5\"\/>\r\n<\/g>\r\n<\/svg>\r\n<\/div>            \n            <div class=\"block__teaser__content\">\n                                    \n\n<p class=\"has-text-align-center has-blue-dark-color has-text-color\"><strong><strong>Kontaktieren Sie uns noch heute, um mehr \u00fcber unsere Services zu erfahren und wie wir Ihnen helfen k\u00f6nnen, Ihre SAP Security &amp; Compliance Prozesse zu optimieren<\/strong>!<\/strong><\/p>\n\n                            <\/div>\n\n                            <div class=\"block__teaser__link\">\n                    <a href=\"https:\/\/smartersec.com\/de\/kontakt\/\" target=\"\">\n                                                    Kontakt                                            <\/a>\n                <\/div>\n                    \n        <\/div>\n    <\/div>\n<\/div>\n\n\n<p class=\"has-blue-dark-color has-text-color\"><strong>Verwandte Themen:<\/strong> <a href=\"https:\/\/smartersec.com\/de\/sap-security-risk-assessment\/\" title=\"SAP Security Risk Assessment\">SAP Security Risk Assessment<\/a> \/\/ <a href=\"https:\/\/smartersec.com\/de\/sap-dsgvo-assessment\/\" title=\"SAP DSGVO Assessment\">SAP DSGVO Assessment<\/a><\/p>\n\n\n\n<div id=\"kontakt\" class=\"wp-block-group has-blue-light-background-color has-background\"><div class=\"wp-block-group__inner-container is-layout-flow wp-block-group-is-layout-flow\">\n<h2 class=\"wp-block-heading\">Kontakt<\/h2>\n\n\n\n<div class=\"wp-block-columns is-layout-flex wp-container-core-columns-is-layout-9d6595d7 wp-block-columns-is-layout-flex\">\n<div class=\"wp-block-column is-layout-flow wp-block-column-is-layout-flow\">\n<p><strong>smarterSec GmbH<\/strong><br>Managed Security Service Provider f\u00fcr SAP\u00ae<br><br>Albert-Nestler-Str. 21, 76131 Karlsruhe<br>Deutschland<br><br><a href=\"tel:00497211608000\">+49 (0) 721 160 800-0<\/a><br><a href=\"mailto:info@smartersec.com\">info@smartersec.com<\/a><br><\/p>\n<\/div>\n\n\n\n<div class=\"wp-block-column is-layout-flow wp-block-column-is-layout-flow\">\n<p><strong>Folgen Sie uns auf Social Media<\/strong><\/p>\n\n\n<div id=\"social-media-pagesblock_a6f860279e06903ed63cebb386df38db\" class=\"block__social-media-pages -detect-in-viewport\">\n\n    <div class=\"block__social-media-pages__wrapper\">\n\n                    <a href=\"https:\/\/www.linkedin.com\/company\/smartersec-gmbh\" target=\"_blank\" rel=\"noopener noreferrer\" title=\"LinkedIn\">\n                                <?xml version=\"1.0\" encoding=\"UTF-8\"?> <svg xmlns=\"http:\/\/www.w3.org\/2000\/svg\" aria-hidden=\"true\" data-prefix=\"fab\" data-icon=\"linkedin-in\" class=\"svg-inline--fa fa-linkedin-in fa-w-14\" role=\"img\" viewBox=\"0 0 448 512\"><path fill=\"currentColor\" d=\"M100.28 448H7.4V148.9h92.88zM53.79 108.1C24.09 108.1 0 83.5 0 53.8a53.79 53.79 0 0 1 107.58 0c0 29.7-24.1 54.3-53.79 54.3zM447.9 448h-92.68V302.4c0-34.7-.7-79.2-48.29-79.2-48.29 0-55.69 37.7-55.69 76.7V448h-92.78V148.9h89.08v40.8h1.3c12.4-23.5 42.69-48.3 87.88-48.3 94 0 111.28 61.9 111.28 142.3V448z\"><\/path><\/svg>             <\/a>\n                    <a href=\"https:\/\/www.xing.com\/pages\/smartersec-gmbh\" target=\"_blank\" rel=\"noopener noreferrer\" title=\"Xing\">\n                                <?xml version=\"1.0\" encoding=\"UTF-8\"?> <svg xmlns=\"http:\/\/www.w3.org\/2000\/svg\" aria-hidden=\"true\" data-prefix=\"fab\" data-icon=\"xing\" class=\"svg-inline--fa fa-xing fa-w-12\" role=\"img\" viewBox=\"0 0 384 512\"><path fill=\"currentColor\" d=\"M162.7 210c-1.8 3.3-25.2 44.4-70.1 123.5-4.9 8.3-10.8 12.5-17.7 12.5H9.8c-7.7 0-12.1-7.5-8.5-14.4l69-121.3c.2 0 .2-.1 0-.3l-43.9-75.6c-4.3-7.8.3-14.1 8.5-14.1H100c7.3 0 13.3 4.1 18 12.2l44.7 77.5zM382.6 46.1l-144 253v.3L330.2 466c3.9 7.1.2 14.1-8.5 14.1h-65.2c-7.6 0-13.6-4-18-12.2l-92.4-168.5c3.3-5.8 51.5-90.8 144.8-255.2 4.6-8.1 10.4-12.2 17.5-12.2h65.7c8 0 12.3 6.7 8.5 14.1z\"><\/path><\/svg>             <\/a>\n                    <a href=\"https:\/\/www.instagram.com\/smartersec_gmbh\/\" target=\"_blank\" rel=\"noopener noreferrer\" title=\"Instagram\">\n                                <?xml version=\"1.0\" encoding=\"UTF-8\"?> <svg xmlns=\"http:\/\/www.w3.org\/2000\/svg\" aria-hidden=\"true\" data-prefix=\"fab\" data-icon=\"instagram\" class=\"svg-inline--fa fa-instagram fa-w-14\" role=\"img\" viewBox=\"0 0 448 512\"><path fill=\"currentColor\" d=\"M224.1 141c-63.6 0-114.9 51.3-114.9 114.9s51.3 114.9 114.9 114.9S339 319.5 339 255.9 287.7 141 224.1 141zm0 189.6c-41.1 0-74.7-33.5-74.7-74.7s33.5-74.7 74.7-74.7 74.7 33.5 74.7 74.7-33.6 74.7-74.7 74.7zm146.4-194.3c0 14.9-12 26.8-26.8 26.8-14.9 0-26.8-12-26.8-26.8s12-26.8 26.8-26.8 26.8 12 26.8 26.8zm76.1 27.2c-1.7-35.9-9.9-67.7-36.2-93.9-26.2-26.2-58-34.4-93.9-36.2-37-2.1-147.9-2.1-184.9 0-35.8 1.7-67.6 9.9-93.9 36.1s-34.4 58-36.2 93.9c-2.1 37-2.1 147.9 0 184.9 1.7 35.9 9.9 67.7 36.2 93.9s58 34.4 93.9 36.2c37 2.1 147.9 2.1 184.9 0 35.9-1.7 67.7-9.9 93.9-36.2 26.2-26.2 34.4-58 36.2-93.9 2.1-37 2.1-147.8 0-184.8zM398.8 388c-7.8 19.6-22.9 34.7-42.6 42.6-29.5 11.7-99.5 9-132.1 9s-102.7 2.6-132.1-9c-19.6-7.8-34.7-22.9-42.6-42.6-11.7-29.5-9-99.5-9-132.1s-2.6-102.7 9-132.1c7.8-19.6 22.9-34.7 42.6-42.6 29.5-11.7 99.5-9 132.1-9s102.7-2.6 132.1 9c19.6 7.8 34.7 22.9 42.6 42.6 11.7 29.5 9 99.5 9 132.1s2.7 102.7-9 132.1z\"><\/path><\/svg>             <\/a>\n                    <a href=\"http:\/\/www.youtube.com\/@smartersec\" target=\"_blank\" rel=\"noopener noreferrer\" title=\"YouTube\">\n                                <?xml version=\"1.0\" encoding=\"UTF-8\"?> <svg xmlns=\"http:\/\/www.w3.org\/2000\/svg\" aria-hidden=\"true\" data-prefix=\"fab\" data-icon=\"youtube\" class=\"svg-inline--fa fa-youtube fa-w-18\" role=\"img\" viewBox=\"0 0 576 512\"><path fill=\"currentColor\" d=\"M549.655 124.083c-6.281-23.65-24.787-42.276-48.284-48.597C458.781 64 288 64 288 64S117.22 64 74.629 75.486c-23.497 6.322-42.003 24.947-48.284 48.597-11.412 42.867-11.412 132.305-11.412 132.305s0 89.438 11.412 132.305c6.281 23.65 24.787 41.5 48.284 47.821C117.22 448 288 448 288 448s170.78 0 213.371-11.486c23.497-6.321 42.003-24.171 48.284-47.821 11.412-42.867 11.412-132.305 11.412-132.305s0-89.438-11.412-132.305zm-317.51 213.508V175.185l142.739 81.205-142.739 81.201z\"><\/path><\/svg>             <\/a>\n        \n    <\/div>\n\n<\/div>\n\n\n<h2 class=\"wp-block-heading\"><\/h2>\n<\/div>\n<\/div>\n<\/div><\/div>\n","protected":false},"excerpt":{"rendered":"<p>Warum ist es wichtig, meine Sicherheits- und Compliance-Prozesse immer aktuell zu halten und auf ver\u00e4ndernde Umst\u00e4nde anzupassen? Es ist von entscheidender Bedeutung, dass Unternehmen bei ihren SAP-Systemen immer auf dem neuesten Stand bleiben und ihre Sicherheits- und Compliance-Prozesse kontinuierlich verbessern. Denn SAP-Systeme sind oft kritische Infrastrukturen, die viele gesch\u00e4ftskritische Daten und Prozesse enthalten. Wenn es [&hellip;]<\/p>\n","protected":false},"author":3,"featured_media":0,"parent":0,"menu_order":0,"comment_status":"closed","ping_status":"closed","template":"","meta":{"footnotes":""},"class_list":["post-1247","page","type-page","status-publish","hentry"],"aioseo_notices":[],"acf":[],"_links":{"self":[{"href":"https:\/\/smartersec.com\/de\/wp-json\/wp\/v2\/pages\/1247","targetHints":{"allow":["GET"]}}],"collection":[{"href":"https:\/\/smartersec.com\/de\/wp-json\/wp\/v2\/pages"}],"about":[{"href":"https:\/\/smartersec.com\/de\/wp-json\/wp\/v2\/types\/page"}],"author":[{"embeddable":true,"href":"https:\/\/smartersec.com\/de\/wp-json\/wp\/v2\/users\/3"}],"replies":[{"embeddable":true,"href":"https:\/\/smartersec.com\/de\/wp-json\/wp\/v2\/comments?post=1247"}],"version-history":[{"count":10,"href":"https:\/\/smartersec.com\/de\/wp-json\/wp\/v2\/pages\/1247\/revisions"}],"predecessor-version":[{"id":1760,"href":"https:\/\/smartersec.com\/de\/wp-json\/wp\/v2\/pages\/1247\/revisions\/1760"}],"wp:attachment":[{"href":"https:\/\/smartersec.com\/de\/wp-json\/wp\/v2\/media?parent=1247"}],"curies":[{"name":"wp","href":"https:\/\/api.w.org\/{rel}","templated":true}]}}