{"id":1238,"date":"2023-03-29T19:46:51","date_gmt":"2023-03-29T17:46:51","guid":{"rendered":"https:\/\/smartersec.com\/?page_id=1238"},"modified":"2025-04-29T14:20:03","modified_gmt":"2025-04-29T12:20:03","slug":"sap-mitigation-services","status":"publish","type":"page","link":"https:\/\/smartersec.com\/de\/sap-mitigation-services\/","title":{"rendered":"SAP Mitigation Services"},"content":{"rendered":"<div id=\"keyvisualblock_67b7eeee2a9d7e099b45cbf159d886b4\" class=\"block__keyvisual -detect-in-viewport\">\n\n    <div class=\"keyvisual__background\">\n        <img decoding=\"async\" width=\"1280\" height=\"720\" src=\"https:\/\/smartersec.com\/wp-content\/uploads\/2021\/08\/smarterSec-keyvisual-poster.jpg\" class=\"attachment-fullscreen_16_9 size-fullscreen_16_9\" alt=\"\" srcset=\"https:\/\/smartersec.com\/wp-content\/uploads\/2021\/08\/smarterSec-keyvisual-poster.jpg 1280w, https:\/\/smartersec.com\/wp-content\/uploads\/2021\/08\/smarterSec-keyvisual-poster-300x169.jpg 300w, https:\/\/smartersec.com\/wp-content\/uploads\/2021\/08\/smarterSec-keyvisual-poster-1024x576.jpg 1024w, https:\/\/smartersec.com\/wp-content\/uploads\/2021\/08\/smarterSec-keyvisual-poster-768x432.jpg 768w, https:\/\/smartersec.com\/wp-content\/uploads\/2021\/08\/smarterSec-keyvisual-poster-738x416.jpg 738w\" sizes=\"(max-width: 1280px) 100vw, 1280px\" \/>                                                <video class=\"keyvisual__background__video\" src=\"https:\/\/smartersec.com\/wp-content\/uploads\/2021\/08\/smarterSec-managed-security-service-provider-for-sap.mp4\" preload autoplay muted loop playsinline><\/video>\n                        <\/div>\n\n    <div class=\"keyvisual__wrapper\">\n        <div class=\"container-lg\">\n            <div class=\"row\">\n                <div class=\"keyvisual__col\">\n                    <div class=\"keyvisual__content__wrapper\">\n                        <div class=\"keyvisual__content\">\n                                                            \n\n<h2 class=\"wp-block-heading\">SAP Mitigation Services<\/h2>\n\n\n\n<p>Effektive Schwachstellen-Bereinigung f\u00fcr Ihre SAP-Systemlandschaft mit absoluter Projektsicherheit (In-Time &amp; In-Budget)<\/p>\n\n                                                    <\/div>\n                    <\/div>\n                <\/div>\n            <\/div>\n        <\/div>\n        \n    <\/div>\n\n<\/div>\n\n\n<h3 class=\"has-blue-vibrant-color has-text-color wp-block-heading\">Welche Bedrohung geht von existierenden Sicherheitsl\u00fccken und Compliance-Verst\u00f6\u00dfe in meinen SAP-Systemen aus? <\/h3>\n\n\n\n<p class=\"has-blue-dark-color has-text-color\">Existierende Sicherheitsl\u00fccken und Compliance-Verst\u00f6\u00dfe in SAP-Systemen stellen eine erhebliche Bedrohung f\u00fcr die IT-Sicherheit Ihres Unternehmen dar. Cyberkriminelle und Hacker k\u00f6nnen diese Schwachstellen ausnutzen, um in das SAP-System einzudringen und sensible Daten zu stehlen, zu ver\u00e4ndern oder zu l\u00f6schen. Dabei k\u00f6nnen sie betr\u00e4chtlichen Schaden anrichten, indem sie beispielsweise Finanzdaten stehlen, die Produktion lahmlegen oder das Unternehmen erpressen.<\/p>\n\n\n\n<p class=\"has-blue-dark-color has-text-color\">Auch Compliance-Verst\u00f6\u00dfe k\u00f6nnen ernsthafte Folgen haben. Unternehmen m\u00fcssen sich an eine Vielzahl von Gesetzen und Vorschriften halten, um ihre Gesch\u00e4ftsprozesse legal und ethisch korrekt auszuf\u00fchren. Wenn sie gegen diese Vorschriften versto\u00dfen, k\u00f6nnen sie hohe Geldstrafen und Reputationssch\u00e4den erleiden.<\/p>\n\n\n\n<p class=\"has-blue-dark-color has-text-color\">Dar\u00fcber hinaus m\u00fcssen Unternehmen, die SAP-Systeme betreiben, die Datensicherheit und den Datenschutz ihrer Kunden und Gesch\u00e4ftspartner gew\u00e4hrleisten. Ein Datenleck kann das Vertrauen von Kunden und Partnern in das Unternehmen erheblich beeintr\u00e4chtigen und den Ruf des Unternehmens langfristig besch\u00e4digen.<\/p>\n\n\n\n<p class=\"has-blue-dark-color has-text-color\">Es ist daher von entscheidender Bedeutung, dass Unternehmen Sicherheitsl\u00fccken und Compliance-Verst\u00f6\u00dfe in SAP-Systemen beheben, um ihre IT-Systeme und Daten zu sch\u00fctzen und den Anforderungen von Gesetzen und Vorschriften zu entsprechen.<\/p>\n\n\n\n<div id=\"sap-mitigation-services\" class=\"wp-block-group\"><div class=\"wp-block-group__inner-container is-layout-flow wp-block-group-is-layout-flow\">\n<h2 class=\"has-blue-vibrant-color has-text-color wp-block-heading\">SAP Mitigation Services<\/h2>\n\n\n\n<div id=\"block__teaser\" class=\"block__teaser block__teaser--icon_left block__teaser--has-bg-color\" style=\"background-color: #004988\">\n    <div class=\"block__teaser__wrapper\">\n        <div class=\"block__teaser__inner\">\n            \n            \n                            \n<div class=\"block__icon__wrapper block__icon__wrapper--center\" style=\"color: #72bad7\">\n    <?xml version=\"1.0\" encoding=\"utf-8\"?>\r\n<!-- Generator: Adobe Illustrator 17.1.0, SVG Export Plug-In . SVG Version: 6.00 Build 0)  -->\r\n<!DOCTYPE svg PUBLIC \"-\/\/W3C\/\/DTD SVG 1.1\/\/EN\" \"http:\/\/www.w3.org\/Graphics\/SVG\/1.1\/DTD\/svg11.dtd\">\r\n<svg version=\"1.1\" id=\"Layer_1\" xmlns=\"http:\/\/www.w3.org\/2000\/svg\" xmlns:xlink=\"http:\/\/www.w3.org\/1999\/xlink\" x=\"0px\" y=\"0px\"\r\n\t width=\"64px\" height=\"64px\" viewBox=\"0 0 64 64\" enable-background=\"new 0 0 64 64\" xml:space=\"preserve\">\r\n<g>\r\n\t<g>\r\n\t\t<path fill=\"none\" stroke=\"currentColor\" stroke-width=\"2\" stroke-linecap=\"round\" stroke-linejoin=\"round\" stroke-miterlimit=\"10\" d=\"\r\n\t\t\tM40.9,35.5C43.1,31.9,44,26,42,22.7l-4.8,8l-6.3,0.6l-2.4-5.9l4.8-8c-3.8-0.2-8.7,3.2-10.9,6.8c-2.3,3.9-1.6,7.3,1.7,10.5\r\n\t\t\tl-8.5,13.5c-1.2,1.9-0.7,4.4,1.2,5.6c1.9,1.2,4.3,0.5,5.5-1.5l8.5-13.5C34.3,39.8,38.6,39.4,40.9,35.5z\"\/>\r\n\t<\/g>\r\n\t<path fill=\"none\" stroke=\"currentColor\" stroke-width=\"2\" stroke-linecap=\"round\" stroke-linejoin=\"round\" stroke-miterlimit=\"10\" d=\"\r\n\t\tM28,45v4h9v-3.6c2-0.9,5.6-2.6,7.7-5l4,2.1l3.7-7.7l-4.2-2.1c0.2-1,0.3-2.1,0.3-3.2c0-1.1-0.1-2.2-0.3-3.2l4.2-2.1l-3.8-7.7\r\n\t\tl-3.8,2.1c-2.1-2.4-5.7-4.2-7.7-5V10h-9v3.6c-3,0.9-6.1,2.6-8.3,5l-4.3-2.1l-3.8,7.7l4.2,2.1c-0.2,1-0.3,2.1-0.3,3.2\r\n\t\tc0,1.1,0.1,2.2,0.3,3.2l-4.2,2.1l3.8,7.7l4.4-2.3\"\/>\r\n<\/g>\r\n<\/svg>\r\n<\/div>            \n            <div class=\"block__teaser__content\">\n                                    \n\n<p class=\"has-white-color has-text-color\">In gewachsenen SAP-Systemlandschaften gibt es oft eine gro\u00dfe Anzahl von Schwachstellen. Die Beseitigung und die Reduzierung der daraus resultierenden Sicherheits- und Compliance-Risiken erfordern erhebliche interne Ressourcen und Anstrengungen. Mit unseren SAP Mitigation Services bereinigen unsere Experten Ihre Schwachstellen auf der Grundlage von Best Practices und geben Ihnen volle Projektsicherheit.<\/p>\n\n\n\n<p class=\"has-white-color has-text-color has-large-font-size\">Service-\u00dcbersicht<\/p>\n\n\n\n<ul class=\"has-white-color has-text-color wp-block-list\"><li>Kompletter Service zur Behebung von Schwachstellen zu einem festen Preis und einer festen Projektlaufzeit<\/li><li>Vollst\u00e4ndige Projektsicherheit auf Basis von SLA<\/li><li>Detaillierte Auflistung der im SAP-System vorgenommenen Korrekturen<\/li><li>Pr\u00e4sentation der Ergebnisse zur Abnahme &amp; Weiterverarbeitung<\/li><\/ul>\n\n                            <\/div>\n\n                    \n        <\/div>\n    <\/div>\n<\/div><\/div><\/div>\n\n\n\n<p class=\"has-blue-dark-color has-text-color has-large-font-size\"><strong>Inhalte und Ablauf unseres SAP Mitigation Service<\/strong><\/p>\n\n\n\n<p class=\"has-blue-dark-color has-text-color\">Unsere SAP Mitigation Services sind speziell darauf ausgerichtet, Ihre SAP-Systeme von Schwachstellen zu befreien, die durch jahrelanges Wachstum und kontinuierliche Anpassungen entstanden sind. Wir bieten eine umfassenden Service zur Beseitigung von Schwachstellen in Ihrer SAP-Systemlandschaft mit einer festen Projektlaufzeit zu einem festen Preis.<\/p>\n\n\n\n<p class=\"has-blue-dark-color has-text-color\">Wir wissen, dass es in gewachsenen SAP-Systemen oft eine Vielzahl von Schwachstellen gibt, die erhebliche Sicherheits- und Compliance-Risiken darstellen. Unsere erfahrenen SAP Sicherheitsberater arbeiten mit neuesten Technologien und Werkzeugen, um Schwachstellen in Ihrem SAP-System zu identifizieren sowie schnell und effektiv zu beheben. Wir verwenden branchenf\u00fchrende Werkzeuge wie die smarterSec Security Platform, um Ihre SAP-Systemlandschaft auf Schwachstellen zu scannen und Risiken zu identifizieren. Basierend auf dieser Analyse entwickeln wir in enger Zusammenarbeit mit Ihrem Team ma\u00dfgeschneiderte Vorgehen zur Behebung der Schwachstellen. Dabei ber\u00fccksichtigen wir Ihre individuellen Anforderungen und Priorit\u00e4ten, um sicherzustellen, dass wir die Schwachstellen auf effektive und effiziente Weise beheben.<\/p>\n\n\n\n<p class=\"has-blue-dark-color has-text-color\">Unsere erfahrenen SAP-Sicherheitsberater f\u00fchren die notwendigen Korrekturen und Ma\u00dfnahmen durch, um Ihre Systeme sicherer zu machen. Wir geben Ihnen eine detaillierte Liste der durchgef\u00fchrten Korrekturen, um die Transparenz und Nachvollziehbarkeit zu gew\u00e4hrleisten. Dar\u00fcber hinaus stellen wir sicher, dass alle \u00c4nderungen vollst\u00e4ndig dokumentiert und nachvollziehbar sind, um Ihnen bei der Einhaltung von Compliance-Anforderungen zu helfen.<\/p>\n\n\n\n<p class=\"has-blue-dark-color has-text-color\">Nach Abschluss der Korrekturen f\u00fchren wir einen abschlie\u00dfenden Test durch, um sicherzustellen, dass alle Schwachstellen behoben wurden. Wir pr\u00e4sentieren Ihnen dann die Ergebnisse zur Abnahme und Weiterverarbeitung, um sicherzustellen, dass alle Korrekturen vollst\u00e4ndig und zufriedenstellend durchgef\u00fchrt wurden.<\/p>\n\n\n\n<p class=\"has-blue-dark-color has-text-color\">Unser Ziel ist es, Ihnen eine umfassende L\u00f6sung zu bieten, die Ihre SAP-Systeme absichert und das Risiko von Sicherheits- und Compliance-Verletzungen minimiert. Wir bieten Ihnen eine vollst\u00e4ndige Projektsicherheit basierend auf SLAs und garantieren eine feste Projektlaufzeit und einen festen Preis.<\/p>\n\n\n\n<p class=\"has-blue-dark-color has-text-color\">Unser Ansatz zur SAP-Sicherheit umfasst nicht nur die Behebung von Schwachstellen, sondern auch die Implementierung von Best Practices und Richtlinien, um das Risiko von Sicherheitsverletzungen zu minimieren. Nach Abschluss des Projekts bieten wir Ihnen zudem eine kontinuierliche Unterst\u00fctzung an, um sicherzustellen, dass Ihre SAP-Systeme sicher und gesch\u00fctzt bleiben. Dar\u00fcber hinaus k\u00f6nnen auch regelm\u00e4\u00dfige \u00dcberpr\u00fcfungen oder ein dauerhaftes Monitoring Ihrer SAP-Systeme von uns durchgef\u00fchrt werden, um sicherzustellen, dass Ihre Systeme immer auf dem neuesten Stand sind.<\/p>\n\n\n\n<div id=\"block__teaser\" class=\"block__teaser block__teaser--default block__teaser--has-bg-color\" style=\"background-color: #d5dfe8\">\n    <div class=\"block__teaser__wrapper\">\n        <div class=\"block__teaser__inner\">\n            \n            \n                            \n<div class=\"block__icon__wrapper block__icon__wrapper--center\" style=\"color: #0185b7\">\n    <?xml version=\"1.0\" encoding=\"utf-8\"?>\r\n<!-- Generator: Adobe Illustrator 17.1.0, SVG Export Plug-In . SVG Version: 6.00 Build 0)  -->\r\n<!DOCTYPE svg PUBLIC \"-\/\/W3C\/\/DTD SVG 1.1\/\/EN\" \"http:\/\/www.w3.org\/Graphics\/SVG\/1.1\/DTD\/svg11.dtd\">\r\n<svg version=\"1.1\" id=\"Layer_1\" xmlns=\"http:\/\/www.w3.org\/2000\/svg\" xmlns:xlink=\"http:\/\/www.w3.org\/1999\/xlink\" x=\"0px\" y=\"0px\"\r\n\t width=\"64px\" height=\"64px\" viewBox=\"0 0 64 64\" enable-background=\"new 0 0 64 64\" xml:space=\"preserve\">\r\n<g>\r\n\t<g>\r\n\t\t<path fill=\"none\" stroke=\"currentColor\" stroke-width=\"2\" stroke-linecap=\"round\" stroke-linejoin=\"round\" stroke-miterlimit=\"10\" d=\"\r\n\t\t\tM40.9,35.5C43.1,31.9,44,26,42,22.7l-4.8,8l-6.3,0.6l-2.4-5.9l4.8-8c-3.8-0.2-8.7,3.2-10.9,6.8c-2.3,3.9-1.6,7.3,1.7,10.5\r\n\t\t\tl-8.5,13.5c-1.2,1.9-0.7,4.4,1.2,5.6c1.9,1.2,4.3,0.5,5.5-1.5l8.5-13.5C34.3,39.8,38.6,39.4,40.9,35.5z\"\/>\r\n\t<\/g>\r\n\t<path fill=\"none\" stroke=\"currentColor\" stroke-width=\"2\" stroke-linecap=\"round\" stroke-linejoin=\"round\" stroke-miterlimit=\"10\" d=\"\r\n\t\tM28,45v4h9v-3.6c2-0.9,5.6-2.6,7.7-5l4,2.1l3.7-7.7l-4.2-2.1c0.2-1,0.3-2.1,0.3-3.2c0-1.1-0.1-2.2-0.3-3.2l4.2-2.1l-3.8-7.7\r\n\t\tl-3.8,2.1c-2.1-2.4-5.7-4.2-7.7-5V10h-9v3.6c-3,0.9-6.1,2.6-8.3,5l-4.3-2.1l-3.8,7.7l4.2,2.1c-0.2,1-0.3,2.1-0.3,3.2\r\n\t\tc0,1.1,0.1,2.2,0.3,3.2l-4.2,2.1l3.8,7.7l4.4-2.3\"\/>\r\n<\/g>\r\n<\/svg>\r\n<\/div>            \n            <div class=\"block__teaser__content\">\n                                    \n\n<p class=\"has-text-align-center has-blue-dark-color has-text-color\"><strong><strong>Z\u00f6gern Sie nicht uns zu kontaktieren, um mehr \u00fcber unsere SAP Mitigation Services zu erfahren und wie wir Ihnen helfen k\u00f6nnen, Ihre SAP-Systeme abzusichern!<\/strong><\/strong><\/p>\n\n                            <\/div>\n\n                            <div class=\"block__teaser__link\">\n                    <a href=\"https:\/\/smartersec.com\/de\/kontakt\/\" target=\"\">\n                                                    Kontakt                                            <\/a>\n                <\/div>\n                    \n        <\/div>\n    <\/div>\n<\/div>\n\n\n<p class=\"has-blue-dark-color has-text-color\"><strong>Verwandte Themen:<\/strong> <a href=\"https:\/\/smartersec.com\/de\/sap-security-risk-assessment\/\" title=\"SAP Security Risk Assessment\">SAP Security Risk Assessment<\/a> \/\/ <a href=\"https:\/\/smartersec.com\/de\/sap-security-roadmap\/\" title=\"SAP Security Roadmap\">SAP Security Roadmap<\/a> <\/p>\n\n\n\n<div id=\"kontakt\" class=\"wp-block-group has-blue-light-background-color has-background\"><div class=\"wp-block-group__inner-container is-layout-flow wp-block-group-is-layout-flow\">\n<h2 class=\"wp-block-heading\">Kontakt<\/h2>\n\n\n\n<div class=\"wp-block-columns is-layout-flex wp-container-core-columns-is-layout-9d6595d7 wp-block-columns-is-layout-flex\">\n<div class=\"wp-block-column is-layout-flow wp-block-column-is-layout-flow\">\n<p><strong>smarterSec GmbH<\/strong><br>Managed Security Service Provider f\u00fcr SAP\u00ae<br><br>Albert-Nestler-Str. 21, 76131 Karlsruhe<br>Deutschland<br><br><a href=\"tel:00497211608000\">+49 (0) 721 160 800-0<\/a><br><a href=\"mailto:info@smartersec.com\">info@smartersec.com<\/a><br><\/p>\n<\/div>\n\n\n\n<div class=\"wp-block-column is-layout-flow wp-block-column-is-layout-flow\">\n<p><strong>Folgen Sie uns auf Social Media<\/strong><\/p>\n\n\n<div id=\"social-media-pagesblock_d4c61e3365b5330d6e120c1a3252f7a7\" class=\"block__social-media-pages -detect-in-viewport\">\n\n    <div class=\"block__social-media-pages__wrapper\">\n\n                    <a href=\"https:\/\/www.linkedin.com\/company\/smartersec-gmbh\" target=\"_blank\" rel=\"noopener noreferrer\" title=\"LinkedIn\">\n                                <?xml version=\"1.0\" encoding=\"UTF-8\"?> <svg xmlns=\"http:\/\/www.w3.org\/2000\/svg\" aria-hidden=\"true\" data-prefix=\"fab\" data-icon=\"linkedin-in\" class=\"svg-inline--fa fa-linkedin-in fa-w-14\" role=\"img\" viewBox=\"0 0 448 512\"><path fill=\"currentColor\" d=\"M100.28 448H7.4V148.9h92.88zM53.79 108.1C24.09 108.1 0 83.5 0 53.8a53.79 53.79 0 0 1 107.58 0c0 29.7-24.1 54.3-53.79 54.3zM447.9 448h-92.68V302.4c0-34.7-.7-79.2-48.29-79.2-48.29 0-55.69 37.7-55.69 76.7V448h-92.78V148.9h89.08v40.8h1.3c12.4-23.5 42.69-48.3 87.88-48.3 94 0 111.28 61.9 111.28 142.3V448z\"><\/path><\/svg>             <\/a>\n                    <a href=\"https:\/\/www.xing.com\/pages\/smartersec-gmbh\" target=\"_blank\" rel=\"noopener noreferrer\" title=\"Xing\">\n                                <?xml version=\"1.0\" encoding=\"UTF-8\"?> <svg xmlns=\"http:\/\/www.w3.org\/2000\/svg\" aria-hidden=\"true\" data-prefix=\"fab\" data-icon=\"xing\" class=\"svg-inline--fa fa-xing fa-w-12\" role=\"img\" viewBox=\"0 0 384 512\"><path fill=\"currentColor\" d=\"M162.7 210c-1.8 3.3-25.2 44.4-70.1 123.5-4.9 8.3-10.8 12.5-17.7 12.5H9.8c-7.7 0-12.1-7.5-8.5-14.4l69-121.3c.2 0 .2-.1 0-.3l-43.9-75.6c-4.3-7.8.3-14.1 8.5-14.1H100c7.3 0 13.3 4.1 18 12.2l44.7 77.5zM382.6 46.1l-144 253v.3L330.2 466c3.9 7.1.2 14.1-8.5 14.1h-65.2c-7.6 0-13.6-4-18-12.2l-92.4-168.5c3.3-5.8 51.5-90.8 144.8-255.2 4.6-8.1 10.4-12.2 17.5-12.2h65.7c8 0 12.3 6.7 8.5 14.1z\"><\/path><\/svg>             <\/a>\n                    <a href=\"https:\/\/www.instagram.com\/smartersec_gmbh\/\" target=\"_blank\" rel=\"noopener noreferrer\" title=\"Instagram\">\n                                <?xml version=\"1.0\" encoding=\"UTF-8\"?> <svg xmlns=\"http:\/\/www.w3.org\/2000\/svg\" aria-hidden=\"true\" data-prefix=\"fab\" data-icon=\"instagram\" class=\"svg-inline--fa fa-instagram fa-w-14\" role=\"img\" viewBox=\"0 0 448 512\"><path fill=\"currentColor\" d=\"M224.1 141c-63.6 0-114.9 51.3-114.9 114.9s51.3 114.9 114.9 114.9S339 319.5 339 255.9 287.7 141 224.1 141zm0 189.6c-41.1 0-74.7-33.5-74.7-74.7s33.5-74.7 74.7-74.7 74.7 33.5 74.7 74.7-33.6 74.7-74.7 74.7zm146.4-194.3c0 14.9-12 26.8-26.8 26.8-14.9 0-26.8-12-26.8-26.8s12-26.8 26.8-26.8 26.8 12 26.8 26.8zm76.1 27.2c-1.7-35.9-9.9-67.7-36.2-93.9-26.2-26.2-58-34.4-93.9-36.2-37-2.1-147.9-2.1-184.9 0-35.8 1.7-67.6 9.9-93.9 36.1s-34.4 58-36.2 93.9c-2.1 37-2.1 147.9 0 184.9 1.7 35.9 9.9 67.7 36.2 93.9s58 34.4 93.9 36.2c37 2.1 147.9 2.1 184.9 0 35.9-1.7 67.7-9.9 93.9-36.2 26.2-26.2 34.4-58 36.2-93.9 2.1-37 2.1-147.8 0-184.8zM398.8 388c-7.8 19.6-22.9 34.7-42.6 42.6-29.5 11.7-99.5 9-132.1 9s-102.7 2.6-132.1-9c-19.6-7.8-34.7-22.9-42.6-42.6-11.7-29.5-9-99.5-9-132.1s-2.6-102.7 9-132.1c7.8-19.6 22.9-34.7 42.6-42.6 29.5-11.7 99.5-9 132.1-9s102.7-2.6 132.1 9c19.6 7.8 34.7 22.9 42.6 42.6 11.7 29.5 9 99.5 9 132.1s2.7 102.7-9 132.1z\"><\/path><\/svg>             <\/a>\n                    <a href=\"http:\/\/www.youtube.com\/@smartersec\" target=\"_blank\" rel=\"noopener noreferrer\" title=\"YouTube\">\n                                <?xml version=\"1.0\" encoding=\"UTF-8\"?> <svg xmlns=\"http:\/\/www.w3.org\/2000\/svg\" aria-hidden=\"true\" data-prefix=\"fab\" data-icon=\"youtube\" class=\"svg-inline--fa fa-youtube fa-w-18\" role=\"img\" viewBox=\"0 0 576 512\"><path fill=\"currentColor\" d=\"M549.655 124.083c-6.281-23.65-24.787-42.276-48.284-48.597C458.781 64 288 64 288 64S117.22 64 74.629 75.486c-23.497 6.322-42.003 24.947-48.284 48.597-11.412 42.867-11.412 132.305-11.412 132.305s0 89.438 11.412 132.305c6.281 23.65 24.787 41.5 48.284 47.821C117.22 448 288 448 288 448s170.78 0 213.371-11.486c23.497-6.321 42.003-24.171 48.284-47.821 11.412-42.867 11.412-132.305 11.412-132.305s0-89.438-11.412-132.305zm-317.51 213.508V175.185l142.739 81.205-142.739 81.201z\"><\/path><\/svg>             <\/a>\n        \n    <\/div>\n\n<\/div>\n\n\n<h2 class=\"wp-block-heading\"><\/h2>\n<\/div>\n<\/div>\n<\/div><\/div>\n","protected":false},"excerpt":{"rendered":"<p>Welche Bedrohung geht von existierenden Sicherheitsl\u00fccken und Compliance-Verst\u00f6\u00dfe in meinen SAP-Systemen aus? Existierende Sicherheitsl\u00fccken und Compliance-Verst\u00f6\u00dfe in SAP-Systemen stellen eine erhebliche Bedrohung f\u00fcr die IT-Sicherheit Ihres Unternehmen dar. Cyberkriminelle und Hacker k\u00f6nnen diese Schwachstellen ausnutzen, um in das SAP-System einzudringen und sensible Daten zu stehlen, zu ver\u00e4ndern oder zu l\u00f6schen. Dabei k\u00f6nnen sie betr\u00e4chtlichen Schaden [&hellip;]<\/p>\n","protected":false},"author":3,"featured_media":0,"parent":0,"menu_order":0,"comment_status":"closed","ping_status":"closed","template":"","meta":{"footnotes":""},"class_list":["post-1238","page","type-page","status-publish","hentry"],"aioseo_notices":[],"acf":[],"_links":{"self":[{"href":"https:\/\/smartersec.com\/de\/wp-json\/wp\/v2\/pages\/1238","targetHints":{"allow":["GET"]}}],"collection":[{"href":"https:\/\/smartersec.com\/de\/wp-json\/wp\/v2\/pages"}],"about":[{"href":"https:\/\/smartersec.com\/de\/wp-json\/wp\/v2\/types\/page"}],"author":[{"embeddable":true,"href":"https:\/\/smartersec.com\/de\/wp-json\/wp\/v2\/users\/3"}],"replies":[{"embeddable":true,"href":"https:\/\/smartersec.com\/de\/wp-json\/wp\/v2\/comments?post=1238"}],"version-history":[{"count":9,"href":"https:\/\/smartersec.com\/de\/wp-json\/wp\/v2\/pages\/1238\/revisions"}],"predecessor-version":[{"id":1764,"href":"https:\/\/smartersec.com\/de\/wp-json\/wp\/v2\/pages\/1238\/revisions\/1764"}],"wp:attachment":[{"href":"https:\/\/smartersec.com\/de\/wp-json\/wp\/v2\/media?parent=1238"}],"curies":[{"name":"wp","href":"https:\/\/api.w.org\/{rel}","templated":true}]}}