{"id":1233,"date":"2023-03-29T19:35:35","date_gmt":"2023-03-29T17:35:35","guid":{"rendered":"https:\/\/smartersec.com\/?page_id=1233"},"modified":"2025-04-29T14:17:16","modified_gmt":"2025-04-29T12:17:16","slug":"forensische-analyse-fuer-sap","status":"publish","type":"page","link":"https:\/\/smartersec.com\/de\/forensische-analyse-fuer-sap\/","title":{"rendered":"Forensische Analyse f\u00fcr SAP"},"content":{"rendered":"<div id=\"keyvisualblock_02af2dd1429a0a872c9b4933ba9ee345\" class=\"block__keyvisual -detect-in-viewport\">\n\n    <div class=\"keyvisual__background\">\n        <img decoding=\"async\" width=\"1280\" height=\"720\" src=\"https:\/\/smartersec.com\/wp-content\/uploads\/2021\/08\/smarterSec-keyvisual-poster.jpg\" class=\"attachment-fullscreen_16_9 size-fullscreen_16_9\" alt=\"\" srcset=\"https:\/\/smartersec.com\/wp-content\/uploads\/2021\/08\/smarterSec-keyvisual-poster.jpg 1280w, https:\/\/smartersec.com\/wp-content\/uploads\/2021\/08\/smarterSec-keyvisual-poster-300x169.jpg 300w, https:\/\/smartersec.com\/wp-content\/uploads\/2021\/08\/smarterSec-keyvisual-poster-1024x576.jpg 1024w, https:\/\/smartersec.com\/wp-content\/uploads\/2021\/08\/smarterSec-keyvisual-poster-768x432.jpg 768w, https:\/\/smartersec.com\/wp-content\/uploads\/2021\/08\/smarterSec-keyvisual-poster-738x416.jpg 738w\" sizes=\"(max-width: 1280px) 100vw, 1280px\" \/>                                                <video class=\"keyvisual__background__video\" src=\"https:\/\/smartersec.com\/wp-content\/uploads\/2021\/08\/smarterSec-managed-security-service-provider-for-sap.mp4\" preload autoplay muted loop playsinline><\/video>\n                        <\/div>\n\n    <div class=\"keyvisual__wrapper\">\n        <div class=\"container-lg\">\n            <div class=\"row\">\n                <div class=\"keyvisual__col\">\n                    <div class=\"keyvisual__content__wrapper\">\n                        <div class=\"keyvisual__content\">\n                                                            \n\n<h2 class=\"wp-block-heading\">Forensische Analyse f\u00fcr SAP<\/h2>\n\n\n\n<p>Schnelle Identifizierung von Sicherheitsvorf\u00e4llen nach Hacker-Angriffen und Sicherung von Beweisen<\/p>\n\n                                                    <\/div>\n                    <\/div>\n                <\/div>\n            <\/div>\n        <\/div>\n        \n    <\/div>\n\n<\/div>\n\n\n<h3 class=\"wp-block-heading has-blue-vibrant-color has-text-color\">Wie k\u00f6nnen Sie schnell und effektiv handeln, um den Schaden bei einem Hackerangriff auf Ihre SAP-Systeme zu minimieren und zuk\u00fcnftige Angriffe zu verhindern?<\/h3>\n\n\n\n<p class=\"has-blue-dark-color has-text-color\">SAP-Systeme sind ein beliebtes Ziel f\u00fcr Hackerangriffe, da sie oft sensible Gesch\u00e4ftsdaten enthalten. Im Falle eines Angriffs ist es daher von gr\u00f6\u00dfter Bedeutung, schnell zu handeln, um den Schaden zu minimieren und Ihre Systeme wiederherzustellen. Eine Zusammenarbeit mit IT-Experten und forensischen Analysten kann dabei helfen, die Schwachstellen schnell zu identifizieren, den Angriff zu untersuchen und Ma\u00dfnahmen zur Verbesserung der Sicherheit zu implementieren.<\/p>\n\n\n\n<div class=\"wp-block-group\"><div class=\"wp-block-group__inner-container is-layout-flow wp-block-group-is-layout-flow\">\n<h2 class=\"wp-block-heading has-blue-vibrant-color has-text-color\" id=\"forensic-analysis-for-sap\">Forensische Analyse f\u00fcr SAP<\/h2>\n\n\n\n<div id=\"block__teaser\" class=\"block__teaser block__teaser--icon_left block__teaser--has-bg-color\" style=\"background-color: #004988\">\n    <div class=\"block__teaser__wrapper\">\n        <div class=\"block__teaser__inner\">\n            \n            \n                            \n<div class=\"block__icon__wrapper block__icon__wrapper--center\" style=\"color: #72bad7\">\n    <?xml version=\"1.0\" encoding=\"utf-8\"?>\r\n<!-- Generator: Adobe Illustrator 17.1.0, SVG Export Plug-In . SVG Version: 6.00 Build 0)  -->\r\n<!DOCTYPE svg PUBLIC \"-\/\/W3C\/\/DTD SVG 1.1\/\/EN\" \"http:\/\/www.w3.org\/Graphics\/SVG\/1.1\/DTD\/svg11.dtd\">\r\n<svg version=\"1.1\" id=\"Layer_1\" xmlns=\"http:\/\/www.w3.org\/2000\/svg\" xmlns:xlink=\"http:\/\/www.w3.org\/1999\/xlink\" x=\"0px\" y=\"0px\"\r\n\t width=\"64px\" height=\"64px\" viewBox=\"0 0 64 64\" enable-background=\"new 0 0 64 64\" xml:space=\"preserve\">\r\n<g>\r\n\t<g>\r\n\t\t<g>\r\n\t\t\t<path fill=\"none\" stroke=\"currentColor\" stroke-width=\"2\" stroke-linecap=\"round\" stroke-linejoin=\"round\" stroke-miterlimit=\"10\" d=\"\r\n\t\t\t\tM50.3,27.1c-2-10.1-11.9-16.6-22-14.6c-10.1,2-16.6,14.3-14.6,24.4\"\/>\r\n\t\t<\/g>\r\n\t<\/g>\r\n\t<g>\r\n\t\t<g>\r\n\t\t\t<path fill=\"none\" stroke=\"currentColor\" stroke-width=\"2\" stroke-linecap=\"round\" stroke-linejoin=\"round\" stroke-miterlimit=\"10\" d=\"\r\n\t\t\t\tM50.7,33.6c0-1.3-0.1-5.1-0.4-6.5\"\/>\r\n\t\t\t<path fill=\"none\" stroke=\"currentColor\" stroke-width=\"2\" stroke-linecap=\"round\" stroke-linejoin=\"round\" stroke-miterlimit=\"10\" d=\"\r\n\t\t\t\tM13.7,36.9c0.1,0.3,0.1,0.5,0.2,0.8\"\/>\r\n\t\t<\/g>\r\n\t<\/g>\r\n\t<path fill=\"none\" stroke=\"currentColor\" stroke-width=\"2\" stroke-linecap=\"round\" stroke-linejoin=\"round\" stroke-miterlimit=\"10\" d=\"\r\n\t\tM27.2,51.2c4.2-4.8,6.2-13.8,4.8-20.5\"\/>\r\n\t<path fill=\"none\" stroke=\"currentColor\" stroke-width=\"2\" stroke-linecap=\"round\" stroke-linejoin=\"round\" stroke-miterlimit=\"10\" d=\"\r\n\t\tM32.6,51.9c3.8-5.5,5.4-14.9,4-22l0,0c-0.5-2.5-3-4.2-5.5-3.7c-2.5,0.5-4.2,3-3.7,5.5l0,0c1.2,5.8-0.9,13.9-4.9,17.6\"\/>\r\n\t<path fill=\"none\" stroke=\"currentColor\" stroke-width=\"2\" stroke-linecap=\"round\" stroke-linejoin=\"round\" stroke-miterlimit=\"10\" d=\"\r\n\t\tM38.7,50.6c2.8-5.8,3.8-14.9,2.5-21.7l0,0c-1-5.1-5.9-8.3-11-7.3c-5.1,1-8.3,5.9-7.3,11l0,0c0.9,4.4-0.8,11.1-4.1,13.8\"\/>\r\n\t<path fill=\"none\" stroke=\"currentColor\" stroke-width=\"2\" stroke-linecap=\"round\" stroke-linejoin=\"round\" stroke-miterlimit=\"10\" d=\"\r\n\t\tM45.2,46.4c1.3-5,1.6-12.9,0.5-18.3l0,0c-1.5-7.6-8.9-12.5-16.5-11c-7.6,1.5-12.5,11.3-11,18.9l0,0c0.5,2.6-0.5,5.1-2.3,6.7\"\/>\r\n<\/g>\r\n<\/svg>\r\n<\/div>            \n            <div class=\"block__teaser__content\">\n                                    \n\n<p class=\"has-white-color has-text-color\">Mit unserer forensischen Analyse f\u00fcr SAP unterst\u00fctzen wir Sie nach einem Cyber-Angriff auf Ihr Unternehmen, um Ihre Daten zu sichern und den Umfang des Angriffs zu bewerten. Aufgrund unserer Erfahrung mit Angriffsvektoren sind wir oft in der Lage, das Szenario zu rekonstruieren und Beweise zu liefern, die f\u00fcr rechtliche Schritte und die Berichterstattung weiterverwendet werden k\u00f6nnen.<\/p>\n\n\n\n<p class=\"has-white-color has-text-color has-large-font-size\">Service-\u00dcbersicht<\/p>\n\n\n\n<ul class=\"wp-block-list has-white-color has-text-color\">\n<li>Identifizierung des Vorfalls<\/li>\n\n\n\n<li>Beschaffung von Beweisen<\/li>\n\n\n\n<li>Sicherung des Beweismaterials<\/li>\n\n\n\n<li>Analyse des Beweismaterials<\/li>\n\n\n\n<li>Dokumentation und Pr\u00e4sentation des Ergebnisses<\/li>\n<\/ul>\n\n                            <\/div>\n\n                    \n        <\/div>\n    <\/div>\n<\/div><\/div><\/div>\n\n\n\n<p class=\"has-blue-dark-color has-text-color has-large-font-size\"><strong>Inhalte und Ablauf unserer forensischen Analysen von SAP-Systemen<\/strong><\/p>\n\n\n\n<p class=\"has-blue-dark-color has-text-color\">Unser Forensische Analyse f\u00fcr SAP-Systeme bietet eine umfassende Untersuchung von sicherheitsrelevanten Vorf\u00e4llen in Ihrer SAP-Systemlandschaft. Unser erfahrenes Expertenteam f\u00fchrt eine detaillierte Untersuchung durch, um den Umfang des Vorfalls und die betroffenen Systeme zu identifizieren und die Schwachstellen schnellstm\u00f6glich zu beheben.<\/p>\n\n\n\n<p class=\"has-blue-dark-color has-text-color\">Wir beginnen mit einer technischen Analyse der betroffenen Systeme und pr\u00fcfen s\u00e4mtliche System-Logs, um den Umfang des Vorfalls zu ermitteln und m\u00f6gliche Spuren des Angriffs zu finden. Wir setzen spezielle Werkzeuge ein, um umfangreiche Protokolldaten auszuwerten und verd\u00e4chtige Aktivit\u00e4ten zu erkennen.<\/p>\n\n\n\n<p class=\"has-blue-dark-color has-text-color\">Unsere Forensiker f\u00fchren dann eine tiefgehende Untersuchung der Verdachtsmomente durch, um die Ursache und den Umfang des Sicherheitsvorfalls zu ermitteln. Hierbei nutzen sie ihre Expertise und Erfahrung, um schnell und effektiv den Sicherheitsvorfall zu identifizieren und gerichtsverwertbare Beweise zu sichern.<\/p>\n\n\n\n<p class=\"has-blue-dark-color has-text-color\">Wir arbeiten eng mit Ihrem Unternehmen und Ihrem Rechtsanwalt zusammen, um sicherzustellen, dass alle gesammelten Daten korrekt aufbereitet und gerichtsverwertbar sind. Dabei legen wir Wert auf Transparenz und eine offene Kommunikation, um sicherzustellen, dass Sie stets \u00fcber den Fortschritt der Untersuchung informiert sind.<\/p>\n\n\n\n<p class=\"has-blue-dark-color has-text-color\">Unser Ziel ist es, Ihnen dabei zu helfen, m\u00f6gliche rechtliche Konsequenzen zu vermeiden und Ihre SAP-Systemlandschaft sicherer zu machen. Wir erstellen auch Empfehlungen zur Verbesserung der Sicherheit und Compliance in Ihrem SAP-System, um zuk\u00fcnftige Sicherheitsvorf\u00e4lle zu vermeiden.<\/p>\n\n\n\n<p class=\"has-blue-dark-color has-text-color\">Insgesamt bietet unser SAP Forensik-Service eine umfassende und professionelle Untersuchung von Sicherheitsvorf\u00e4llen in SAP-Systemen. Unsere Forensiker haben eine tiefgehende Erfahrung und Expertise, um Sie bei der Identifizierung von T\u00e4tern und der Aufbereitung von gerichtsverwertbaren Daten zu unterst\u00fctzen.<\/p>\n\n\n\n<div id=\"block__teaser\" class=\"block__teaser block__teaser--default block__teaser--has-bg-color\" style=\"background-color: #d5dfe8\">\n    <div class=\"block__teaser__wrapper\">\n        <div class=\"block__teaser__inner\">\n            \n            \n                            \n<div class=\"block__icon__wrapper block__icon__wrapper--center\" style=\"color: #0185b7\">\n    <?xml version=\"1.0\" encoding=\"utf-8\"?>\r\n<!-- Generator: Adobe Illustrator 17.1.0, SVG Export Plug-In . SVG Version: 6.00 Build 0)  -->\r\n<!DOCTYPE svg PUBLIC \"-\/\/W3C\/\/DTD SVG 1.1\/\/EN\" \"http:\/\/www.w3.org\/Graphics\/SVG\/1.1\/DTD\/svg11.dtd\">\r\n<svg version=\"1.1\" id=\"Layer_1\" xmlns=\"http:\/\/www.w3.org\/2000\/svg\" xmlns:xlink=\"http:\/\/www.w3.org\/1999\/xlink\" x=\"0px\" y=\"0px\"\r\n\t width=\"64px\" height=\"64px\" viewBox=\"0 0 64 64\" enable-background=\"new 0 0 64 64\" xml:space=\"preserve\">\r\n<g>\r\n\t<g>\r\n\t\t<g>\r\n\t\t\t<path fill=\"none\" stroke=\"currentColor\" stroke-width=\"2\" stroke-linecap=\"round\" stroke-linejoin=\"round\" stroke-miterlimit=\"10\" d=\"\r\n\t\t\t\tM50.3,27.1c-2-10.1-11.9-16.6-22-14.6c-10.1,2-16.6,14.3-14.6,24.4\"\/>\r\n\t\t<\/g>\r\n\t<\/g>\r\n\t<g>\r\n\t\t<g>\r\n\t\t\t<path fill=\"none\" stroke=\"currentColor\" stroke-width=\"2\" stroke-linecap=\"round\" stroke-linejoin=\"round\" stroke-miterlimit=\"10\" d=\"\r\n\t\t\t\tM50.7,33.6c0-1.3-0.1-5.1-0.4-6.5\"\/>\r\n\t\t\t<path fill=\"none\" stroke=\"currentColor\" stroke-width=\"2\" stroke-linecap=\"round\" stroke-linejoin=\"round\" stroke-miterlimit=\"10\" d=\"\r\n\t\t\t\tM13.7,36.9c0.1,0.3,0.1,0.5,0.2,0.8\"\/>\r\n\t\t<\/g>\r\n\t<\/g>\r\n\t<path fill=\"none\" stroke=\"currentColor\" stroke-width=\"2\" stroke-linecap=\"round\" stroke-linejoin=\"round\" stroke-miterlimit=\"10\" d=\"\r\n\t\tM27.2,51.2c4.2-4.8,6.2-13.8,4.8-20.5\"\/>\r\n\t<path fill=\"none\" stroke=\"currentColor\" stroke-width=\"2\" stroke-linecap=\"round\" stroke-linejoin=\"round\" stroke-miterlimit=\"10\" d=\"\r\n\t\tM32.6,51.9c3.8-5.5,5.4-14.9,4-22l0,0c-0.5-2.5-3-4.2-5.5-3.7c-2.5,0.5-4.2,3-3.7,5.5l0,0c1.2,5.8-0.9,13.9-4.9,17.6\"\/>\r\n\t<path fill=\"none\" stroke=\"currentColor\" stroke-width=\"2\" stroke-linecap=\"round\" stroke-linejoin=\"round\" stroke-miterlimit=\"10\" d=\"\r\n\t\tM38.7,50.6c2.8-5.8,3.8-14.9,2.5-21.7l0,0c-1-5.1-5.9-8.3-11-7.3c-5.1,1-8.3,5.9-7.3,11l0,0c0.9,4.4-0.8,11.1-4.1,13.8\"\/>\r\n\t<path fill=\"none\" stroke=\"currentColor\" stroke-width=\"2\" stroke-linecap=\"round\" stroke-linejoin=\"round\" stroke-miterlimit=\"10\" d=\"\r\n\t\tM45.2,46.4c1.3-5,1.6-12.9,0.5-18.3l0,0c-1.5-7.6-8.9-12.5-16.5-11c-7.6,1.5-12.5,11.3-11,18.9l0,0c0.5,2.6-0.5,5.1-2.3,6.7\"\/>\r\n<\/g>\r\n<\/svg>\r\n<\/div>            \n            <div class=\"block__teaser__content\">\n                                    \n\n<p class=\"has-text-align-center has-blue-dark-color has-text-color\"><strong><strong>Falls Sie Bedenken bez\u00fcglich der Sicherheit Ihrer SAP-Systeme haben oder bereits Opfer eines Sicherheitsvorfalls geworden sind, z\u00f6gern Sie nicht uns zu kontaktieren<\/strong>!<\/strong><\/p>\n\n                            <\/div>\n\n                            <div class=\"block__teaser__link\">\n                    <a href=\"https:\/\/smartersec.com\/de\/kontakt\/\" target=\"\">\n                                                    Kontakt                                            <\/a>\n                <\/div>\n                    \n        <\/div>\n    <\/div>\n<\/div>\n\n\n<p class=\"has-blue-dark-color has-text-color\"><strong>Verwandte Themen:<\/strong> <a href=\"https:\/\/smartersec.com\/de\/smartersec-security-platform\/\" title=\"smarterSec Security Platform\">smarterSec Security Platform<\/a> \/\/ <a href=\"https:\/\/smartersec.com\/de\/sap-security-compliance-audit\/\" title=\"SAP Security &amp; Compliance Audit\">SAP Security &amp; Compliance Audit<\/a><\/p>\n\n\n\n<div id=\"kontakt\" class=\"wp-block-group has-blue-light-background-color has-background\"><div class=\"wp-block-group__inner-container is-layout-flow wp-block-group-is-layout-flow\">\n<h2 class=\"wp-block-heading\">Kontakt<\/h2>\n\n\n\n<div class=\"wp-block-columns is-layout-flex wp-container-core-columns-is-layout-9d6595d7 wp-block-columns-is-layout-flex\">\n<div class=\"wp-block-column is-layout-flow wp-block-column-is-layout-flow\">\n<p><strong>smarterSec GmbH<\/strong><br>Managed Security Service Provider f\u00fcr SAP\u00ae<br><br>Albert-Nestler-Str. 21<br>76131 Karlsruhe, Deutschland<br><br>+49 (0) 721 160 800-0<br><a href=\"mailto:info@smartersec.com\">info@smartersec.com<\/a><\/p>\n<\/div>\n\n\n\n<div class=\"wp-block-column is-layout-flow wp-block-column-is-layout-flow\">\n<p><strong>smarterSec APJ Pty Ltd. <\/strong><br>Managed Security Service Provider f\u00fcr SAP\u00ae<br><br><br>Sydney, Australien<br><br>+61 (0) 419 000 723<br><a href=\"mailto:info@smartersec.com\">info@smartersec.com<\/a><\/p>\n<\/div>\n<\/div>\n\n\n\n<p><strong>Folgen Sie uns auf Social Media<\/strong><\/p>\n\n\n<div id=\"social-media-pagesblock_a4d2ea1c4566e074f881075cf918cba0\" class=\"block__social-media-pages -detect-in-viewport\">\n\n    <div class=\"block__social-media-pages__wrapper\">\n\n                    <a href=\"https:\/\/www.linkedin.com\/company\/smartersec-gmbh\" target=\"_blank\" rel=\"noopener noreferrer\" title=\"LinkedIn\">\n                                <?xml version=\"1.0\" encoding=\"UTF-8\"?> <svg xmlns=\"http:\/\/www.w3.org\/2000\/svg\" aria-hidden=\"true\" data-prefix=\"fab\" data-icon=\"linkedin-in\" class=\"svg-inline--fa fa-linkedin-in fa-w-14\" role=\"img\" viewBox=\"0 0 448 512\"><path fill=\"currentColor\" d=\"M100.28 448H7.4V148.9h92.88zM53.79 108.1C24.09 108.1 0 83.5 0 53.8a53.79 53.79 0 0 1 107.58 0c0 29.7-24.1 54.3-53.79 54.3zM447.9 448h-92.68V302.4c0-34.7-.7-79.2-48.29-79.2-48.29 0-55.69 37.7-55.69 76.7V448h-92.78V148.9h89.08v40.8h1.3c12.4-23.5 42.69-48.3 87.88-48.3 94 0 111.28 61.9 111.28 142.3V448z\"><\/path><\/svg>             <\/a>\n                    <a href=\"https:\/\/www.xing.com\/pages\/smartersec-gmbh\" target=\"_blank\" rel=\"noopener noreferrer\" title=\"Xing\">\n                                <?xml version=\"1.0\" encoding=\"UTF-8\"?> <svg xmlns=\"http:\/\/www.w3.org\/2000\/svg\" aria-hidden=\"true\" data-prefix=\"fab\" data-icon=\"xing\" class=\"svg-inline--fa fa-xing fa-w-12\" role=\"img\" viewBox=\"0 0 384 512\"><path fill=\"currentColor\" d=\"M162.7 210c-1.8 3.3-25.2 44.4-70.1 123.5-4.9 8.3-10.8 12.5-17.7 12.5H9.8c-7.7 0-12.1-7.5-8.5-14.4l69-121.3c.2 0 .2-.1 0-.3l-43.9-75.6c-4.3-7.8.3-14.1 8.5-14.1H100c7.3 0 13.3 4.1 18 12.2l44.7 77.5zM382.6 46.1l-144 253v.3L330.2 466c3.9 7.1.2 14.1-8.5 14.1h-65.2c-7.6 0-13.6-4-18-12.2l-92.4-168.5c3.3-5.8 51.5-90.8 144.8-255.2 4.6-8.1 10.4-12.2 17.5-12.2h65.7c8 0 12.3 6.7 8.5 14.1z\"><\/path><\/svg>             <\/a>\n                    <a href=\"https:\/\/www.instagram.com\/smartersec_gmbh\/\" target=\"_blank\" rel=\"noopener noreferrer\" title=\"Instagram\">\n                                <?xml version=\"1.0\" encoding=\"UTF-8\"?> <svg xmlns=\"http:\/\/www.w3.org\/2000\/svg\" aria-hidden=\"true\" data-prefix=\"fab\" data-icon=\"instagram\" class=\"svg-inline--fa fa-instagram fa-w-14\" role=\"img\" viewBox=\"0 0 448 512\"><path fill=\"currentColor\" d=\"M224.1 141c-63.6 0-114.9 51.3-114.9 114.9s51.3 114.9 114.9 114.9S339 319.5 339 255.9 287.7 141 224.1 141zm0 189.6c-41.1 0-74.7-33.5-74.7-74.7s33.5-74.7 74.7-74.7 74.7 33.5 74.7 74.7-33.6 74.7-74.7 74.7zm146.4-194.3c0 14.9-12 26.8-26.8 26.8-14.9 0-26.8-12-26.8-26.8s12-26.8 26.8-26.8 26.8 12 26.8 26.8zm76.1 27.2c-1.7-35.9-9.9-67.7-36.2-93.9-26.2-26.2-58-34.4-93.9-36.2-37-2.1-147.9-2.1-184.9 0-35.8 1.7-67.6 9.9-93.9 36.1s-34.4 58-36.2 93.9c-2.1 37-2.1 147.9 0 184.9 1.7 35.9 9.9 67.7 36.2 93.9s58 34.4 93.9 36.2c37 2.1 147.9 2.1 184.9 0 35.9-1.7 67.7-9.9 93.9-36.2 26.2-26.2 34.4-58 36.2-93.9 2.1-37 2.1-147.8 0-184.8zM398.8 388c-7.8 19.6-22.9 34.7-42.6 42.6-29.5 11.7-99.5 9-132.1 9s-102.7 2.6-132.1-9c-19.6-7.8-34.7-22.9-42.6-42.6-11.7-29.5-9-99.5-9-132.1s-2.6-102.7 9-132.1c7.8-19.6 22.9-34.7 42.6-42.6 29.5-11.7 99.5-9 132.1-9s102.7-2.6 132.1 9c19.6 7.8 34.7 22.9 42.6 42.6 11.7 29.5 9 99.5 9 132.1s2.7 102.7-9 132.1z\"><\/path><\/svg>             <\/a>\n                    <a href=\"http:\/\/www.youtube.com\/@smartersec\" target=\"_blank\" rel=\"noopener noreferrer\" title=\"YouTube\">\n                                <?xml version=\"1.0\" encoding=\"UTF-8\"?> <svg xmlns=\"http:\/\/www.w3.org\/2000\/svg\" aria-hidden=\"true\" data-prefix=\"fab\" data-icon=\"youtube\" class=\"svg-inline--fa fa-youtube fa-w-18\" role=\"img\" viewBox=\"0 0 576 512\"><path fill=\"currentColor\" d=\"M549.655 124.083c-6.281-23.65-24.787-42.276-48.284-48.597C458.781 64 288 64 288 64S117.22 64 74.629 75.486c-23.497 6.322-42.003 24.947-48.284 48.597-11.412 42.867-11.412 132.305-11.412 132.305s0 89.438 11.412 132.305c6.281 23.65 24.787 41.5 48.284 47.821C117.22 448 288 448 288 448s170.78 0 213.371-11.486c23.497-6.321 42.003-24.171 48.284-47.821 11.412-42.867 11.412-132.305 11.412-132.305s0-89.438-11.412-132.305zm-317.51 213.508V175.185l142.739 81.205-142.739 81.201z\"><\/path><\/svg>             <\/a>\n        \n    <\/div>\n\n<\/div><\/div><\/div>\n","protected":false},"excerpt":{"rendered":"<p>Wie k\u00f6nnen Sie schnell und effektiv handeln, um den Schaden bei einem Hackerangriff auf Ihre SAP-Systeme zu minimieren und zuk\u00fcnftige Angriffe zu verhindern? SAP-Systeme sind ein beliebtes Ziel f\u00fcr Hackerangriffe, da sie oft sensible Gesch\u00e4ftsdaten enthalten. Im Falle eines Angriffs ist es daher von gr\u00f6\u00dfter Bedeutung, schnell zu handeln, um den Schaden zu minimieren und [&hellip;]<\/p>\n","protected":false},"author":3,"featured_media":0,"parent":0,"menu_order":0,"comment_status":"closed","ping_status":"closed","template":"","meta":{"footnotes":""},"class_list":["post-1233","page","type-page","status-publish","hentry"],"aioseo_notices":[],"acf":[],"_links":{"self":[{"href":"https:\/\/smartersec.com\/de\/wp-json\/wp\/v2\/pages\/1233","targetHints":{"allow":["GET"]}}],"collection":[{"href":"https:\/\/smartersec.com\/de\/wp-json\/wp\/v2\/pages"}],"about":[{"href":"https:\/\/smartersec.com\/de\/wp-json\/wp\/v2\/types\/page"}],"author":[{"embeddable":true,"href":"https:\/\/smartersec.com\/de\/wp-json\/wp\/v2\/users\/3"}],"replies":[{"embeddable":true,"href":"https:\/\/smartersec.com\/de\/wp-json\/wp\/v2\/comments?post=1233"}],"version-history":[{"count":10,"href":"https:\/\/smartersec.com\/de\/wp-json\/wp\/v2\/pages\/1233\/revisions"}],"predecessor-version":[{"id":3536,"href":"https:\/\/smartersec.com\/de\/wp-json\/wp\/v2\/pages\/1233\/revisions\/3536"}],"wp:attachment":[{"href":"https:\/\/smartersec.com\/de\/wp-json\/wp\/v2\/media?parent=1233"}],"curies":[{"name":"wp","href":"https:\/\/api.w.org\/{rel}","templated":true}]}}