{"id":1231,"date":"2023-03-29T19:31:14","date_gmt":"2023-03-29T17:31:14","guid":{"rendered":"https:\/\/smartersec.com\/?page_id=1231"},"modified":"2025-04-29T14:22:12","modified_gmt":"2025-04-29T12:22:12","slug":"sap-security-roadmap","status":"publish","type":"page","link":"https:\/\/smartersec.com\/de\/sap-security-roadmap\/","title":{"rendered":"SAP Security Roadmap"},"content":{"rendered":"<div id=\"keyvisualblock_0ed717d3a59524c68f326bf0b20a0665\" class=\"block__keyvisual -detect-in-viewport\">\n\n    <div class=\"keyvisual__background\">\n        <img decoding=\"async\" width=\"1280\" height=\"720\" src=\"https:\/\/smartersec.com\/wp-content\/uploads\/2021\/08\/smarterSec-keyvisual-poster.jpg\" class=\"attachment-fullscreen_16_9 size-fullscreen_16_9\" alt=\"\" srcset=\"https:\/\/smartersec.com\/wp-content\/uploads\/2021\/08\/smarterSec-keyvisual-poster.jpg 1280w, https:\/\/smartersec.com\/wp-content\/uploads\/2021\/08\/smarterSec-keyvisual-poster-300x169.jpg 300w, https:\/\/smartersec.com\/wp-content\/uploads\/2021\/08\/smarterSec-keyvisual-poster-1024x576.jpg 1024w, https:\/\/smartersec.com\/wp-content\/uploads\/2021\/08\/smarterSec-keyvisual-poster-768x432.jpg 768w, https:\/\/smartersec.com\/wp-content\/uploads\/2021\/08\/smarterSec-keyvisual-poster-738x416.jpg 738w\" sizes=\"(max-width: 1280px) 100vw, 1280px\" \/>                                                <video class=\"keyvisual__background__video\" src=\"https:\/\/smartersec.com\/wp-content\/uploads\/2021\/08\/smarterSec-managed-security-service-provider-for-sap.mp4\" preload autoplay muted loop playsinline><\/video>\n                        <\/div>\n\n    <div class=\"keyvisual__wrapper\">\n        <div class=\"container-lg\">\n            <div class=\"row\">\n                <div class=\"keyvisual__col\">\n                    <div class=\"keyvisual__content__wrapper\">\n                        <div class=\"keyvisual__content\">\n                                                            \n\n<h2 class=\"wp-block-heading\">SAP Security Roadmap<\/h2>\n\n\n\n<p>Bewertung des aktuellen Sicherheits- und Compliance-Levels Ihres SAP-Systems zur H\u00e4rtung durch einen klaren Projektplan zur Mitigation <\/p>\n\n                                                    <\/div>\n                    <\/div>\n                <\/div>\n            <\/div>\n        <\/div>\n        \n    <\/div>\n\n<\/div>\n\n\n<h3 class=\"wp-block-heading has-blue-dark-color has-text-color has-link-color wp-elements-19051da036778ffcf8f8e57bc947702b\"><strong>ZWECK UND STRATEGISCHER NUTZEN<\/strong><\/h3>\n\n\n\n<p>Eine technisch fundierte SAP Security Roadmap ist essenziell, um Schwachstellen systematisch zu identifizieren, zu priorisieren und zu beheben. Unternehmen k\u00f6nnen damit ihre SAP-Systemlandschaft kontinuierlich h\u00e4rten und gleichzeitig strategische Initiativen wie die S\/4HANA-Transformation und den Umstieg auf SAP RISE sicher gestalten. Eine gut strukturierte SAP Security Roadmap gibt Ihnen eine klare Vorstellung von den Schritten, die Sie unternehmen m\u00fcssen, um Ihre SAP-Systeme sicherer zu machen und vor k\u00fcnftigen Bedrohungen zu sch\u00fctzen.<\/p>\n\n\n\n<h3 class=\"wp-block-heading has-blue-dark-color has-text-color has-link-color wp-elements-6692ee332028e99a8e1303837e913835\"><strong>SERVICEZIELE<\/strong><\/h3>\n\n\n\n<p>Das Hauptziel unseres Service besteht darin, die Risiken in den SAP-Systemen ganzheitlich zu analysieren und einen klaren, priorisierten Ma\u00dfnahmenplan zu erstellen. Dieser Plan ber\u00fccksichtigt sowohl technische als auch organisatorische Aspekte und dient als Leitfaden f\u00fcr die Umsetzung der empfohlenen Sicherheitsma\u00dfnahmen.<\/p>\n\n\n\n<p>Unser Service beinhaltet eine ma\u00dfgeschneiderte SAP Security Roadmap, die Unternehmen durch eine schrittweise Implementierung von Sicherheitsverbesserungen sowie der Mitigation von Schwachstellen f\u00fchrt und dabei eine minimale Unterbrechung des Betriebs gew\u00e4hrleistet. Der Service ist f\u00fcr jede Organisation ma\u00dfgeschneidert, um die individuellen Anforderungen jedes Unternehmens zu erf\u00fcllen, unabh\u00e4ngig davon, ob es in stark regulierten Branchen t\u00e4tig ist oder komplexe SAP-Landschaften verwaltet.<\/p>\n\n\n\n<p>Die Serviceziele f\u00fcr unsere SAP Security Roadmap lassen sich wie folgt zusammenfassen:<\/p>\n\n\n\n<ul class=\"wp-block-list\">\n<li>Analyse der vorhandenen Sicherheitsschwachstellen und Compliance-Risiken auf Basis etablierter Industrieleitf\u00e4den, wie z.B. BSI Grundschutz, SAP, DSAG, EU-DSGVO<\/li>\n\n\n\n<li>Kategorisierung und Priorisierung der Schwachstellen in einem Projektplan zur Mitigation (Ma\u00dfnahmenplan) \u00a0<\/li>\n\n\n\n<li>Vorbereitung &amp; Sicherstellung einer sicheren Migration von ECC zu S\/4HANA in RISE<\/li>\n\n\n\n<li>Transparenz &amp; Ber\u00fccksichtigung von Cloud- und SAP RISE-spezifischen Risiken<\/li>\n\n\n\n<li>Definition einer gesamtheitlichen Sicherheitsstrategie f\u00fcr den SAP-Betrieb vor und nach der Migration sowie f\u00fcr eine Cloud-Governance<\/li>\n<\/ul>\n\n\n\n<h3 class=\"wp-block-heading has-blue-dark-color has-text-color has-link-color wp-elements-6d8dbd52d6e3f1e4e147d0562d680d18\"><strong>LEISTUNGSUMFANG<\/strong><\/h3>\n\n\n\n<p class=\"has-blue-vibrant-color has-text-color has-link-color wp-elements-e28903bb13440749390bc4ce970211cf\"><strong>Automatisierte Schwachstellenidentifikation im SAP-System<\/strong><\/p>\n\n\n\n<p>Einsatz der smarterSec Security Platform zur Analyse unsicherer Konfigurationen und Schnittstellen, kritischer Berechtigungen, fehlender Patches und weiteren Risiken wie eigenentwickelten Code. Die automatisierte Analyse umfasst mehr als 350 Pr\u00fcfungen, basierend auf etablierten Industrie-Guidelines sowie unserer langj\u00e4hrigen Erfahrung in der SAP Sicherheit- und Compliance-Beratung.<br><br><\/p>\n\n\n\n<figure class=\"wp-block-image size-full\"><img decoding=\"async\" width=\"945\" height=\"462\" src=\"https:\/\/smartersec.com\/wp-content\/uploads\/2025\/04\/image-5.png\" alt=\"\" class=\"wp-image-4958\" srcset=\"https:\/\/smartersec.com\/wp-content\/uploads\/2025\/04\/image-5.png 945w, https:\/\/smartersec.com\/wp-content\/uploads\/2025\/04\/image-5-300x147.png 300w, https:\/\/smartersec.com\/wp-content\/uploads\/2025\/04\/image-5-768x375.png 768w\" sizes=\"(max-width: 945px) 100vw, 945px\" \/><figcaption class=\"wp-element-caption\"><strong>Abbildung 1: Ergebnisse einer Analyse mit der smarterSec Security Platform<\/strong><\/figcaption><\/figure>\n\n\n\n<p><br>Das Ergebnis der Analyse ist eine vollst\u00e4ndige Bestandsaufnahme der im SAP-System enthaltenen Schwachstellen und bildet die Grundlage f\u00fcr die weitere Ausgestaltung eines Projektplans zur Mitigation sowie Empfehlungen f\u00fcr strategische Sicherheitsma\u00dfnahmen. Die vollst\u00e4ndigen Ergebnisse der Analyse werden automatisiert als Audit-Report, Management-Pr\u00e4sentation und CSV- oder JSON-Dateien generiert und zur Verf\u00fcgung gestellt. Die Dateien enthalten detaillierte Dokumentationen mit Anweisungen zur Mitigation der einzelnen Findings. \u00a0\u00a0\u00a0<\/p>\n\n\n\n<p class=\"has-blue-vibrant-color has-text-color has-link-color wp-elements-fe1695dd8761a1c7dee2e47214986a8e\"><br><strong>Erstellung eines Ma\u00dfnahmenplans zur Behebung von Schwachstellen<\/strong><\/p>\n\n\n\n<p>Erstellung eines detaillierten Projektplans zur Mitigation mit Arbeitspaketen, Meilensteinen und einem kundenspezifischen Zeitrahmen, der sich an dem tats\u00e4chlich \u201eleistbaren\u201c orientiert \u2013 dabei wird jede Organisation individuell betrachtet. Sind keine Ressourcen vorhanden oder fehlt es an dediziertem SAP Security Know-how, kann smarterSec die Mitigation auf einer zus\u00e4tzlichen Projektbasis vollst\u00e4ndig \u00fcbernehmen. Dabei gilt: Alles, was wir als Schwachstelle identifizieren, k\u00f6nnen wir auch f\u00fcr unsere Kunden oder in Know-how-Transferprojekten gemeinsam mit unseren Kunden beheben.<br><br><\/p>\n\n\n\n<figure class=\"wp-block-image size-full\"><img decoding=\"async\" width=\"945\" height=\"284\" src=\"https:\/\/smartersec.com\/wp-content\/uploads\/2025\/04\/image-6.png\" alt=\"\" class=\"wp-image-4960\" srcset=\"https:\/\/smartersec.com\/wp-content\/uploads\/2025\/04\/image-6.png 945w, https:\/\/smartersec.com\/wp-content\/uploads\/2025\/04\/image-6-300x90.png 300w, https:\/\/smartersec.com\/wp-content\/uploads\/2025\/04\/image-6-768x231.png 768w\" sizes=\"(max-width: 945px) 100vw, 945px\" \/><figcaption class=\"wp-element-caption\"><strong>Abbildung 2: Auszug eines Projektplans zur Mitigation<\/strong><\/figcaption><\/figure>\n\n\n\n<p><br>Der Projektplan definiert insbesondere die Rollen und Verantwortlichkeiten innerhalb des Projektteams, um eine effiziente Umsetzung der Sicherheitsma\u00dfnahmen sicherzustellen.\u200b Durch regelm\u00e4\u00dfige Kontrollen wird der Fortschritt der Mitigation \u00fcberpr\u00fcft und bei Bedarf Anpassung vorgenommen. Mit einem klaren Kommunikationsplan erfolgt eine regelm\u00e4\u00dfige Berichterstattung \u00fcber den Projektfortschritt an alle Stakeholder.\u200b<\/p>\n\n\n\n<p class=\"has-blue-vibrant-color has-text-color has-link-color wp-elements-15f3b026278e41992047796ee4ac2f14\"><br><strong>Management-Pr\u00e4sentation mit den wichtigsten Risiken und empfohlenen Ma\u00dfnahmen zur H\u00e4rtung des SAP-Systems<\/strong><\/p>\n\n\n\n<p>In einer Management-Pr\u00e4sentation werden die Ergebnisse der automatisierten Schwachstellenidentifikation und die empfohlenen Ma\u00dfnahmen zur Optimierung der Sicherheit und Compliance des SAP-Systems vorgestellt. Der erarbeitete Projektplan zur Mitigation wird im Detail besprochen und gibt allen Stakeholdern einen klaren \u00dcberblick zu den fortf\u00fchrend geplanten Ma\u00dfnahmen.&nbsp;&nbsp;<\/p>\n\n\n\n<p class=\"has-blue-vibrant-color has-text-color has-link-color wp-elements-4eb769e97e8b9a78fb8d4046bf6acaf4\"><br><strong><a>Vorbereitung der Migration von ECC zu S\/4HANA mit SAP RISE<\/a> <\/strong><\/p>\n\n\n\n<p>SAP setzt mit Secure by Default bei S\/4HANA-Systemen einen neuen sichereren Standard. Bei S\/4HANA Updates oder Migrationen, bei denen das SU Toolset (Software Logistics Toolset) oder SUM (Software Update Manager) zum Einsatz kommt, werden neue Sicherheitseinstellungen automatisch gesetzt. Das automatische Setzen von Einstellungen kann erhebliche Auswirkungen haben. Daher ist es empfehlenswert, vor der Transformation eine Kompatibilit\u00e4tspr\u00fcfung durchzuf\u00fchren. Als Bestandteil unserer SAP Security Roadmap wird das SAP-System im Rahmen der automatisierten Analysen spezifisch auf die Abweichungen zu Secure by default untersucht und in den Projektplan zur Mitigation integriert. Dadurch lassen sich m\u00f6gliche Probleme bereits im Vorfeld vermeiden und somit wertvolle Zeit und Kosten in Ihrem Transformationsprojekt einsparen.<\/p>\n\n\n\n<p class=\"has-blue-vibrant-color has-text-color has-link-color wp-elements-4e1e8bb2908b318a377310713a9e9c12\"><br><strong>Spezifische Sicherheitsanforderungen f\u00fcr RISE with SAP<\/strong><\/p>\n\n\n\n<p>Die Migration zu SAP S\/4HANA \u00fcber SAP RISE ist weit mehr als ein technisches Upgrade \u2013 sie bedeutet eine vollst\u00e4ndige Transformation Ihrer SAP-Landschaft hin zu einem cloud-zentrierten, servicebasierten Modell. Diese Transformation bringt neue Sicherheitsanforderungen und ein Modell geteilter Verantwortlichkeiten (Shared Responsibility Model) zwischen Ihrer Organisation, SAP und Hyperscalern wie AWS, Azure oder GCP mit sich. SAP RISE reduziert den Infrastrukturaufwand \u2013 aber Ihre Sicherheitsverantwortung bleibt bestehen. Mit dem Shared Responsibility Model teilt SAP die Verantwortlichkeiten klar zu, so dass bspw. die komplette Applikation weiterhin in der Kundenverantwortung liegt. Der Kunde ist also verantwortlich f\u00fcr die Sicherheit der Daten, die in der Anwendung gespeichert sind und f\u00fcr die Implementierung von Sicherheitsma\u00dfnahmen, um sicherzustellen, dass nur autorisierte Benutzer auf die Daten zugreifen k\u00f6nnen.<br><br><\/p>\n\n\n\n<figure class=\"wp-block-image size-full\"><img decoding=\"async\" width=\"945\" height=\"401\" src=\"https:\/\/smartersec.com\/wp-content\/uploads\/2025\/04\/image-7.png\" alt=\"\" class=\"wp-image-4962\" srcset=\"https:\/\/smartersec.com\/wp-content\/uploads\/2025\/04\/image-7.png 945w, https:\/\/smartersec.com\/wp-content\/uploads\/2025\/04\/image-7-300x127.png 300w, https:\/\/smartersec.com\/wp-content\/uploads\/2025\/04\/image-7-768x326.png 768w\" sizes=\"(max-width: 945px) 100vw, 945px\" \/><figcaption class=\"wp-element-caption\"><strong>Abbildung 3: SAP Shared Responsibility f\u00fcr RISE\/GROW<\/strong><\/figcaption><\/figure>\n\n\n\n<p><br>SAP Enterprise Cloud Services (ECS) Kunden sind zudem verpflichtet spezifische Sicherheitsparameter und H\u00e4rtungsanforderungen f\u00fcr SAP HANA-Datenbanken einzuhalten. Die Sicherheitsparameter m\u00fcssen auf DATABASE-Ebene eingestellt werden. Daf\u00fcr analysieren wir Ihr SAP-System im Rahmen der automatisierten Analysen spezifisch auf die Einhaltung der von SAP festgelegten Sicherheitsparameter und H\u00e4rtungsanforderungen. Entsprechende Abweichungen werden in den Projektplan zur Mitigation integriert, um die spezifischen Sicherheitsanforderungen und -richtlinien von RISE with SAP zu erf\u00fcllen.<\/p>\n\n\n\n<h3 class=\"wp-block-heading has-blue-dark-color has-text-color has-link-color wp-elements-8737afde2904bd4d7bc2efef96d741fe\"><strong>DOKUMENTATION &amp; ERGEBNISSE<\/strong><\/h3>\n\n\n\n<p>Die folgenden Dokumentationen und Ergebnisse erhalten Sie aus unserem SAP Security Roadmap Projekt:<\/p>\n\n\n\n<ul class=\"wp-block-list\">\n<li>Einen <strong>umfassenden technischen Bericht<\/strong> der smarterSec Security Platform mit Problembeschreibungen, Business-Impact und Handlungsanweisungen zur Mitigation aller identifizierten Schwachstellen<\/li>\n\n\n\n<li>Einen <strong>zeitbasierten Projektplan zur Mitigation <\/strong>(Excel-Format) mit Arbeitspaketen, Meilensteinen und einem kundenspezifischen Zeitrahmen<\/li>\n\n\n\n<li>Eine <strong>Management-Pr\u00e4sentation<\/strong> (PowerPoint) mit den wichtigsten Risiken und empfohlenen Ma\u00dfnahmen<\/li>\n\n\n\n<li><strong>Optional<\/strong>: Unterst\u00fctzung bei der <strong>Behebung von Schwachstellen im SAP-System<\/strong> durch <strong>Hands-On<\/strong> Mitigation Sessions<\/li>\n<\/ul>\n\n\n\n<h3 class=\"wp-block-heading has-blue-dark-color has-text-color has-link-color wp-elements-9d87e5137bf490cf604daed946071ed9\"><strong>ZUSAMMENFASUNG UND VORTEILE AUF EINEN BLICK<\/strong><\/h3>\n\n\n\n<p>Unser SAP Security Roadmap Service bietet eine umfassende Bewertung des aktuellen Sicherheits- und Compliance-Niveaus Ihres SAP-Systems sowie einen klaren Ma\u00dfnahmenplan zur Mitigation von identifizierten Schwachstellen. <\/p>\n\n\n\n<p class=\"has-blue-vibrant-color has-text-color has-link-color has-large-font-size wp-elements-53dd50bcc0e91fa8743fdcab6a7d5e8c\"><strong>Vorteile unserer SAP Security Roadmap<\/strong><\/p>\n\n\n\n<ul class=\"wp-block-list\">\n<li><strong>Risiken<\/strong> im SAP-System <strong>sind transparent <\/strong>und in einen priorisierten <strong>Ma\u00dfnahmenplan zur Mitigation<\/strong> \u00fcberf\u00fchrt<\/li>\n\n\n\n<li><strong>Einhaltung <\/strong>von internen und externen <strong>Compliance-Anforderungen<\/strong><\/li>\n\n\n\n<li><strong>Secure by default Kompatibilit\u00e4t<\/strong> f\u00fcr die Migration von ECC zu S\/4HANA in RISE<\/li>\n\n\n\n<li>Erf\u00fcllung der spezifischen <strong>Sicherheitsanforderungen und -richtlinien von SAP RISE<\/strong><\/li>\n\n\n\n<li>Entwicklung einer <strong>gesamtheitlichen Sicherheitsstrategie <\/strong>f\u00fcr den SAP-Betrieb vor und nach der Migration sowie f\u00fcr eine Cloud-Governance<\/li>\n<\/ul>\n\n\n\n<p class=\"has-blue-dark-color has-text-color has-link-color wp-elements-474ba2434dd3cb1b04913383e534266b\"><br><strong>Verschaffen Sie sich Transparenz. Gewinnen Sie Kontrolle. Erreichen Sie Compliance.<\/strong><\/p>\n\n\n\n<p class=\"has-blue-vibrant-color has-text-color has-link-color wp-elements-e6764bcd3fed355759ba1ffe91a3d788\">Starten Sie noch heute Ihre SAP Security Roadmap mit smarterSec.<\/p>\n\n\n\n<div id=\"block__teaser\" class=\"block__teaser block__teaser--default block__teaser--has-bg-color\" style=\"background-color: #d5dfe8\">\n    <div class=\"block__teaser__wrapper\">\n        <div class=\"block__teaser__inner\">\n            \n            \n                            \n<div class=\"block__icon__wrapper block__icon__wrapper--center\" style=\"color: #0185b7\">\n    <?xml version=\"1.0\" encoding=\"utf-8\"?>\r\n<!-- Generator: Adobe Illustrator 17.1.0, SVG Export Plug-In . SVG Version: 6.00 Build 0)  -->\r\n<!DOCTYPE svg PUBLIC \"-\/\/W3C\/\/DTD SVG 1.1\/\/EN\" \"http:\/\/www.w3.org\/Graphics\/SVG\/1.1\/DTD\/svg11.dtd\">\r\n<svg version=\"1.1\" id=\"Layer_1\" xmlns=\"http:\/\/www.w3.org\/2000\/svg\" xmlns:xlink=\"http:\/\/www.w3.org\/1999\/xlink\" x=\"0px\" y=\"0px\"\r\n\t width=\"64px\" height=\"64px\" viewBox=\"0 0 64 64\" enable-background=\"new 0 0 64 64\" xml:space=\"preserve\">\r\n<g>\r\n\t<g>\r\n\t\t<path fill=\"none\" stroke=\"currentColor\" stroke-width=\"2\" stroke-linecap=\"round\" stroke-linejoin=\"round\" stroke-miterlimit=\"10\" d=\"\r\n\t\t\tM53.5,36.7c0,4.9-6.8,13.6-8.9,13.6c-2.4,0-8.9-8.7-8.9-13.6c0-4.9,4-8.9,8.9-8.9S53.5,31.8,53.5,36.7z\"\/>\r\n\t\t\r\n\t\t\t<circle fill=\"none\" stroke=\"currentColor\" stroke-width=\"2\" stroke-linecap=\"round\" stroke-linejoin=\"round\" stroke-miterlimit=\"10\" cx=\"44.6\" cy=\"37.3\" r=\"2.9\"\/>\r\n\t<\/g>\r\n\t<g>\r\n\t\t<path fill=\"none\" stroke=\"currentColor\" stroke-width=\"2\" stroke-linecap=\"round\" stroke-linejoin=\"round\" stroke-miterlimit=\"10\" d=\"\r\n\t\t\tM22.2,19.2c0,3.2-4.5,8.9-5.8,8.9c-1.6,0-5.8-5.7-5.8-8.9s2.6-5.8,5.8-5.8C19.5,13.4,22.2,16,22.2,19.2z\"\/>\r\n\t\t\r\n\t\t\t<circle fill=\"none\" stroke=\"currentColor\" stroke-width=\"2\" stroke-linecap=\"round\" stroke-linejoin=\"round\" stroke-miterlimit=\"10\" cx=\"16.3\" cy=\"19.6\" r=\"1.9\"\/>\r\n\t<\/g>\r\n\t<path fill=\"none\" stroke=\"currentColor\" stroke-width=\"2\" stroke-linecap=\"round\" stroke-linejoin=\"round\" stroke-miterlimit=\"10\" d=\"\r\n\t\tM44.6,50.6H18.4c-3.9-0.1-7-2.6-6.9-5.7l0,0c0-3.1,3.2-5.6,7.1-5.5l7.7,0.1c3.9,0.1,7-2.4,7.1-5.5l0,0c0-3.1-3-5.7-6.9-5.7l-9.7,0\"\r\n\t\t\/>\r\n<\/g>\r\n<\/svg>\r\n<\/div>            \n            <div class=\"block__teaser__content\">\n                                    \n\n<p class=\"has-text-align-center has-blue-dark-color has-text-color\"><strong><strong>Kontaktieren Sie uns und lassen Sie uns gemeinsam eine sichere Zukunft f\u00fcr Ihre SAP-Systeme aufbauen!<\/strong><\/strong><\/p>\n\n                            <\/div>\n\n                            <div class=\"block__teaser__link\">\n                    <a href=\"https:\/\/smartersec.com\/de\/kontakt\/\" target=\"\">\n                                                    Kontakt                                            <\/a>\n                <\/div>\n                    \n        <\/div>\n    <\/div>\n<\/div>\n\n\n<p class=\"has-blue-dark-color has-text-color\"><strong>Verwandte Themen:<\/strong> <a href=\"https:\/\/smartersec.com\/de\/sap-security-risk-assessment\/\" title=\"SAP Security Risk Assessment\">SAP Security Risk Assessment<\/a> \/\/ <a href=\"https:\/\/smartersec.com\/de\/sap-dsgvo-assessment\/\" title=\"SAP DSGVO Assessment\">SAP DSGVO Assessment<\/a><\/p>\n\n\n\n<div id=\"kontakt\" class=\"wp-block-group has-blue-light-background-color has-background\"><div class=\"wp-block-group__inner-container is-layout-flow wp-block-group-is-layout-flow\">\n<h2 class=\"wp-block-heading\">Kontakt<\/h2>\n\n\n\n<div class=\"wp-block-columns is-layout-flex wp-container-core-columns-is-layout-9d6595d7 wp-block-columns-is-layout-flex\">\n<div class=\"wp-block-column is-layout-flow wp-block-column-is-layout-flow\">\n<p><strong>smarterSec GmbH<\/strong><br>Managed Security Service Provider f\u00fcr SAP\u00ae<br><br>Albert-Nestler-Str. 21, 76131 Karlsruhe<br>Deutschland<br><br><a href=\"tel:00497211608000\">+49 (0) 721 160 800-0<\/a><br><a href=\"mailto:info@smartersec.com\">info@smartersec.com<\/a><br><\/p>\n<\/div>\n\n\n\n<div class=\"wp-block-column is-layout-flow wp-block-column-is-layout-flow\">\n<p><strong>Folgen Sie uns auf Social Media<\/strong><\/p>\n\n\n<div id=\"social-media-pagesblock_dce48c9211486a3cec117e1fc544077b\" class=\"block__social-media-pages -detect-in-viewport\">\n\n    <div class=\"block__social-media-pages__wrapper\">\n\n                    <a href=\"https:\/\/www.linkedin.com\/company\/smartersec-gmbh\" target=\"_blank\" rel=\"noopener noreferrer\" title=\"LinkedIn\">\n                                <?xml version=\"1.0\" encoding=\"UTF-8\"?> <svg xmlns=\"http:\/\/www.w3.org\/2000\/svg\" aria-hidden=\"true\" data-prefix=\"fab\" data-icon=\"linkedin-in\" class=\"svg-inline--fa fa-linkedin-in fa-w-14\" role=\"img\" viewBox=\"0 0 448 512\"><path fill=\"currentColor\" d=\"M100.28 448H7.4V148.9h92.88zM53.79 108.1C24.09 108.1 0 83.5 0 53.8a53.79 53.79 0 0 1 107.58 0c0 29.7-24.1 54.3-53.79 54.3zM447.9 448h-92.68V302.4c0-34.7-.7-79.2-48.29-79.2-48.29 0-55.69 37.7-55.69 76.7V448h-92.78V148.9h89.08v40.8h1.3c12.4-23.5 42.69-48.3 87.88-48.3 94 0 111.28 61.9 111.28 142.3V448z\"><\/path><\/svg>             <\/a>\n                    <a href=\"https:\/\/www.xing.com\/pages\/smartersec-gmbh\" target=\"_blank\" rel=\"noopener noreferrer\" title=\"Xing\">\n                                <?xml version=\"1.0\" encoding=\"UTF-8\"?> <svg xmlns=\"http:\/\/www.w3.org\/2000\/svg\" aria-hidden=\"true\" data-prefix=\"fab\" data-icon=\"xing\" class=\"svg-inline--fa fa-xing fa-w-12\" role=\"img\" viewBox=\"0 0 384 512\"><path fill=\"currentColor\" d=\"M162.7 210c-1.8 3.3-25.2 44.4-70.1 123.5-4.9 8.3-10.8 12.5-17.7 12.5H9.8c-7.7 0-12.1-7.5-8.5-14.4l69-121.3c.2 0 .2-.1 0-.3l-43.9-75.6c-4.3-7.8.3-14.1 8.5-14.1H100c7.3 0 13.3 4.1 18 12.2l44.7 77.5zM382.6 46.1l-144 253v.3L330.2 466c3.9 7.1.2 14.1-8.5 14.1h-65.2c-7.6 0-13.6-4-18-12.2l-92.4-168.5c3.3-5.8 51.5-90.8 144.8-255.2 4.6-8.1 10.4-12.2 17.5-12.2h65.7c8 0 12.3 6.7 8.5 14.1z\"><\/path><\/svg>             <\/a>\n                    <a href=\"https:\/\/www.instagram.com\/smartersec_gmbh\/\" target=\"_blank\" rel=\"noopener noreferrer\" title=\"Instagram\">\n                                <?xml version=\"1.0\" encoding=\"UTF-8\"?> <svg xmlns=\"http:\/\/www.w3.org\/2000\/svg\" aria-hidden=\"true\" data-prefix=\"fab\" data-icon=\"instagram\" class=\"svg-inline--fa fa-instagram fa-w-14\" role=\"img\" viewBox=\"0 0 448 512\"><path fill=\"currentColor\" d=\"M224.1 141c-63.6 0-114.9 51.3-114.9 114.9s51.3 114.9 114.9 114.9S339 319.5 339 255.9 287.7 141 224.1 141zm0 189.6c-41.1 0-74.7-33.5-74.7-74.7s33.5-74.7 74.7-74.7 74.7 33.5 74.7 74.7-33.6 74.7-74.7 74.7zm146.4-194.3c0 14.9-12 26.8-26.8 26.8-14.9 0-26.8-12-26.8-26.8s12-26.8 26.8-26.8 26.8 12 26.8 26.8zm76.1 27.2c-1.7-35.9-9.9-67.7-36.2-93.9-26.2-26.2-58-34.4-93.9-36.2-37-2.1-147.9-2.1-184.9 0-35.8 1.7-67.6 9.9-93.9 36.1s-34.4 58-36.2 93.9c-2.1 37-2.1 147.9 0 184.9 1.7 35.9 9.9 67.7 36.2 93.9s58 34.4 93.9 36.2c37 2.1 147.9 2.1 184.9 0 35.9-1.7 67.7-9.9 93.9-36.2 26.2-26.2 34.4-58 36.2-93.9 2.1-37 2.1-147.8 0-184.8zM398.8 388c-7.8 19.6-22.9 34.7-42.6 42.6-29.5 11.7-99.5 9-132.1 9s-102.7 2.6-132.1-9c-19.6-7.8-34.7-22.9-42.6-42.6-11.7-29.5-9-99.5-9-132.1s-2.6-102.7 9-132.1c7.8-19.6 22.9-34.7 42.6-42.6 29.5-11.7 99.5-9 132.1-9s102.7-2.6 132.1 9c19.6 7.8 34.7 22.9 42.6 42.6 11.7 29.5 9 99.5 9 132.1s2.7 102.7-9 132.1z\"><\/path><\/svg>             <\/a>\n                    <a href=\"http:\/\/www.youtube.com\/@smartersec\" target=\"_blank\" rel=\"noopener noreferrer\" title=\"YouTube\">\n                                <?xml version=\"1.0\" encoding=\"UTF-8\"?> <svg xmlns=\"http:\/\/www.w3.org\/2000\/svg\" aria-hidden=\"true\" data-prefix=\"fab\" data-icon=\"youtube\" class=\"svg-inline--fa fa-youtube fa-w-18\" role=\"img\" viewBox=\"0 0 576 512\"><path fill=\"currentColor\" d=\"M549.655 124.083c-6.281-23.65-24.787-42.276-48.284-48.597C458.781 64 288 64 288 64S117.22 64 74.629 75.486c-23.497 6.322-42.003 24.947-48.284 48.597-11.412 42.867-11.412 132.305-11.412 132.305s0 89.438 11.412 132.305c6.281 23.65 24.787 41.5 48.284 47.821C117.22 448 288 448 288 448s170.78 0 213.371-11.486c23.497-6.321 42.003-24.171 48.284-47.821 11.412-42.867 11.412-132.305 11.412-132.305s0-89.438-11.412-132.305zm-317.51 213.508V175.185l142.739 81.205-142.739 81.201z\"><\/path><\/svg>             <\/a>\n        \n    <\/div>\n\n<\/div>\n\n\n<h2 class=\"wp-block-heading\"><\/h2>\n<\/div>\n<\/div>\n<\/div><\/div>\n","protected":false},"excerpt":{"rendered":"<p>ZWECK UND STRATEGISCHER NUTZEN Eine technisch fundierte SAP Security Roadmap ist essenziell, um Schwachstellen systematisch zu identifizieren, zu priorisieren und zu beheben. Unternehmen k\u00f6nnen damit ihre SAP-Systemlandschaft kontinuierlich h\u00e4rten und gleichzeitig strategische Initiativen wie die S\/4HANA-Transformation und den Umstieg auf SAP RISE sicher gestalten. Eine gut strukturierte SAP Security Roadmap gibt Ihnen eine klare Vorstellung [&hellip;]<\/p>\n","protected":false},"author":3,"featured_media":0,"parent":0,"menu_order":0,"comment_status":"closed","ping_status":"closed","template":"","meta":{"footnotes":""},"class_list":["post-1231","page","type-page","status-publish","hentry"],"aioseo_notices":[],"acf":[],"_links":{"self":[{"href":"https:\/\/smartersec.com\/de\/wp-json\/wp\/v2\/pages\/1231","targetHints":{"allow":["GET"]}}],"collection":[{"href":"https:\/\/smartersec.com\/de\/wp-json\/wp\/v2\/pages"}],"about":[{"href":"https:\/\/smartersec.com\/de\/wp-json\/wp\/v2\/types\/page"}],"author":[{"embeddable":true,"href":"https:\/\/smartersec.com\/de\/wp-json\/wp\/v2\/users\/3"}],"replies":[{"embeddable":true,"href":"https:\/\/smartersec.com\/de\/wp-json\/wp\/v2\/comments?post=1231"}],"version-history":[{"count":9,"href":"https:\/\/smartersec.com\/de\/wp-json\/wp\/v2\/pages\/1231\/revisions"}],"predecessor-version":[{"id":4966,"href":"https:\/\/smartersec.com\/de\/wp-json\/wp\/v2\/pages\/1231\/revisions\/4966"}],"wp:attachment":[{"href":"https:\/\/smartersec.com\/de\/wp-json\/wp\/v2\/media?parent=1231"}],"curies":[{"name":"wp","href":"https:\/\/api.w.org\/{rel}","templated":true}]}}